{"id":109,"date":"2016-08-02T18:13:43","date_gmt":"2016-08-02T18:13:43","guid":{"rendered":"http:\/\/www.percevalgraells.com\/?page_id=109"},"modified":"2025-11-17T13:30:00","modified_gmt":"2025-11-17T13:30:00","slug":"obra","status":"publish","type":"page","link":"https:\/\/www.percevalgraells.com\/ca\/obra\/","title":{"rendered":"Obra"},"content":{"rendered":"<p style=\"text-align: justify;\"><div class=\"row \"><\/p>\n<div class=\"col-lg-4 col-md-12 col-xs-12 col-sm-12\"><\/p>\n<p><a href=\"https:\/\/www.percevalgraells.com\/camins-per-cosir\/\">Camins per cosir<\/a><br \/>\n2022<\/p>\n<p><a href=\"http:\/\/www.percevalgraells.com\/ferides-de-lanima\/\">Ferides de l&#8217;\u00e0nima<\/a><br \/>\n2021-2023<br \/>\n<a href=\"http:\/\/www.percevalgraells.com\/filant-prim\/\"><br \/>\nFilant prim<\/a><br \/>\n2020<\/p>\n<p><a href=\"http:\/\/www.percevalgraells.com\/silencis\/\">Silencis<\/a><br \/>\n2019<\/p>\n<p><a href=\"http:\/\/www.percevalgraells.com\/365-2\/\">365 Degrees<\/a><br \/>\n2018<\/p>\n<p><a href=\"http:\/\/www.percevalgraells.com\/notas-y-vivencias\/\">Notas y vivencias<\/a><br \/>\n2018<\/p>\n<p><a href=\"http:\/\/www.percevalgraells.com\/glopets-de-mar\/\">Glopets de mar<\/a><br \/>\n2017 &#8211; 2019<\/p>\n<p><a href=\"http:\/\/www.percevalgraells.com\/untol-tales\/\">Untold tales<\/a><br \/>\n2016<\/p>\n<p><a href=\"http:\/\/www.percevalgraells.com\/index.php\/obra\/tracant-memories\/\">Tra\u00e7ant mem\u00f2ries<\/a><br \/>\n2016<\/p>\n<p><a href=\"http:\/\/www.percevalgraells.com\/index.php\/obra\/rayuela\/\">Rayuela<\/a><br \/>\n2015<\/p>\n<p><a href=\"http:\/\/www.percevalgraells.com\/index.php\/moments\/\">Moments<\/a><br \/>\n2015<\/p>\n<p><a href=\"http:\/\/www.percevalgraells.com\/index.php\/obra\/lutetia\/\">Lutetia<\/a><br \/>\n2014<\/p>\n<p><a href=\"http:\/\/www.percevalgraells.com\/index.php\/obra\/deconstruccion\/\">Deconstrucci\u00f3n<\/a><br \/>\n2013<\/p>\n<p><a href=\"http:\/\/www.percevalgraells.com\/index.php\/obra\/un-momento-un-lugar\/\">Un momento. Un lugar<\/a><br \/>\n2012<\/p>\n<p><a href=\"http:\/\/www.percevalgraells.com\/index.php\/obra\/kilometros-de-color\/\">Kil\u00f3metros de color<\/a><br \/>\n2011 &#8211; 2012<\/p>\n<p><a href=\"http:\/\/www.percevalgraells.com\/index.php\/obra\/instantes-en-un-espacio\/\">Instantes en un espacio<\/a><br \/>\n2009 &#8211; 2011<\/p>\n<p><a href=\"http:\/\/www.percevalgraells.com\/index.php\/obra\/huellas-en-el-tiempo\/\">Huellas en el tiempo<\/a><br \/>\n2008<\/p>\n<p><a href=\"http:\/\/www.percevalgraells.com\/index.php\/obra\/un-gesto-en-el-silencio\/\">Un gesto en el silencio<\/a><br \/>\n2007<\/p>\n<p><a href=\"http:\/\/www.percevalgraells.com\/index.php\/obra\/mirando-al-cielo\/\">Mirando al cielo<\/a><br \/>\n2006<\/p>\n<p>Figurativos<\/p>\n<p><\/div>\n<p style=\"text-align: justify;\"><div class=\"col-lg-8 col-md-12 col-xs-12 col-sm-12\"><\/p>\n<p style=\"text-align: justify;\">Instants de somnis, dolor, alegria&#8230;tots ells sempre en el mateix espai: un suport i el meu taller. A manera de diari ixen a la superf\u00edcie a trav\u00e9s del color i les formes tots eixos sentiments interiors per a poder ser observats mitjan\u00e7ant la mirada.<\/p>\n<p style=\"text-align: justify;\">Pintar \u00e9s una necessitat, va lligat a la vida de cada artista i \u00e9s un continu di\u00e0leg estre l\u2019obra i el pintor. El llen\u00e7 \u00e9s el diari de l\u2019artista, on conta o expressa les seues emocions i sentiments, on pot arribar a traslladar qualsevol idea per abstracta que siga, com un so o un poema, sense necessitat de tindre un referent d\u2019una imatge real. Aquest llenguatge de la pintura abstracta no pret\u00e9n ser bell ni decoratiu, vol anar m\u00e9s enll\u00e0 del descriptiu i l\u2019obvi, pret\u00e9n arribar a l\u2019interior de les coses, pret\u00e9n ser el l\u00e8xic d\u2019un llenguatge nou. Ha de ser capa\u00e7 de transmetre sensacions i d\u2019emocionar, de ser un tot que unisca la vida i l\u2019art.<\/p>\n<p style=\"text-align: justify;\">L\u2019\u00fas del gest que m\u2019interessa \u00e9s el qual est\u00e0 vinculat a l\u2019abstracci\u00f3, a l\u2019automatisme i, m\u00e9s concretament, a l\u2019expressionisme abstracte. Tracte d\u2019emocionar a l\u2019espectador a trav\u00e9s de l\u2019expressi\u00f3 del gest i el color. No intente descriure el que veig sin\u00f3 expressar el que veig i com em sent a trav\u00e9s d\u2019aquestes observacions. Assumisc, aix\u00ed, les claus d\u2019un llenguatge no descriptiu en el qual entren en joc les nostres percepcions i emocions i mitjan\u00e7ant el qual tracte de cercar equivalents visuals per a coses intangibles i personals, emocions, sensacions i pensaments. \u00c9s, a trav\u00e9s d\u2019aquesta pintura gestual, on la meus vida interior ix a l\u2019exterior, i com a resultat, expresse la meua visi\u00f3 personal del m\u00f3n.<\/p>\n<p style=\"text-align: justify;\"><\/div><\/p>\n<p><\/div><\/p>\n<p style=\"text-align: justify;\">&nbsp;<\/p>\n","protected":false},"excerpt":{"rendered":"<p>&nbsp;<\/p>\n","protected":false},"author":1,"featured_media":0,"parent":0,"menu_order":0,"comment_status":"closed","ping_status":"closed","template":"","meta":{"_genesis_hide_title":false,"_genesis_hide_breadcrumbs":false,"_genesis_hide_singular_image":false,"_genesis_hide_footer_widgets":false,"_genesis_custom_body_class":"","_genesis_custom_post_class":"","_genesis_layout":"","ngg_post_thumbnail":0,"footnotes":""},"class_list":{"0":"post-109","1":"page","2":"type-page","3":"status-publish","5":"entry"},"_links":{"self":[{"href":"https:\/\/www.percevalgraells.com\/ca\/wp-json\/wp\/v2\/pages\/109","targetHints":{"allow":["GET"]}}],"collection":[{"href":"https:\/\/www.percevalgraells.com\/ca\/wp-json\/wp\/v2\/pages"}],"about":[{"href":"https:\/\/www.percevalgraells.com\/ca\/wp-json\/wp\/v2\/types\/page"}],"author":[{"embeddable":true,"href":"https:\/\/www.percevalgraells.com\/ca\/wp-json\/wp\/v2\/users\/1"}],"replies":[{"embeddable":true,"href":"https:\/\/www.percevalgraells.com\/ca\/wp-json\/wp\/v2\/comments?post=109"}],"version-history":[{"count":60,"href":"https:\/\/www.percevalgraells.com\/ca\/wp-json\/wp\/v2\/pages\/109\/revisions"}],"predecessor-version":[{"id":4768,"href":"https:\/\/www.percevalgraells.com\/ca\/wp-json\/wp\/v2\/pages\/109\/revisions\/4768"}],"wp:attachment":[{"href":"https:\/\/www.percevalgraells.com\/ca\/wp-json\/wp\/v2\/media?parent=109"}],"curies":[{"name":"wp","href":"https:\/\/api.w.org\/{rel}","templated":true}]}}