{"id":16,"date":"2016-08-02T07:22:00","date_gmt":"2016-08-02T07:22:00","guid":{"rendered":"http:\/\/www.percevalgraells.com\/?page_id=16"},"modified":"2025-11-14T18:21:40","modified_gmt":"2025-11-14T18:21:40","slug":"biografia","status":"publish","type":"page","link":"https:\/\/www.percevalgraells.com\/ca\/biografia\/","title":{"rendered":"Biografia"},"content":{"rendered":"<h1 style=\"text-align: justify;\">Perceval Graells<\/h1>\n<p style=\"text-align: justify;\">Elx, 1983.<\/p>\n<p><strong>Formaci\u00f3<\/strong><\/p>\n<p style=\"text-align: justify;\"><strong>2020 &#8211;&nbsp;<\/strong>Resid\u00e8ncia art\u00edstica LIA,&nbsp;Leipzig&nbsp;(Alemanya).<strong><br \/>\n2016 &#8211; <\/strong><em>Intensified Abstraction<\/em>&nbsp;i&nbsp;<em>Painting Studio<\/em>, The Southwest School of Art, TX (USA).<strong><br \/>\n2011 &#8211;&nbsp;<\/strong>Jornades formatives&nbsp;<em>Gesti\u00f3 cultural<\/em>, Galeria d&#8217;art Plano B i la UA, Alacant.<br \/>\n<strong>2009 &#8211;&nbsp;<\/strong>Curs&nbsp;<em>Disseny i muntatge d&#8217;exposicions art\u00edstiques<\/em>, Institut de Cultura Juan Gil-Albert, Alacant.<br \/>\n<strong>2008 &#8211;&nbsp;<\/strong>Resid\u00e8ncia&nbsp;art\u00edstica&nbsp;<em>Culturia<\/em>,&nbsp;Berl\u00edn (Alemanya).<br \/>\n<strong>2007 &#8211;&nbsp;<\/strong>Master en Producci\u00f3 Art\u00edstica a la Facultat de Belles Arts, Universitat Polit\u00e8cnica de Val\u00e8ncia.<br \/>\n<strong>2006 &#8211;&nbsp;<\/strong>Llicenciada en Belles Arts, Universitat de Barcelona.<br \/>\n<strong>2005 &#8211;&nbsp;<\/strong>Estudis Universitaris de Belles Arts,&nbsp;Accademia di Belle Arti di Brera,&nbsp;Mil\u00e0 (It\u00e0lia).<br \/>\n<strong>2002 &#8211;&nbsp;<\/strong>Estudis Universitaris de Belles Arts, Universitat de Barcelona.<br \/>\n<strong>2002 &#8211;&nbsp;<\/strong>Batxillerat art\u00edstic, IES Platja Sant Joan, Alacant.<br \/>\n<strong>2001 &#8211;&nbsp;<\/strong>Graduada a&nbsp;East Aurora High School, Nova York (USA).<\/p>\n<p style=\"text-align: justify;\"><strong>Exposicions individuals<\/strong><\/p>\n<p style=\"text-align: justify;\"><strong>2025 &#8211; <\/strong><em>La remor de la mar, <\/em>Museu del Mar de Santa Pola, Alacant.<strong><em><br \/>\n<\/em>2025 &#8211; <\/strong><em>Filant hist\u00f2ries, <\/em>Sala Coll Alas, Gandia, Val\u00e8ncia. *<strong><em><br \/>\n<\/em>2024 &#8211; <\/strong><em>Ferides de sal<\/em>, Villa Elisa, Benic\u00e0ssim, Castell\u00f3. *<strong><br \/>\n2024 &#8211; <\/strong><em>Traces<\/em>, Quo, Alacant.<strong><br \/>\n2024 &#8211; <\/strong><em>La remor de la mar<\/em>, Museu d&#8217;Aig\u00fces d&#8217;Alicant.<strong><br \/>\n2022&nbsp;&#8211;<\/strong>&nbsp;<em>Spinning stories<\/em>, B.ART, Alacant.<br \/>\n<strong>2021 &#8211; <\/strong><em>Ferides de l&#8217;\u00e0nima<\/em>, Galeria Alba Cabrera, Val\u00e8ncia.<br \/>\n<strong>2021 &#8211;&nbsp;<\/strong><em>Al fil de la mem\u00f2ria<\/em>, Fundaci\u00f3n Mutua Levante, Alcoi.*<br \/>\n<strong>2020 &#8211;&nbsp;<\/strong><em>Timing<\/em>, Institut Alacant\u00ed de Cultura Juan Gil-Albert, Alacant.*<br \/>\n<strong>2018 &#8211; <\/strong><em>Notas y vivencias<\/em>, Ateneo, Alacant.*<br \/>\n<strong>2017 &#8211;&nbsp;<\/strong><em>Tra\u00e7ant mem\u00f2ries<\/em>, Galeria Asombro, Cocentaina, Alacant.<br \/>\n<strong>2016 &#8211;&nbsp;<\/strong><em>Colors de l\u2019\u00e0nima<\/em>, Casa de Cultura, Alcoi, Alacant. *<br \/>\n<strong>2016 &#8211;&nbsp;<\/strong><em>Tra\u00e7ant mem\u00f2ries<\/em>, Fundaci\u00f3 CAM, Val\u00e8ncia. *<br \/>\n<strong>2015 &#8211;&nbsp;<\/strong><em>Moments<\/em>, Fundaci\u00f3 Frax, L\u2019Alf\u00e0s del Pi, Alacant.<br \/>\n<strong>2015 &#8211;&nbsp;<\/strong><em>Moments<\/em>, La Nacional, Nova York (USA).<br \/>\n<strong>2015 &#8211;&nbsp;<\/strong><em>Lutetia<\/em>, Casa de Cultura, Crevillent, Alacant. *<br \/>\n<strong>2012 &#8211;&nbsp;<\/strong><em>Arte Ultimo. 21 d\u00edas<\/em>, La Llotja, Alacant.&nbsp;*<br \/>\n<strong>2011 &#8211;&nbsp;<\/strong>El Portal, Alacant.<br \/>\n<strong>2009 &#8211;&nbsp;<\/strong><em>Set de llibertat<\/em>,&nbsp;Universitat d&#8217;Alacant.<br \/>\n<strong>2009 &#8211;&nbsp;<\/strong><em>Huellas en el tiempo<\/em>, Casa de Cultura, L\u2019Alf\u00e0s del Pi, Alacant.<br \/>\n<strong>2008 &#8211;&nbsp;<\/strong><em>Huellas en el tiempo<\/em>,&nbsp;Galeria Juno, Berl\u00edn (Alemanya).<br \/>\n<strong>2008 &#8211;&nbsp;<\/strong><em>Un gesto en el silencio<\/em>,&nbsp;Galeria Casar, Alacant.&nbsp;*<br \/>\n<strong>2006 &#8211;&nbsp;<\/strong><em>Mirando al cielo<\/em>,&nbsp;Centre Municipal de les Arts, Alacant.<br \/>\n<strong>2004 &#8211;&nbsp;<\/strong><em>Sue\u00f1os en el Mediterr\u00e1neo<\/em>,&nbsp;Casa de Cultura,&nbsp;Finestrat, Alacant.<br \/>\n<strong>2003 &#8211;&nbsp;<\/strong><em>Junto al Mediterr\u00e1neo<\/em>,&nbsp;Casa de Cultura, Tarazona de la Mancha, Albacete.<\/p>\n<p style=\"text-align: justify;\"><strong>Exposicions&nbsp;col\u00b7lectives<\/strong><\/p>\n<p style=\"text-align: justify;\"><strong>2024 &#8211; <\/strong><em>Art en femen\u00ed<\/em>, Alcoi, Alacant. *<strong><br \/>\n2024 &#8211; <\/strong><em>Quasi 80, <\/em>El Taller T\u00faria, D\u00e9nia.<strong><span style=\"font-size: revert; color: initial; font-family: -apple-system, BlinkMacSystemFont, 'Segoe UI', Roboto, Oxygen-Sans, Ubuntu, Cantarell, 'Helvetica Neue', sans-serif;\"><br \/>\n<\/span>2023&nbsp;&#8211; <\/strong><em>Abstraccions<\/em>, Casa de cultura, Pedreguer.<strong><br \/>\n2023&nbsp;&#8211; <\/strong><em>Nosotros somos vosotros<\/em>, Ercilla 13, Alacant.<strong><br \/>\n2023<\/strong>&nbsp;<strong>&#8211;&nbsp;<\/strong><em>Cicles<\/em>, Centre C\u00edvic Pere Pruna, Barcelona.<br \/>\n<strong>2022 &#8211; <\/strong><em>Art Contemporani de la Generalitat Valenciana, <\/em>CCCC, Val\u00e8ncia.<br \/>\n<strong>2022 &#8211;&nbsp;<\/strong><em>XL Certamen Pintura Vila de Benissa<\/em>, Alacant.*<br \/>\n<strong>2021 &#8211;&nbsp;<\/strong><em>Vinticinc vacances<\/em>, MUA, Alacant. *<br \/>\n<em><strong>2021 &#8211;<\/strong> Summer colors<\/em>, Galeria Cuatro, Val\u00e8ncia.<br \/>\n<em><strong>2021 &#8211;<\/strong> Pintura &#038; Poesia<\/em>, Llotja de Sant Jordi, Alcoi, Alacant. *<br \/>\n<em><strong>2021 &#8211;&nbsp;<\/strong>Ellas<\/em>, Galeria Cuatro, Val\u00e8ncia. *<br \/>\n<strong>2020 &#8211;&nbsp;<\/strong><i>Vinticinc vacances,<\/i>&nbsp;Centre d&#8217;Art l&#8217;Estaci\u00f3, D\u00e9nia, Alacant.<br \/>\n<strong>2020 &#8211;&nbsp;<\/strong><em>Pintors d&#8217;Elx 150 anys<\/em>, Fundaci\u00f3 Mediterrani, Elx.*<br \/>\n<strong>2020 &#8211;&nbsp;<\/strong><em>XXVI Premi de Pintura Ciutat d&#8217;Algemes\u00ed<\/em><i>,<\/i>&nbsp;Sala de Arte Casino Liberal, Algemes\u00ed, Val\u00e8ncia*<br \/>\n<strong>2020 &#8211;&nbsp;<\/strong><em>EAC-&nbsp;Trobades d&#8217;Art Contemporani<\/em><i>,<\/i>&nbsp;MUA, Alacant.*<br \/>\n<strong>2020 &#8211;<\/strong>&nbsp;<em>Al hilo del arte<\/em><i>,<\/i>&nbsp;Volta_, Alacant.<br \/>\n<strong>2020 &#8211;&nbsp;<\/strong><i>Vinticinc vacances,<\/i>&nbsp;Sala Coll Alas, Gandia, Val\u00e8ncia.<br \/>\n<strong>2020 &#8211;&nbsp;<\/strong><em>Colectiva de verano<\/em><i>,<\/i>&nbsp;Galeria B.Art, Alacant.<br \/>\n<strong>2020<\/strong>&nbsp;&#8211;&nbsp;<em>Alpha &#038; Omega<\/em><i>,<\/i>&nbsp;Spinnerei Archiv Massiv, Leipzig, (Alemanya).<br \/>\n<strong>2020 &#8211;&nbsp;<\/strong><i>Vinticinc vacances,<\/i>&nbsp;Llotja de Sant Jordi, Alcoi, Alacant.*<br \/>\n<strong>2020 &#8211;&nbsp;<\/strong><i>Les finestres indiscretes<\/i>, Espai Mindoro, Castell\u00f3.<br \/>\n<strong>2019 &#8211;&nbsp;<\/strong><em>The power of rhythm<\/em>,&nbsp;Galeria Art Casa Azul, Aig\u00fces, Alacant.<br \/>\n<strong>2019 &#8211;&nbsp;<\/strong><em>Vida entre silenci II<\/em>, IVAM-CADA-Alcoi, Alacant.<br \/>\n<strong>2019 &#8211;&nbsp;<\/strong><em>Bienal Art Nostre<\/em>, Alcoi i el Comptat, Alacant.&nbsp;*<br \/>\n<strong>2019 &#8211;&nbsp;<\/strong><em>Naturalezas muertas<\/em>, Museu Municipal, Albacete. *<br \/>\n<strong>2019 &#8211;&nbsp;<\/strong><em>Sal\u00f3n Internacional Solo Pinturas IV<\/em>, Pinacoteca Universitat de Caldas (Colombia).<br \/>\n<strong>2019 &#8211;&nbsp;<\/strong><em>Visibles<\/em>, Sala La Capella, Alcoi, Alacant. *<br \/>\n<strong>2018 &#8211;<\/strong> <em>XXXVI Certamen Pintura Vila de Benissa<\/em>, Centre d&#8217;Art&nbsp;Taller d&#8217;Ivars, Benissa, Alacant. *<br \/>\n<strong>2018 &#8211;<\/strong> <em>Memorobilia DONA Alacant ART<\/em>, Sala Mengolero, Rojales, Alacant.<br \/>\n<strong>2018 &#8211;&nbsp;<\/strong><em>Luces en la sombra.&nbsp;Josefina Manresa y las olvidadas<\/em>,&nbsp;Casa de Cultura, Sant Joan, Alacant.&nbsp;<em>*<\/em><br \/>\n<strong>2018 &#8211;&nbsp;<\/strong><em>75 x 75&nbsp;Miguel Hern\u00e1ndez<\/em>, Llotja de Sant Jordi, Alcoi, Alacant.&nbsp;<em>*<\/em><br \/>\n<strong>2017 &#8211;&nbsp;<\/strong><em>Homenaje a Miguel Hern\u00e1ndez. 75 Aniversari, CUB, Alacant. *<\/em><br \/>\n<strong>2017 &#8211;&nbsp;<\/strong><em>Luces en la sombra<\/em>, Antiga Capella de l&#8217;Ordre Tercera, Elx, Alacant. *<br \/>\n<strong>2017 &#8211;&nbsp;<\/strong><em>Paisatge, configurador d&#8217;espais,<\/em>&nbsp;Museu Municipal, J\u00e9rica, Castell\u00f3.<strong><br \/>\n<strong>2017 &#8211;&nbsp;<\/strong><\/strong><em>Homenaje a Miguel Hern\u00e1ndez. 75 Aniversari, Mucbe, Benicarl\u00f3, Castell\u00f3. *<br \/>\n<\/em><strong>2017&nbsp;&#8211;<\/strong> <em>XXXV Certamen Pintura Vila de Benissa<\/em>, Centre d&#8217;Art&nbsp;Taller d&#8217;Ivars, Benissa, Alacant. *<strong><br \/>\n<strong>2017&nbsp;&#8211;<\/strong> <\/strong><em>Artistas en vitrina<\/em>, Carrer del teatre, Alacant.<br \/>\n<strong>2017&nbsp;&#8211;<\/strong> <em>Luces en la sombra<\/em>, Sala Museu San Juan de Dios, Oriola. *<br \/>\n<strong>2017 &#8211;&nbsp;<\/strong><em>Homenatge a Miguel Hern\u00e1ndez. 75 Aniversari<\/em>, La Lonja, Alacant. *<br \/>\n<strong>2016 &#8211;&nbsp;<\/strong><em>XX Premio de Pintura &#8220;Pastor Calpena&#8221;<\/em>, Teatre Wagner, Asp, Alacant.<br \/>\n<strong>2016 &#8211;&nbsp;<\/strong><em>Certamen Nacional de Pintura XILX Vila de Sant Joan<\/em>, Casa de Cultura, Alacant.<br \/>\n<strong>2016 &#8211;&nbsp;<\/strong><em>II Encuentro Internacional de Arte Mediterr\u00e1neo<\/em>, La Llotja, Alacant.<br \/>\n<strong>2016 &#8211;&nbsp;<\/strong><em>Secret Garden<\/em>, Casa del cable, X\u00e0bia, Alacant. *<br \/>\n<strong>2016 &#8211;&nbsp;<\/strong><em>I Encuentro Mediterr\u00e1neo de arte<\/em>, Es Polvor\u00ed, Eivissa.<br \/>\n<strong>2015 &#8211;&nbsp;<\/strong><em>El Juego<\/em>, La Llotja, Alacant.<br \/>\n<strong>2015 &#8211;&nbsp;<\/strong><em>XXXIII Certamen de Pintura&nbsp;Vila de Benissa<\/em>, Centre d&#8217;Art&nbsp;Taller d&#8217;Ivars, Benissa, Alacant. *<br \/>\n<strong>2014 &#8211;&nbsp;<\/strong><em>Un-Touched<\/em>, GDCA Gallery, Los \u00c1ngeles (USA).<br \/>\n<strong>2014 &#8211;&nbsp;<\/strong><em>Salon des Beaux-Arts de Garches<\/em>, Garches, \u00cele-de-France (Fran\u00e7a).<br \/>\n<strong>2013 &#8211;&nbsp;<\/strong><em>Changeart<\/em>, Parking Gallery, Alacant.<br \/>\n<strong>2012 &#8211;&nbsp;<\/strong><em>VI Certamen Nacional de Miniquadres Muz-Mart\u00ednez<\/em>,&nbsp;Galeria San Vicente, Alacant.&nbsp;*<br \/>\n<strong>2011 &#8211;&nbsp;<\/strong><em>XVI Premi de Pintura Ciutat d&#8217;Algemes\u00ed<\/em>, Sala d&#8217;Exposicions Municipal, Algemes\u00ed, Val\u00e8ncia.&nbsp;*<br \/>\n<strong>2011 &#8211;&nbsp;<\/strong><em>V&nbsp;Certamen Nacional de Miniquadres Muz-Mart\u00ednez<\/em>,&nbsp;Galeria San Vicente, Alacant.&nbsp;*<br \/>\n<strong>2010 &#8211;&nbsp;<\/strong><em>VII Certamen Nacional de Pintura<\/em>,&nbsp;Fundaci\u00f3 Jorge Ali\u00f3, Alacant.&nbsp;*<br \/>\n<strong>2009 &#8211;&nbsp;<\/strong><em>Certamen d&#8217;Art Mutxamel 2009<\/em>, Casa de Cultura, Mutxamel, Alacant.&nbsp;*<br \/>\n<strong>2009 &#8211;&nbsp;<\/strong><em>Certamen de Nacional de Pintura XLII Vila de Sant Joan<\/em>, Casa de Cultura, Mutxamel, Alacant.<br \/>\n<strong>2008 &#8211;&nbsp;<\/strong><em>III&nbsp;Certamen Nacional de Miniquadres Muz-Mart\u00ednez<\/em>,&nbsp;Galeria San Vicente, Alacant.&nbsp;*<br \/>\n<strong>2008 &#8211;&nbsp;<\/strong>Espai Bohemia, Elda, Alacant.<br \/>\n<strong>2007 &#8211;&nbsp;<\/strong><em>Convocat\u00f2ria d&#8217;Arts Pl\u00e0stiques 2007<\/em>,&nbsp;La Llotja, Alacant.&nbsp;*<br \/>\n<strong>2007 &#8211;&nbsp;<\/strong>Exposici\u00f3 d&#8217;escultura, Universitat Polit\u00e8cnica de Val\u00e8ncia.<br \/>\n<strong>2007 &#8211;&nbsp;<\/strong>Galeria Casar, Alacant.<br \/>\n<strong>2007 &#8211;&nbsp;<\/strong><em>XXVIII Certamen de Pintura Miniquadres<\/em>,&nbsp;Universitat d&#8217;Elx, Alacant.<br \/>\n<strong>2007 &#8211;&nbsp;<\/strong><em>XXVIII Certamen de Pintura Miniquadres<\/em>,&nbsp;Museu del Cal\u00e7at d&#8217;Elda, Alacant.&nbsp;*<br \/>\n<strong>2004 &#8211;&nbsp;<\/strong><em>Restituire una vita<\/em>,&nbsp;Gaggiano, Mil\u00e0 (It\u00e0lia).<br \/>\n<strong>2002 &#8211;&nbsp;<\/strong>Exposici\u00f3 de dibuix, IES Platja Sant Joan, Alacant.<\/p>\n<p style=\"text-align: justify;\"><strong>Seleccions \/ Premis<\/strong><\/p>\n<p><strong>2022 &#8211;&nbsp;<\/strong>Seleccionada en <em>Fer i desfer<\/em>. Premio Ca\u00f1ada Blanch, Centre Cultural La Nau, Valencia.<strong><br \/>\n2022 &#8211;&nbsp;<\/strong><em>XL Certamen Pintura Vila de Benissa<\/em>, Alacant. *<br \/>\n<strong>2021 &#8211;<\/strong> Adquisici\u00f3 d\u2019obra per part de la Generalitat Valenciana.<br \/>\n<em><strong>2021 &#8211;<\/strong> Ajudes investigaci\u00f3, creaci\u00f3 i innovaci\u00f3 cultura<\/em>, Ajuntament d\u2019Alacant.<br \/>\n<strong>2020 &#8211;&nbsp;<\/strong><em>XXVI Premi de Pintura Ciutat d\u2019Algemes\u00ed<\/em>, Casino Liberal, Algemes\u00ed, Val\u00e8ncia. *<br \/>\n<strong>2020 &#8211;&nbsp;<\/strong>Seleccionada en els&nbsp;<em>EAC<\/em>, Institut Alacant\u00ed de Cultura Juan Gil-Albert, Alacant.*<br \/>\n<strong>2019 &#8211;&nbsp;<\/strong>Premiada&nbsp;en <em>Art en la Casa Bard\u00edn<\/em>, Alacant.<br \/>\n<strong>2019 &#8211;&nbsp;<\/strong>Seleccionada en la&nbsp;<em>Bienal Art Nostre<\/em>, Alcoi i el Comptat, Alacant.&nbsp;*<br \/>\n<strong>2019 &#8211;&nbsp;<\/strong>Seleccionada en el&nbsp;<em>Sal\u00f3n Internacional Solo Pinturas IV<\/em>, Pinacoteca Universitat de Caldas (Colombia).<br \/>\n<strong>2018 &#8211; <\/strong>Tercer premio en el <em>II Certamen de Pintura R\u00e1pida Nocturna<\/em>, Aspe, Alacant.<br \/>\n<strong>2018 &#8211; <\/strong>Seleccionada en el &nbsp;<em>XXXVI Certamen Pintura Vila de Benissa<\/em>, Alacant. *<br \/>\n<strong>2017&nbsp;&#8211; <\/strong>Seleccionada en el &nbsp;<em>XXXV Certamen Pintura Vila de Benissa<\/em>, Alacant. *<br \/>\n<strong>2016 &#8211;<\/strong>&nbsp;Seleccionada en el&nbsp;<em>XX Premio&nbsp;de Pintura &#8220;Pastor Calpena&#8221;<\/em>, Asp, Alacant.<br \/>\n<strong>2016 &#8211; <\/strong>Seleccionada en el&nbsp;<em>Certamen Nacional de Pintura XILX Vila de Sant Joan<\/em>, Alacant.<br \/>\n<strong>2015 &#8211;&nbsp;<\/strong>Seleccionada en el&nbsp;<em>XXXIII Certamen de Pintura&nbsp;Vila de Benissa<\/em>, Alacant.<br \/>\n<strong>2014 &#8211;&nbsp;<\/strong>Seleccionada&nbsp;per a la pantalla de la Saatchi Gallery, Londres (UK).<br \/>\n<strong>2014 &#8211;&nbsp;<\/strong>Seleccionada en el&nbsp;<em>Salon des Beaux Arts<\/em>, Garches-Par\u00eds, (Fran\u00e7a).<br \/>\n<strong>2011 &#8211;&nbsp;<\/strong>Seleccionada en el&nbsp;<em>VI Certamen Nacional de Miniquadres Muz-Mart\u00ednez<\/em>,&nbsp;Galeria Sant Vicent, Alacant.<br \/>\n<strong>2010 &#8211;&nbsp;<\/strong>Seleccionada en el&nbsp;<em>XVI Premi de pintura Ciutat d&#8217;Algemes\u00ed<\/em>, Valencia.<br \/>\n<strong>2010 &#8211;&nbsp;<\/strong>Seleccionada en el&nbsp;<em>V Certamen Nacional de Miniquadres Muz-Mart\u00ednez<\/em>,&nbsp;Galeria Sant Vicent, Alacant.<br \/>\n<strong>2010 &#8211;&nbsp;<\/strong>Seleccionada en el&nbsp;<em>VII Certamen Nacional de Pintura<\/em>,&nbsp;Fundaci\u00f3 Jorge Ali\u00f3, Alacant.<br \/>\n<strong>2009 &#8211;&nbsp;<\/strong>Seleccionada en el&nbsp;<em>Certamen d&#8217;Art Mutxamel 2009<\/em>, Alacant.<br \/>\n<strong>2009 &#8211;&nbsp;<\/strong>Seleccionada en el&nbsp;<em>Certamen Nacional de pintura XLII Vila de Sant Joan<\/em>, Alacant.<br \/>\n<strong>2008 &#8211;&nbsp;<\/strong>Seleccionada en el&nbsp;<em>III Certamen Nacional de Miniquadres Muz-Mart\u00ednez<\/em>,&nbsp;Galeria San Vicente, Alacant.<br \/>\n<strong>2007 &#8211;&nbsp;<\/strong>Premiada en la&nbsp;<em>Convocat\u00f2ria d&#8217;Arts Pl\u00e0stiques de 2007<\/em>,&nbsp;Diputaci\u00f3 Provincial, Alacant.<br \/>\n<strong>2007 &#8211;&nbsp;<\/strong>Seleccionada en el&nbsp;<em>XXVIII Certamen de Pintura Minicuadros<\/em>,&nbsp;Mueseu del Cal\u00e7at d&#8217;Elda, Alacant.<\/p>\n<p style=\"text-align: justify;\"><strong>Fires<\/strong><\/p>\n<p style=\"text-align: justify;\"><strong>2023 &#8211;<\/strong> <em>ArtMadrid<\/em>, Galer\u00eda de Cristal del Palacio de Cibeles, Madrid.&nbsp;<br \/>\n<strong><strong>2022 &#8211;&nbsp;<\/strong><\/strong><em>Estampa<\/em>, Madrid.<strong><br \/>\n2018 &#8211;&nbsp;<\/strong><em>Studio Lisboa 018<\/em>, Lisboa (Portugal). *<br \/>\n<strong>2017 &#8211; <\/strong><em>Cultur3 Club.&nbsp;6\u00aa Feria Nacional de Artistas<\/em>,&nbsp;Palau Revillagigedo, Gij\u00f3n, Asturies.<br \/>\n<strong>2008 &#8211;&nbsp;<\/strong><em>Open Art Fair<\/em>, Utrecht (Holanda).&nbsp;*<\/p>\n<p style=\"text-align: justify;\"><strong>Publicacions<\/strong><\/p>\n<p><strong><strong>2023 &#8211; <\/strong><\/strong>ROCHE C\u00c1RCEL, Juan A., 2023.&nbsp;<em>La construcci\u00f3n del sujeto robado<\/em>. Alicante. Universitat d\u2019Alacant. ISBN 978-84-9717-812-9<strong><br \/>\n<strong>2022 &#8211; <\/strong><\/strong>VVAA, 2022.&nbsp;<a href=\"http:\/\/www.percevalgraells.com\/wp-content\/uploads\/2023\/10\/cata\u0300leg-PAV-5.pdf\"><em>Art Contemporani de la Generalitat Valenciana<\/em>.<\/a>&nbsp;Valencia. Consorci de Museus de la Generalitat Valenciana. ISBN 978-84-482-6746-9<strong><br \/>\n<strong>2022 &#8211;<\/strong>&nbsp;<\/strong>VVAA, 2022.&nbsp;<em>Alma de acorde<\/em>. Alicante. Universitat d\u2019Alacant. ISBN 978-84-125392-5-7<strong><br \/>\n2020 &#8211;<\/strong> GRAELLS, Perceval, 2020.&nbsp;<a href=\"http:\/\/www.percevalgraells.com\/wp-content\/uploads\/2022\/06\/36-PERCEVAL-GRAELLS.pdf\"><em>Timing<\/em>.<\/a>&nbsp;Alicante. Instituto de Cultura Alicantino Juan Gil-Albert. ISBN 978-84-7784-821-9<br \/>\n<strong>2020 &#8211;<\/strong> VVAA, 2020.&nbsp;<a href=\"http:\/\/www.percevalgraells.com\/wp-content\/uploads\/2022\/06\/2020_EAC_catalogo-baja.pdf\"><em>EAC XX Concurso Encuentros de Arte Contempor\u00e1neo<\/em>.<\/a>&nbsp;Alicante.&nbsp;Instituto de Cultura Alicantino Juan Gil-Albert y Museo de la Universidad de Alicante. ISBN 978-84-7784-825-7<br \/>\n<strong>2020 &#8211;<\/strong> VVAA, 2020.&nbsp;<a href=\"http:\/\/www.percevalgraells.com\/wp-content\/uploads\/2022\/06\/XXVI-Premi-de-Pintura.Ciutat-dAlgemesi%CC%81.-1.pdf\"><em>XXVI Premi de Pintura Ciutat d&#8217;Algemes\u00ed<\/em>.<\/a>&nbsp;Algemes\u00ed. Ajuntament d&#8217;Algemes\u00ed. ISBN 978-84-09-27007-1<br \/>\n<strong>2019 &#8211;<\/strong> DE LA CALLE, Rom\u00e0, 2019.&nbsp;<em><a href=\"https:\/\/books.google.de\/books?id=AC66DwAAQBAJ&#038;pg=PA367&#038;lpg=PA367&#038;dq=%C3%A0+punt+perceval+graells&#038;source=bl&#038;ots=4oMdINuBlt&#038;sig=ACfU3U2EAX2cr-moAjaLJ2zJs4NW_8-7jQ&#038;hl=ca&#038;sa=X&#038;ved=2ahUKEwig7sDPpp_pAhXJAewKHaXZD68Q6AEwCnoECAoQAQ#v=onepage&#038;q=%C3%A0%20punt%20perceval%20graells&#038;f=false\">Experi\u00e8ncia est\u00e8tica i cr\u00edtica d\u2019art.<\/a>&nbsp;<\/em>Alacant: Universitat d\u2019Alacant. ISBN 978-84-1302-041-9<br \/>\n<strong>2016 &#8211;<\/strong> KOLLE, M., GARDILL I., (2016).&nbsp;<a href=\"http:\/\/www.internationalekunstheute.com\/espa%C3%B1ol\/libro-2016\/\" target=\"_blank\" rel=\"noopener\"><em>Internationale Kunst Heute.<\/em><\/a>&nbsp;Alemanya.&nbsp;IKH-Publishing. ISBN 978-3-9816595-2-8<br \/>\n<strong>2010 &#8211;<\/strong> Obra <a href=\"http:\/\/www.percevalgraells.com\/wp-content\/uploads\/2023\/10\/IMG_2500-1.jpg\"><em>Observando una mirada<\/em> portada de la revista Journal of Refractive Surgery <\/a>(USA).<br \/>\n<strong>2007 &#8211;<\/strong> GRAELLS, Perceval, 2007. <em><u><a href=\"https:\/\/riunet.upv.es\/bitstream\/handle\/10251\/12442\/el%20gesto%20y%20su%20lenguaje.pdf?sequence=1\">El gesto y su lenguaje en la pintura abstracta<\/a><\/u><\/em>. UPV, Val\u00e8ncia.<br \/>\n<strong>2006 &#8211;&nbsp;<\/strong><em>El \u00e1guila<\/em>, Malinche (Revista de la Casa de las Am\u00e9ricas).<\/p>\n<p style=\"text-align: justify;\">&nbsp;<\/p>\n<p><strong>Col\u00b7leccions<\/strong><\/p>\n<p><strong>Nova York &#8211;&nbsp;<\/strong>La Nacional.<br \/>\n<strong>Castell\u00f3 &#8211;&nbsp;<\/strong>MACVAC &#8211; Museu d&#8217;Art Contemporani, Vilafam\u00e9s.<br \/>\n<strong>Alacant &#8211;&nbsp;<\/strong>Diputaci\u00f3 Provincial, C\u00e0mera de comer\u00e7,&nbsp;Ajuntament&nbsp;de L&#8217;Alf\u00e0s del Pi, Ajuntament de Finestrat,&nbsp;Ajuntament de Crevillent, Fundaci\u00f3 Frax.<br \/>\n<strong>PV &#8211;<\/strong> Generalitat Valenciana- Conselleria d\u2019Educaci\u00f3, Cultura i Esport.<br \/>\n<strong>Albacete &#8211;&nbsp;<\/strong>Ajuntament de Tarazona de la Mancha.<\/p>\n<p>* <em>Cat\u00e0leg publicat.<\/em><\/p>\n","protected":false},"excerpt":{"rendered":"<p>Perceval Graells Elx, 1983. Formaci\u00f3 2020 &#8211;&nbsp;Resid\u00e8ncia art\u00edstica LIA,&nbsp;Leipzig&nbsp;(Alemanya). 2016 &#8211; Intensified Abstraction&nbsp;i&nbsp;Painting Studio, The Southwest School of Art, TX (USA). 2011 &#8211;&nbsp;Jornades formatives&nbsp;Gesti\u00f3 cultural, Galeria d&#8217;art Plano B i la UA, Alacant. 2009 &#8211;&nbsp;Curs&nbsp;Disseny i muntatge d&#8217;exposicions art\u00edstiques, Institut de Cultura Juan Gil-Albert, Alacant. 2008 &#8211;&nbsp;Resid\u00e8ncia&nbsp;art\u00edstica&nbsp;Culturia,&nbsp;Berl\u00edn (Alemanya). 2007 &#8211;&nbsp;Master en Producci\u00f3 Art\u00edstica a la Facultat de Belles Arts, Universitat&#8230; <a class=\"more-link\" href=\"https:\/\/www.percevalgraells.com\/ca\/biografia\/\">Read More<\/a><\/p>\n","protected":false},"author":1,"featured_media":19,"parent":0,"menu_order":0,"comment_status":"closed","ping_status":"closed","template":"","meta":{"_genesis_hide_title":false,"_genesis_hide_breadcrumbs":false,"_genesis_hide_singular_image":false,"_genesis_hide_footer_widgets":false,"_genesis_custom_body_class":"","_genesis_custom_post_class":"biografia","_genesis_layout":"","ngg_post_thumbnail":0,"footnotes":""},"class_list":{"0":"post-16","1":"page","2":"type-page","3":"status-publish","4":"has-post-thumbnail","6":"entry","7":"biografia"},"_links":{"self":[{"href":"https:\/\/www.percevalgraells.com\/ca\/wp-json\/wp\/v2\/pages\/16","targetHints":{"allow":["GET"]}}],"collection":[{"href":"https:\/\/www.percevalgraells.com\/ca\/wp-json\/wp\/v2\/pages"}],"about":[{"href":"https:\/\/www.percevalgraells.com\/ca\/wp-json\/wp\/v2\/types\/page"}],"author":[{"embeddable":true,"href":"https:\/\/www.percevalgraells.com\/ca\/wp-json\/wp\/v2\/users\/1"}],"replies":[{"embeddable":true,"href":"https:\/\/www.percevalgraells.com\/ca\/wp-json\/wp\/v2\/comments?post=16"}],"version-history":[{"count":475,"href":"https:\/\/www.percevalgraells.com\/ca\/wp-json\/wp\/v2\/pages\/16\/revisions"}],"predecessor-version":[{"id":4763,"href":"https:\/\/www.percevalgraells.com\/ca\/wp-json\/wp\/v2\/pages\/16\/revisions\/4763"}],"wp:featuredmedia":[{"embeddable":true,"href":"https:\/\/www.percevalgraells.com\/ca\/wp-json\/wp\/v2\/media\/19"}],"wp:attachment":[{"href":"https:\/\/www.percevalgraells.com\/ca\/wp-json\/wp\/v2\/media?parent=16"}],"curies":[{"name":"wp","href":"https:\/\/api.w.org\/{rel}","templated":true}]}}