{"id":1851,"date":"2017-10-14T11:23:18","date_gmt":"2017-10-14T11:23:18","guid":{"rendered":"http:\/\/www.percevalgraells.com\/?page_id=1851"},"modified":"2025-08-21T10:13:04","modified_gmt":"2025-08-21T10:13:04","slug":"moments-fundacion-frax-lalfas-del-pi-2015","status":"publish","type":"page","link":"https:\/\/www.percevalgraells.com\/ca\/moments-fundacion-frax-lalfas-del-pi-2015\/","title":{"rendered":"Moments, Fundaci\u00f3 Frax, L&#8217;Alf\u00e0s del Pi 2015"},"content":{"rendered":"\n<h2 class=\"wp-block-heading\">Exposici\u00f3n Moments, Fundaci\u00f3n Frax, L&#8217;Alf\u00e0s del Pi 2015<\/h2>\n\n\n<p><!-- default-view.php -->\n<div\n\tclass=\"ngg-galleryoverview default-view\n\t ngg-ajax-pagination-none\t\"\n\tid=\"ngg-gallery-5e93557ee77419527e4725f0e235288a-1\">\n\n\t\t<!-- Thumbnails -->\n\t\t\t\t<div id=\"ngg-image-0\" class=\"ngg-gallery-thumbnail-box\n\t\t\t\t\t\t\t\t\t\t\t\"\n\t\t\t>\n\t\t\t\t\t\t<div class=\"ngg-gallery-thumbnail\">\n\t\t\t<a href=\"https:\/\/www.percevalgraells.com\/wp-content\/gallery\/moments-fundacion-frax-lalfas-del-pi-2015\/IMG_2416.jpg\"\n\t\t\t\ttitle=\"\"\n\t\t\t\tdata-src=\"https:\/\/www.percevalgraells.com\/wp-content\/gallery\/moments-fundacion-frax-lalfas-del-pi-2015\/IMG_2416.jpg\"\n\t\t\t\tdata-thumbnail=\"https:\/\/www.percevalgraells.com\/wp-content\/gallery\/moments-fundacion-frax-lalfas-del-pi-2015\/thumbs\/thumbs_IMG_2416.jpg\"\n\t\t\t\tdata-image-id=\"415\"\n\t\t\t\tdata-title=\"IMG_2416\"\n\t\t\t\tdata-description=\"\"\n\t\t\t\tdata-image-slug=\"img_2416\"\n\t\t\t\tclass=\"ngg-fancybox\" rel=\"5e93557ee77419527e4725f0e235288a\">\n\t\t\t\t<img\n\t\t\t\t\ttitle=\"IMG_2416\"\n\t\t\t\t\talt=\"IMG_2416\"\n\t\t\t\t\tsrc=\"https:\/\/www.percevalgraells.com\/wp-content\/gallery\/moments-fundacion-frax-lalfas-del-pi-2015\/thumbs\/thumbs_IMG_2416.jpg\"\n\t\t\t\t\twidth=\"240\"\n\t\t\t\t\theight=\"160\"\n\t\t\t\t\tstyle=\"max-width:100%;\"\n\t\t\t\t\/>\n\t\t\t<\/a>\n\t\t<\/div>\n\t\t\t\t\t\t\t<\/div>\n\t\t\t\n\t\t\t\t<div id=\"ngg-image-1\" class=\"ngg-gallery-thumbnail-box\n\t\t\t\t\t\t\t\t\t\t\t\"\n\t\t\t>\n\t\t\t\t\t\t<div class=\"ngg-gallery-thumbnail\">\n\t\t\t<a href=\"https:\/\/www.percevalgraells.com\/wp-content\/gallery\/moments-fundacion-frax-lalfas-del-pi-2015\/IMG_2421.jpg\"\n\t\t\t\ttitle=\"\"\n\t\t\t\tdata-src=\"https:\/\/www.percevalgraells.com\/wp-content\/gallery\/moments-fundacion-frax-lalfas-del-pi-2015\/IMG_2421.jpg\"\n\t\t\t\tdata-thumbnail=\"https:\/\/www.percevalgraells.com\/wp-content\/gallery\/moments-fundacion-frax-lalfas-del-pi-2015\/thumbs\/thumbs_IMG_2421.jpg\"\n\t\t\t\tdata-image-id=\"416\"\n\t\t\t\tdata-title=\"IMG_2421\"\n\t\t\t\tdata-description=\"\"\n\t\t\t\tdata-image-slug=\"img_2421\"\n\t\t\t\tclass=\"ngg-fancybox\" rel=\"5e93557ee77419527e4725f0e235288a\">\n\t\t\t\t<img\n\t\t\t\t\ttitle=\"IMG_2421\"\n\t\t\t\t\talt=\"IMG_2421\"\n\t\t\t\t\tsrc=\"https:\/\/www.percevalgraells.com\/wp-content\/gallery\/moments-fundacion-frax-lalfas-del-pi-2015\/thumbs\/thumbs_IMG_2421.jpg\"\n\t\t\t\t\twidth=\"240\"\n\t\t\t\t\theight=\"160\"\n\t\t\t\t\tstyle=\"max-width:100%;\"\n\t\t\t\t\/>\n\t\t\t<\/a>\n\t\t<\/div>\n\t\t\t\t\t\t\t<\/div>\n\t\t\t\n\t\t\t\t<div id=\"ngg-image-2\" class=\"ngg-gallery-thumbnail-box\n\t\t\t\t\t\t\t\t\t\t\t\"\n\t\t\t>\n\t\t\t\t\t\t<div class=\"ngg-gallery-thumbnail\">\n\t\t\t<a href=\"https:\/\/www.percevalgraells.com\/wp-content\/gallery\/moments-fundacion-frax-lalfas-del-pi-2015\/IMG_2422.jpg\"\n\t\t\t\ttitle=\"\"\n\t\t\t\tdata-src=\"https:\/\/www.percevalgraells.com\/wp-content\/gallery\/moments-fundacion-frax-lalfas-del-pi-2015\/IMG_2422.jpg\"\n\t\t\t\tdata-thumbnail=\"https:\/\/www.percevalgraells.com\/wp-content\/gallery\/moments-fundacion-frax-lalfas-del-pi-2015\/thumbs\/thumbs_IMG_2422.jpg\"\n\t\t\t\tdata-image-id=\"417\"\n\t\t\t\tdata-title=\"IMG_2422\"\n\t\t\t\tdata-description=\"\"\n\t\t\t\tdata-image-slug=\"img_2422\"\n\t\t\t\tclass=\"ngg-fancybox\" rel=\"5e93557ee77419527e4725f0e235288a\">\n\t\t\t\t<img\n\t\t\t\t\ttitle=\"IMG_2422\"\n\t\t\t\t\talt=\"IMG_2422\"\n\t\t\t\t\tsrc=\"https:\/\/www.percevalgraells.com\/wp-content\/gallery\/moments-fundacion-frax-lalfas-del-pi-2015\/thumbs\/thumbs_IMG_2422.jpg\"\n\t\t\t\t\twidth=\"240\"\n\t\t\t\t\theight=\"160\"\n\t\t\t\t\tstyle=\"max-width:100%;\"\n\t\t\t\t\/>\n\t\t\t<\/a>\n\t\t<\/div>\n\t\t\t\t\t\t\t<\/div>\n\t\t\t\n\t\t\t\t<div id=\"ngg-image-3\" class=\"ngg-gallery-thumbnail-box\n\t\t\t\t\t\t\t\t\t\t\t\"\n\t\t\t>\n\t\t\t\t\t\t<div class=\"ngg-gallery-thumbnail\">\n\t\t\t<a href=\"https:\/\/www.percevalgraells.com\/wp-content\/gallery\/moments-fundacion-frax-lalfas-del-pi-2015\/IMG_5687.jpg\"\n\t\t\t\ttitle=\"\"\n\t\t\t\tdata-src=\"https:\/\/www.percevalgraells.com\/wp-content\/gallery\/moments-fundacion-frax-lalfas-del-pi-2015\/IMG_5687.jpg\"\n\t\t\t\tdata-thumbnail=\"https:\/\/www.percevalgraells.com\/wp-content\/gallery\/moments-fundacion-frax-lalfas-del-pi-2015\/thumbs\/thumbs_IMG_5687.jpg\"\n\t\t\t\tdata-image-id=\"418\"\n\t\t\t\tdata-title=\"IMG_5687\"\n\t\t\t\tdata-description=\"\"\n\t\t\t\tdata-image-slug=\"img_5687\"\n\t\t\t\tclass=\"ngg-fancybox\" rel=\"5e93557ee77419527e4725f0e235288a\">\n\t\t\t\t<img\n\t\t\t\t\ttitle=\"IMG_5687\"\n\t\t\t\t\talt=\"IMG_5687\"\n\t\t\t\t\tsrc=\"https:\/\/www.percevalgraells.com\/wp-content\/gallery\/moments-fundacion-frax-lalfas-del-pi-2015\/thumbs\/thumbs_IMG_5687.jpg\"\n\t\t\t\t\twidth=\"240\"\n\t\t\t\t\theight=\"160\"\n\t\t\t\t\tstyle=\"max-width:100%;\"\n\t\t\t\t\/>\n\t\t\t<\/a>\n\t\t<\/div>\n\t\t\t\t\t\t\t<\/div>\n\t\t\t\n\t\t\t\t<div id=\"ngg-image-4\" class=\"ngg-gallery-thumbnail-box\n\t\t\t\t\t\t\t\t\t\t\t\"\n\t\t\t>\n\t\t\t\t\t\t<div class=\"ngg-gallery-thumbnail\">\n\t\t\t<a href=\"https:\/\/www.percevalgraells.com\/wp-content\/gallery\/moments-fundacion-frax-lalfas-del-pi-2015\/IMG_5688.jpg\"\n\t\t\t\ttitle=\"\"\n\t\t\t\tdata-src=\"https:\/\/www.percevalgraells.com\/wp-content\/gallery\/moments-fundacion-frax-lalfas-del-pi-2015\/IMG_5688.jpg\"\n\t\t\t\tdata-thumbnail=\"https:\/\/www.percevalgraells.com\/wp-content\/gallery\/moments-fundacion-frax-lalfas-del-pi-2015\/thumbs\/thumbs_IMG_5688.jpg\"\n\t\t\t\tdata-image-id=\"419\"\n\t\t\t\tdata-title=\"IMG_5688\"\n\t\t\t\tdata-description=\"\"\n\t\t\t\tdata-image-slug=\"img_5688\"\n\t\t\t\tclass=\"ngg-fancybox\" rel=\"5e93557ee77419527e4725f0e235288a\">\n\t\t\t\t<img\n\t\t\t\t\ttitle=\"IMG_5688\"\n\t\t\t\t\talt=\"IMG_5688\"\n\t\t\t\t\tsrc=\"https:\/\/www.percevalgraells.com\/wp-content\/gallery\/moments-fundacion-frax-lalfas-del-pi-2015\/thumbs\/thumbs_IMG_5688.jpg\"\n\t\t\t\t\twidth=\"240\"\n\t\t\t\t\theight=\"160\"\n\t\t\t\t\tstyle=\"max-width:100%;\"\n\t\t\t\t\/>\n\t\t\t<\/a>\n\t\t<\/div>\n\t\t\t\t\t\t\t<\/div>\n\t\t\t\n\t\t\t\t<div id=\"ngg-image-5\" class=\"ngg-gallery-thumbnail-box\n\t\t\t\t\t\t\t\t\t\t\t\"\n\t\t\t>\n\t\t\t\t\t\t<div class=\"ngg-gallery-thumbnail\">\n\t\t\t<a href=\"https:\/\/www.percevalgraells.com\/wp-content\/gallery\/moments-fundacion-frax-lalfas-del-pi-2015\/IMG_5716.jpg\"\n\t\t\t\ttitle=\"\"\n\t\t\t\tdata-src=\"https:\/\/www.percevalgraells.com\/wp-content\/gallery\/moments-fundacion-frax-lalfas-del-pi-2015\/IMG_5716.jpg\"\n\t\t\t\tdata-thumbnail=\"https:\/\/www.percevalgraells.com\/wp-content\/gallery\/moments-fundacion-frax-lalfas-del-pi-2015\/thumbs\/thumbs_IMG_5716.jpg\"\n\t\t\t\tdata-image-id=\"421\"\n\t\t\t\tdata-title=\"IMG_5716\"\n\t\t\t\tdata-description=\"\"\n\t\t\t\tdata-image-slug=\"img_5716\"\n\t\t\t\tclass=\"ngg-fancybox\" rel=\"5e93557ee77419527e4725f0e235288a\">\n\t\t\t\t<img\n\t\t\t\t\ttitle=\"IMG_5716\"\n\t\t\t\t\talt=\"IMG_5716\"\n\t\t\t\t\tsrc=\"https:\/\/www.percevalgraells.com\/wp-content\/gallery\/moments-fundacion-frax-lalfas-del-pi-2015\/thumbs\/thumbs_IMG_5716.jpg\"\n\t\t\t\t\twidth=\"240\"\n\t\t\t\t\theight=\"160\"\n\t\t\t\t\tstyle=\"max-width:100%;\"\n\t\t\t\t\/>\n\t\t\t<\/a>\n\t\t<\/div>\n\t\t\t\t\t\t\t<\/div>\n\t\t\t\n\t\t\t\t<div id=\"ngg-image-6\" class=\"ngg-gallery-thumbnail-box\n\t\t\t\t\t\t\t\t\t\t\t\"\n\t\t\t>\n\t\t\t\t\t\t<div class=\"ngg-gallery-thumbnail\">\n\t\t\t<a href=\"https:\/\/www.percevalgraells.com\/wp-content\/gallery\/moments-fundacion-frax-lalfas-del-pi-2015\/IMG_2360.jpg\"\n\t\t\t\ttitle=\"\"\n\t\t\t\tdata-src=\"https:\/\/www.percevalgraells.com\/wp-content\/gallery\/moments-fundacion-frax-lalfas-del-pi-2015\/IMG_2360.jpg\"\n\t\t\t\tdata-thumbnail=\"https:\/\/www.percevalgraells.com\/wp-content\/gallery\/moments-fundacion-frax-lalfas-del-pi-2015\/thumbs\/thumbs_IMG_2360.jpg\"\n\t\t\t\tdata-image-id=\"412\"\n\t\t\t\tdata-title=\"IMG_2360\"\n\t\t\t\tdata-description=\"\"\n\t\t\t\tdata-image-slug=\"img_2360\"\n\t\t\t\tclass=\"ngg-fancybox\" rel=\"5e93557ee77419527e4725f0e235288a\">\n\t\t\t\t<img\n\t\t\t\t\ttitle=\"IMG_2360\"\n\t\t\t\t\talt=\"IMG_2360\"\n\t\t\t\t\tsrc=\"https:\/\/www.percevalgraells.com\/wp-content\/gallery\/moments-fundacion-frax-lalfas-del-pi-2015\/thumbs\/thumbs_IMG_2360.jpg\"\n\t\t\t\t\twidth=\"240\"\n\t\t\t\t\theight=\"160\"\n\t\t\t\t\tstyle=\"max-width:100%;\"\n\t\t\t\t\/>\n\t\t\t<\/a>\n\t\t<\/div>\n\t\t\t\t\t\t\t<\/div>\n\t\t\t\n\t\t\t\t<div id=\"ngg-image-7\" class=\"ngg-gallery-thumbnail-box\n\t\t\t\t\t\t\t\t\t\t\t\"\n\t\t\t>\n\t\t\t\t\t\t<div class=\"ngg-gallery-thumbnail\">\n\t\t\t<a href=\"https:\/\/www.percevalgraells.com\/wp-content\/gallery\/moments-fundacion-frax-lalfas-del-pi-2015\/IMG_2377.jpg\"\n\t\t\t\ttitle=\"\"\n\t\t\t\tdata-src=\"https:\/\/www.percevalgraells.com\/wp-content\/gallery\/moments-fundacion-frax-lalfas-del-pi-2015\/IMG_2377.jpg\"\n\t\t\t\tdata-thumbnail=\"https:\/\/www.percevalgraells.com\/wp-content\/gallery\/moments-fundacion-frax-lalfas-del-pi-2015\/thumbs\/thumbs_IMG_2377.jpg\"\n\t\t\t\tdata-image-id=\"413\"\n\t\t\t\tdata-title=\"IMG_2377\"\n\t\t\t\tdata-description=\"\"\n\t\t\t\tdata-image-slug=\"img_2377\"\n\t\t\t\tclass=\"ngg-fancybox\" rel=\"5e93557ee77419527e4725f0e235288a\">\n\t\t\t\t<img\n\t\t\t\t\ttitle=\"IMG_2377\"\n\t\t\t\t\talt=\"IMG_2377\"\n\t\t\t\t\tsrc=\"https:\/\/www.percevalgraells.com\/wp-content\/gallery\/moments-fundacion-frax-lalfas-del-pi-2015\/thumbs\/thumbs_IMG_2377.jpg\"\n\t\t\t\t\twidth=\"240\"\n\t\t\t\t\theight=\"160\"\n\t\t\t\t\tstyle=\"max-width:100%;\"\n\t\t\t\t\/>\n\t\t\t<\/a>\n\t\t<\/div>\n\t\t\t\t\t\t\t<\/div>\n\t\t\t\n\t\t\t\t<div id=\"ngg-image-8\" class=\"ngg-gallery-thumbnail-box\n\t\t\t\t\t\t\t\t\t\t\t\"\n\t\t\t>\n\t\t\t\t\t\t<div class=\"ngg-gallery-thumbnail\">\n\t\t\t<a href=\"https:\/\/www.percevalgraells.com\/wp-content\/gallery\/moments-fundacion-frax-lalfas-del-pi-2015\/IMG_2378.jpg\"\n\t\t\t\ttitle=\"\"\n\t\t\t\tdata-src=\"https:\/\/www.percevalgraells.com\/wp-content\/gallery\/moments-fundacion-frax-lalfas-del-pi-2015\/IMG_2378.jpg\"\n\t\t\t\tdata-thumbnail=\"https:\/\/www.percevalgraells.com\/wp-content\/gallery\/moments-fundacion-frax-lalfas-del-pi-2015\/thumbs\/thumbs_IMG_2378.jpg\"\n\t\t\t\tdata-image-id=\"414\"\n\t\t\t\tdata-title=\"IMG_2378\"\n\t\t\t\tdata-description=\"\"\n\t\t\t\tdata-image-slug=\"img_2378\"\n\t\t\t\tclass=\"ngg-fancybox\" rel=\"5e93557ee77419527e4725f0e235288a\">\n\t\t\t\t<img\n\t\t\t\t\ttitle=\"IMG_2378\"\n\t\t\t\t\talt=\"IMG_2378\"\n\t\t\t\t\tsrc=\"https:\/\/www.percevalgraells.com\/wp-content\/gallery\/moments-fundacion-frax-lalfas-del-pi-2015\/thumbs\/thumbs_IMG_2378.jpg\"\n\t\t\t\t\twidth=\"240\"\n\t\t\t\t\theight=\"160\"\n\t\t\t\t\tstyle=\"max-width:100%;\"\n\t\t\t\t\/>\n\t\t\t<\/a>\n\t\t<\/div>\n\t\t\t\t\t\t\t<\/div>\n\t\t\t\n\t\t\t\t<div id=\"ngg-image-9\" class=\"ngg-gallery-thumbnail-box\n\t\t\t\t\t\t\t\t\t\t\t\"\n\t\t\t>\n\t\t\t\t\t\t<div class=\"ngg-gallery-thumbnail\">\n\t\t\t<a href=\"https:\/\/www.percevalgraells.com\/wp-content\/gallery\/moments-fundacion-frax-lalfas-del-pi-2015\/IMG_5691.jpg\"\n\t\t\t\ttitle=\"\"\n\t\t\t\tdata-src=\"https:\/\/www.percevalgraells.com\/wp-content\/gallery\/moments-fundacion-frax-lalfas-del-pi-2015\/IMG_5691.jpg\"\n\t\t\t\tdata-thumbnail=\"https:\/\/www.percevalgraells.com\/wp-content\/gallery\/moments-fundacion-frax-lalfas-del-pi-2015\/thumbs\/thumbs_IMG_5691.jpg\"\n\t\t\t\tdata-image-id=\"420\"\n\t\t\t\tdata-title=\"IMG_5691\"\n\t\t\t\tdata-description=\"\"\n\t\t\t\tdata-image-slug=\"img_5691\"\n\t\t\t\tclass=\"ngg-fancybox\" rel=\"5e93557ee77419527e4725f0e235288a\">\n\t\t\t\t<img\n\t\t\t\t\ttitle=\"IMG_5691\"\n\t\t\t\t\talt=\"IMG_5691\"\n\t\t\t\t\tsrc=\"https:\/\/www.percevalgraells.com\/wp-content\/gallery\/moments-fundacion-frax-lalfas-del-pi-2015\/thumbs\/thumbs_IMG_5691.jpg\"\n\t\t\t\t\twidth=\"240\"\n\t\t\t\t\theight=\"160\"\n\t\t\t\t\tstyle=\"max-width:100%;\"\n\t\t\t\t\/>\n\t\t\t<\/a>\n\t\t<\/div>\n\t\t\t\t\t\t\t<\/div>\n\t\t\t\n\t\n\t<br style=\"clear: both\" \/>\n\n\t\n\t\t<!-- Pagination -->\n\t\t<div class='ngg-clear'><\/div>\t<\/div>\n<\/p>","protected":false},"excerpt":{"rendered":"<p>Exposici\u00f3n Moments, Fundaci\u00f3n Frax, L&#8217;Alf\u00e0s del Pi 2015<\/p>\n","protected":false},"author":2,"featured_media":0,"parent":0,"menu_order":0,"comment_status":"closed","ping_status":"closed","template":"","meta":{"_genesis_hide_title":false,"_genesis_hide_breadcrumbs":false,"_genesis_hide_singular_image":false,"_genesis_hide_footer_widgets":false,"_genesis_custom_body_class":"","_genesis_custom_post_class":"","_genesis_layout":"","ngg_post_thumbnail":0,"footnotes":""},"class_list":{"0":"post-1851","1":"page","2":"type-page","3":"status-publish","5":"entry"},"_links":{"self":[{"href":"https:\/\/www.percevalgraells.com\/ca\/wp-json\/wp\/v2\/pages\/1851","targetHints":{"allow":["GET"]}}],"collection":[{"href":"https:\/\/www.percevalgraells.com\/ca\/wp-json\/wp\/v2\/pages"}],"about":[{"href":"https:\/\/www.percevalgraells.com\/ca\/wp-json\/wp\/v2\/types\/page"}],"author":[{"embeddable":true,"href":"https:\/\/www.percevalgraells.com\/ca\/wp-json\/wp\/v2\/users\/2"}],"replies":[{"embeddable":true,"href":"https:\/\/www.percevalgraells.com\/ca\/wp-json\/wp\/v2\/comments?post=1851"}],"version-history":[{"count":3,"href":"https:\/\/www.percevalgraells.com\/ca\/wp-json\/wp\/v2\/pages\/1851\/revisions"}],"predecessor-version":[{"id":4710,"href":"https:\/\/www.percevalgraells.com\/ca\/wp-json\/wp\/v2\/pages\/1851\/revisions\/4710"}],"wp:attachment":[{"href":"https:\/\/www.percevalgraells.com\/ca\/wp-json\/wp\/v2\/media?parent=1851"}],"curies":[{"name":"wp","href":"https:\/\/api.w.org\/{rel}","templated":true}]}}