{"id":32,"date":"2016-08-02T08:34:10","date_gmt":"2016-08-02T08:34:10","guid":{"rendered":"http:\/\/www.percevalgraells.com\/?page_id=32"},"modified":"2025-08-21T10:23:58","modified_gmt":"2025-08-21T10:23:58","slug":"inicio","status":"publish","type":"page","link":"https:\/\/www.percevalgraells.com\/ca\/","title":{"rendered":"Inici"},"content":{"rendered":"<p style=\"text-align: center;\">&nbsp;<\/p>\n<p style=\"text-align: center;\">&nbsp;<\/p>\n<p style=\"text-align: center;\"><strong>&nbsp;<\/strong><\/p>\n<p style=\"text-align: justify;\"><em>En<\/em><em style=\"text-align: justify; line-height: 1.5;\"> aquest marc hist\u00f2ric de possibilitats &#8211;entre el cl\u00e0ssic i dilatat \u201cUt pictura poesis\u201d versus el revulsiu \u201cUt pictura musice\u201d&#8211; es formar\u00e0 acad\u00e8micament Perceval Graells, entre Alacant, Barcelona i Val\u00e8ncia, per\u00f2 tamb\u00e9, cercant una educaci\u00f3 art\u00edstica sostinguda, constant i ben informada, entre Nova York, Berl\u00edn, Par\u00eds o Mil\u00e0. Sens dubte, ha tractat, ni m\u00e9s ni menys, d&#8217;educar la mirada i, amb ella, de potenciar el gust, la llibertat i la for\u00e7a expressiva, dialogant experimentalment entre gestos, tra\u00e7os, tempos, taques, ritmes, espais, formes evanescentes i cromatismes.<\/em><\/p>\n<p style=\"text-align: right;\">Rom\u00e1n de la Calle, 2016<\/p>\n","protected":false},"excerpt":{"rendered":"<p>&nbsp; &nbsp; &nbsp; En aquest marc hist\u00f2ric de possibilitats &#8211;entre el cl\u00e0ssic i dilatat \u201cUt pictura poesis\u201d versus el revulsiu \u201cUt pictura musice\u201d&#8211; es formar\u00e0 acad\u00e8micament Perceval Graells, entre Alacant, Barcelona i Val\u00e8ncia, per\u00f2 tamb\u00e9, cercant una educaci\u00f3 art\u00edstica sostinguda, constant i ben informada, entre Nova York, Berl\u00edn, Par\u00eds o Mil\u00e0. Sens dubte, ha tractat, ni m\u00e9s ni menys, d&#8217;educar&#8230; <a class=\"more-link\" href=\"https:\/\/www.percevalgraells.com\/ca\/\">Read More<\/a><\/p>\n","protected":false},"author":1,"featured_media":195,"parent":0,"menu_order":0,"comment_status":"closed","ping_status":"closed","template":"","meta":{"_genesis_hide_title":false,"_genesis_hide_breadcrumbs":false,"_genesis_hide_singular_image":false,"_genesis_hide_footer_widgets":false,"_genesis_custom_body_class":"","_genesis_custom_post_class":"","_genesis_layout":"","ngg_post_thumbnail":0,"footnotes":""},"class_list":{"0":"post-32","1":"page","2":"type-page","3":"status-publish","4":"has-post-thumbnail","6":"entry"},"_links":{"self":[{"href":"https:\/\/www.percevalgraells.com\/ca\/wp-json\/wp\/v2\/pages\/32","targetHints":{"allow":["GET"]}}],"collection":[{"href":"https:\/\/www.percevalgraells.com\/ca\/wp-json\/wp\/v2\/pages"}],"about":[{"href":"https:\/\/www.percevalgraells.com\/ca\/wp-json\/wp\/v2\/types\/page"}],"author":[{"embeddable":true,"href":"https:\/\/www.percevalgraells.com\/ca\/wp-json\/wp\/v2\/users\/1"}],"replies":[{"embeddable":true,"href":"https:\/\/www.percevalgraells.com\/ca\/wp-json\/wp\/v2\/comments?post=32"}],"version-history":[{"count":212,"href":"https:\/\/www.percevalgraells.com\/ca\/wp-json\/wp\/v2\/pages\/32\/revisions"}],"predecessor-version":[{"id":4680,"href":"https:\/\/www.percevalgraells.com\/ca\/wp-json\/wp\/v2\/pages\/32\/revisions\/4680"}],"wp:featuredmedia":[{"embeddable":true,"href":"https:\/\/www.percevalgraells.com\/ca\/wp-json\/wp\/v2\/media\/195"}],"wp:attachment":[{"href":"https:\/\/www.percevalgraells.com\/ca\/wp-json\/wp\/v2\/media?parent=32"}],"curies":[{"name":"wp","href":"https:\/\/api.w.org\/{rel}","templated":true}]}}