{"id":109,"date":"2016-08-02T18:13:43","date_gmt":"2016-08-02T18:13:43","guid":{"rendered":"http:\/\/www.percevalgraells.com\/?page_id=109"},"modified":"2025-11-17T13:30:00","modified_gmt":"2025-11-17T13:30:00","slug":"obra","status":"publish","type":"page","link":"https:\/\/www.percevalgraells.com\/de\/obra\/","title":{"rendered":"Werk"},"content":{"rendered":"<p style=\"text-align: justify;\"><div class=\"row \"><\/p>\n<div class=\"col-lg-4 col-md-12 col-xs-12 col-sm-12\"><\/p>\n<p><a href=\"http:\/\/www.percevalgraells.com\/camins-per-cosir\/\">Camins per cosir<\/a><br \/>\n2022<\/p>\n<p><a href=\"http:\/\/www.percevalgraells.com\/ferides-de-lanima\/\">Ferides de l&#8217;\u00e0nima<\/a><br \/>\n2021-2023<\/p>\n<p><a href=\"http:\/\/www.percevalgraells.com\/filant-prim\/\">Filant prim<\/a><br \/>\n2020<\/p>\n<p><a href=\"http:\/\/www.percevalgraells.com\/silencis\/\">Silencis<\/a><br \/>\n2019<\/p>\n<p><a href=\"http:\/\/www.percevalgraells.com\/365-2\/\">365 Degrees<\/a><br \/>\n2018<\/p>\n<p><a href=\"http:\/\/www.percevalgraells.com\/notas-y-vivencias\/\">Notas y vivencias<\/a><br \/>\n2018<\/p>\n<p><a href=\"http:\/\/www.percevalgraells.com\/glopets-de-mar\/\">Glopets de mar<\/a><br \/>\n2017 &#8211; 2019<\/p>\n<p><a href=\"http:\/\/www.percevalgraells.com\/untol-tales\/\">Untold tales<\/a><br \/>\n2016<\/p>\n<p><a href=\"http:\/\/www.percevalgraells.com\/index.php\/obra\/tracant-memories\/\">Tra\u00e7ant mem\u00f2ries<\/a><br \/>\n2016<\/p>\n<p><a href=\"http:\/\/www.percevalgraells.com\/index.php\/obra\/rayuela\/\">Rayuela<\/a><br \/>\n2015<\/p>\n<p><a href=\"http:\/\/www.percevalgraells.com\/index.php\/moments\/\">Moments<\/a><br \/>\n2015<\/p>\n<p><a href=\"http:\/\/www.percevalgraells.com\/index.php\/obra\/lutetia\/\">Lutetia<\/a><br \/>\n2014<\/p>\n<p><a href=\"http:\/\/www.percevalgraells.com\/index.php\/obra\/deconstruccion\/\">Deconstrucci\u00f3n<\/a><br \/>\n2013<\/p>\n<p><a href=\"http:\/\/www.percevalgraells.com\/index.php\/obra\/un-momento-un-lugar\/\">Un momento. Un lugar<\/a><br \/>\n2012<\/p>\n<p><a href=\"http:\/\/www.percevalgraells.com\/index.php\/obra\/kilometros-de-color\/\">Kil\u00f3metros de color<\/a><br \/>\n2011 &#8211; 2012<\/p>\n<p><a href=\"http:\/\/www.percevalgraells.com\/index.php\/obra\/instantes-en-un-espacio\/\">Instantes en un espacio<\/a><br \/>\n2009 &#8211; 2011<\/p>\n<p><a href=\"http:\/\/www.percevalgraells.com\/index.php\/obra\/huellas-en-el-tiempo\/\">Huellas en el tiempo<\/a><br \/>\n2008<\/p>\n<p><a href=\"http:\/\/www.percevalgraells.com\/index.php\/obra\/un-gesto-en-el-silencio\/\">Un gesto en el silencio<\/a><br \/>\n2007<\/p>\n<p><a href=\"http:\/\/www.percevalgraells.com\/index.php\/obra\/mirando-al-cielo\/\">Mirando al cielo<\/a><br \/>\n2006<\/p>\n<p>Figurativos<\/p>\n<p><\/div>\n<p style=\"text-align: justify;\"><div class=\"col-lg-8 col-md-12 col-xs-12 col-sm-12\"><\/p>\n<p style=\"text-align: justify;\">Augenblicke von Tr\u00e4umen, Schmerzen und Freude\u2026 immer in demselben Raum: ein Medium und meine Werkstatt. Wie in einem Tagebuch entstehen sie auf der Oberfl\u00e4che durch Farbe und andere Gef\u00fchle, um durch das Betrachten beobachtet werden zu k\u00f6nnen.<\/p>\n<p style=\"text-align: justify;\">Malen ist eine Notwendigkeit, die mit dem Leben eines jeden bildenden K\u00fcnstlers verbunden ist, und zugleich ein ununterbrochener Dialog zwischen dem Maler und seinem Werk. Das Gem\u00e4lde ist ein Tagebuch des K\u00fcnstlers, wo er \u00fcber seine Gef\u00fchle erz\u00e4hlt oder sie darstellt, und in welchem er jede beliebige Idee, wie abstrakt sie auch immer sein mag, wie Kl\u00e4nge oder ein Gedicht, umsetzen kann, ohne den Bezug zu einem realen Bild zu haben. Die Sprache der abstrakten Malerei strebt nicht, weder sch\u00f6n noch dekorativ zu sein. Sie will hinter die Beschreibungen und hinter das Offensichtliche gehen; sie will ins Innere der Dinge dringen und der Wortschatz einer neuen Sprache sein. Sie muss aber f\u00e4hig sein, Empfindungen zu \u00fcbermitteln, den Betrachter zu bewegen. Die Sprache der Malerei muss ein Ganzes sein, das Leben und Kunst vereint.<\/p>\n<p style=\"text-align: justify;\">Was mich interessiert, sind Gesten, die mit Abstraktion und Automatismus, genauer gesagt mit abstraktem Expressionismus zu tun haben. Ich versuche den Betrachter mit Gesten und Farben zu bewegen; ich versuche nicht zu beschreiben, sondern auszudr\u00fccken, was ich sehe und wie ich mich f\u00fchle durch diese Beobachtungen. Auf diese Weise n\u00e4here ich mich den Grundlagen einer nicht beschreibenden Sprache, in welcher unsere Wahrnehmungen und Emotionen eine wichtige Rolle spielen und in welcher ich versuche, sichtbare Gegenst\u00fccke f\u00fcr nicht gegenst\u00e4ndliche Dinge, Emotionen und Gedanken zu finden. Es ist die gestische Malerei, durch die ich mein inneres Leben und meine eigene Vision der Welt ausdr\u00fccken kann.<\/p>\n<p style=\"text-align: justify;\"><\/div><\/p>\n<p style=\"text-align: justify;\"><\/div><\/p>\n","protected":false},"excerpt":{"rendered":"","protected":false},"author":1,"featured_media":0,"parent":0,"menu_order":0,"comment_status":"closed","ping_status":"closed","template":"","meta":{"_genesis_hide_title":false,"_genesis_hide_breadcrumbs":false,"_genesis_hide_singular_image":false,"_genesis_hide_footer_widgets":false,"_genesis_custom_body_class":"","_genesis_custom_post_class":"","_genesis_layout":"","ngg_post_thumbnail":0,"footnotes":""},"class_list":{"0":"post-109","1":"page","2":"type-page","3":"status-publish","5":"entry"},"_links":{"self":[{"href":"https:\/\/www.percevalgraells.com\/de\/wp-json\/wp\/v2\/pages\/109","targetHints":{"allow":["GET"]}}],"collection":[{"href":"https:\/\/www.percevalgraells.com\/de\/wp-json\/wp\/v2\/pages"}],"about":[{"href":"https:\/\/www.percevalgraells.com\/de\/wp-json\/wp\/v2\/types\/page"}],"author":[{"embeddable":true,"href":"https:\/\/www.percevalgraells.com\/de\/wp-json\/wp\/v2\/users\/1"}],"replies":[{"embeddable":true,"href":"https:\/\/www.percevalgraells.com\/de\/wp-json\/wp\/v2\/comments?post=109"}],"version-history":[{"count":60,"href":"https:\/\/www.percevalgraells.com\/de\/wp-json\/wp\/v2\/pages\/109\/revisions"}],"predecessor-version":[{"id":4768,"href":"https:\/\/www.percevalgraells.com\/de\/wp-json\/wp\/v2\/pages\/109\/revisions\/4768"}],"wp:attachment":[{"href":"https:\/\/www.percevalgraells.com\/de\/wp-json\/wp\/v2\/media?parent=109"}],"curies":[{"name":"wp","href":"https:\/\/api.w.org\/{rel}","templated":true}]}}