{"id":16,"date":"2016-08-02T07:22:00","date_gmt":"2016-08-02T07:22:00","guid":{"rendered":"http:\/\/www.percevalgraells.com\/?page_id=16"},"modified":"2025-11-14T18:21:40","modified_gmt":"2025-11-14T18:21:40","slug":"biografia","status":"publish","type":"page","link":"https:\/\/www.percevalgraells.com\/de\/biografia\/","title":{"rendered":"Biographie"},"content":{"rendered":"<h1 style=\"text-align: justify;\">Perceval Graells<\/h1>\n<p style=\"text-align: justify;\">Elx, 1983.<\/p>\n<p><strong>Ausbildung<\/strong><\/p>\n<p><strong>2020 &#8211;<\/strong> K\u00fcnstlerischer Aufenthalt bei LIA, Leipzig (Deutschland).<br \/>\n<strong>2016&nbsp;&#8211;&nbsp;<\/strong><em>Intensified Abstraction<\/em> und <em>Painting Studio<\/em>, The Southwest School of Art, Texas (USA).<br \/>\n<strong>2011&nbsp;&#8211;&nbsp;<\/strong>Trainingstage <em>Kulturmanagement<\/em>, Art Gallery B und der UA, Alicante.<br \/>\n<strong>2009&nbsp;&#8211;&nbsp;<\/strong>Kurs <em>Design und Montage von Kunstausstellungen<\/em>, Instituto Alicantino de Cultura Juan-Gil Albert, Alicante.<br \/>\n<strong>2008&nbsp;&#8211;&nbsp;<\/strong>K\u00fcnstlerischer Aufenthalt bei <em>Culturia<\/em>, Berlin (Deutschland).<br \/>\n<strong>2007&nbsp;&#8211;&nbsp;<\/strong>Master in k\u00fcnstlerischer Produktion, Polytechnischen Universit\u00e4t, Valencia.<br \/>\n<strong>2006&nbsp;&#8211;&nbsp;<\/strong>Bachelor of Fine Arts, Universit\u00e4t Barcelona.<br \/>\n<strong>2005&nbsp;&#8211;&nbsp;<\/strong>Studium der Sch\u00f6nen K\u00fcnste, Accademia di Belle Arti di Brera, Mailand (Italien).<\/p>\n<p><strong>Einzelausstellungen<\/strong><\/p>\n<p><strong>2025 &#8211; <\/strong><em>La remor de la mar, <\/em>Schifffahrtmuseum Santa Pola, Alicante.<strong><em><br \/>\n<\/em>2025 &#8211; <\/strong><em>Filant hist\u00f2ries, Kunstraum<\/em>&nbsp;Coll Alas, Gand\u00eda, Valencia. *<strong><em><br \/>\n<\/em>2024 &#8211; <\/strong><em>Ferides de sal<\/em>, Villa Elisa, Benic\u00e0ssim, Castell\u00f3n. *<strong><br \/>\n2024 &#8211; <\/strong><em>Traces<\/em>, Quo, Alicante.<strong><br \/>\n2024 &#8211; <\/strong><em>La remor de la mar<\/em>, Wassermuseum Alicante.<strong><br \/>\n2022&nbsp;&#8211;<\/strong>&nbsp;<em>Spinning stories<\/em>, B.ART, Alicante.<br \/>\n<strong>2021&nbsp;&#8211;&nbsp;<\/strong><em>Ferides de l\u2019\u00e0nima<\/em>, Galerie Alba Cabrera, Valencia.<br \/>\n<strong>2021&nbsp;&#8211;&nbsp;<\/strong><em>Al fil de la mem\u00f2ria<\/em>, Mutua Levante, Alcoi, Alicante *<br \/>\n<strong>2020&nbsp;&#8211;&nbsp;<\/strong><em>Timing<\/em>, Instituto Alicantino de Cultura Juan-Gil Albert, Alicante. *<br \/>\n<strong>2018&nbsp;&#8211;&nbsp;<\/strong><em>Notas y vivencias<\/em>, Ateneo, Alicante. *<br \/>\n<strong>2017&nbsp;&#8211;&nbsp;<\/strong><em>Tra\u00e7ant mem\u00f2ries<\/em>, Galerie Asombro, Cocentaina, Alicante. *<br \/>\n<strong>2016&nbsp;&#8211;&nbsp;<\/strong><em>Colors de l\u2019\u00e0nima<\/em>, Haus der Kultur, Alcoi, Alicante. *<br \/>\n<strong>2016&nbsp;&#8211;&nbsp;<\/strong><em>Tra\u00e7ant mem\u00f2ries<\/em>, Stiftung CAM, Valencia. *<br \/>\n<strong>2015&nbsp;&#8211;&nbsp;<\/strong><em>Moments<\/em>, Stiftung Frax, L\u2019Alf\u00e0s del Pi, Alicante.<br \/>\n<em><strong>2015&nbsp;&#8211;&nbsp;<\/strong>Moments<\/em>, La Nacional, NY (USA).<br \/>\n<em><strong>2015&nbsp;&#8211;&nbsp;<\/strong>Lutetia<\/em>, Haus der Kultur, Crevillent, Alicante. *<br \/>\n<strong>2012&nbsp;&#8211;&nbsp;<\/strong><em>Arte \u00daltimo<\/em>, La Lonja, Alicante. *<br \/>\n<strong>2011&nbsp;&#8211;&nbsp;<\/strong><em>Kil\u00f3metros de color<\/em>, El Portal, Alicante.<br \/>\n<strong>2009&nbsp;&#8211;&nbsp;<\/strong><em>Huellas en el tiempo<\/em>, Haus der Kultur, L\u2019Alf\u00e0s del Pi, Alicante.<br \/>\n<strong>2008&nbsp;&#8211;&nbsp;<\/strong><em>Huellas en el tiempo<\/em>, Galerie Juno, Berl\u00edn (Alemania).<br \/>\n<em><strong>2008&nbsp;&#8211;&nbsp;<\/strong>Un gesto en el silencio<\/em>, Galerie Casar, Alicante. *<br \/>\n<strong>2006&nbsp;&#8211;&nbsp;<\/strong><em>Mirando al cielo<\/em>, Kunstzentrum der Stadt, Alicante. *<br \/>\n<strong>2004&nbsp;&#8211;&nbsp;<\/strong><em>Sue\u00f1os en el Mediterr\u00e1neo<\/em>, Haus der Kultur, Finestrat, Alicante.<\/p>\n<p><strong>Gruppenausstellungen<\/strong><\/p>\n<p><strong>2024 &#8211; <\/strong><em>Art en femen\u00ed<\/em>, Alcoi, Alicante. *<strong><br \/>\n2024 &#8211; <\/strong><em>Quasi 80, <\/em>El Taller T\u00faria, D\u00e9nia.<strong><span style=\"font-size: revert; color: initial; font-family: -apple-system, BlinkMacSystemFont, 'Segoe UI', Roboto, Oxygen-Sans, Ubuntu, Cantarell, 'Helvetica Neue', sans-serif;\"><br \/>\n<\/span>2023&nbsp;&#8211; <\/strong><em>Abstraccions<\/em>, Haus der Kultur, Pedreguer.<strong><br \/>\n2023&nbsp;&#8211; <\/strong><em>Nosotros somos vosotros<\/em>, Ercilla 13, Alicante.<strong><br \/>\n2023<\/strong>&nbsp;<strong>&#8211;&nbsp;<\/strong><em>Cicles<\/em>, Centre C\u00edvic Pere Pruna, Barcelona.<br \/>\n<strong>2022&nbsp;&#8211;&nbsp;<\/strong><em>Art Contemporani de la Generalitat Valenciana<\/em>, CCCC, Valencia.<br \/>\n<em><strong>2022&nbsp;&#8211;&nbsp;<\/strong>XL Certamen Pintura Vila de Benissa<\/em>, Kunstgalerie Taller de Ivars, Benissa Alicante.*<br \/>\n<strong>2021&nbsp;&#8211;&nbsp;<\/strong><em>Vinticinc vacances<\/em>, MUA, Alicante. *<br \/>\n<em><strong>2021&nbsp;&#8211;&nbsp;<\/strong>Summer colors<\/em>, Galerie Cuatro, Valencia.<br \/>\n<em><strong>2021&nbsp;&#8211;&nbsp;<\/strong>Pintura &#038; Poesia<\/em>, Llotja de Sant Jordi, Alcoi, Alicante. *<br \/>\n<em><strong>2021&nbsp;&#8211;&nbsp;<\/strong>Ellas<\/em>, Galerie Cuatro, Valencia. *<br \/>\n<strong>2020&nbsp;&#8211;&nbsp;<\/strong><em>Vinticinc vacances<\/em>, Kunstgalerie L\u2019Estaci\u00f3, D\u00e9nia, Alicante. *<br \/>\n<em><strong>2020&nbsp;&#8211;&nbsp;<\/strong>Pintores de Elche 150 a\u00f1os<\/em>, Stiftung Mediterr\u00e1neo, Elx, Alicante. *<br \/>\n<em><strong>2020&nbsp;&#8211;&nbsp;<\/strong>XXVI Premi de Pintura Ciutat d\u2019Algemes\u00ed<\/em>, Ausstellungsraum Casino Liberal, Algemes\u00ed, Valencia. *<br \/>\n<em><strong>2020&nbsp;&#8211;&nbsp;<\/strong>EAC-&nbsp;Encuentros de Arte Contempor\u00e1neo<\/em>,&nbsp;MUA, Alicante.*<br \/>\n<strong>2020&nbsp;&#8211;&nbsp;<\/strong><em>Al hilo del arte<\/em>,&nbsp;Volta_, Alicante.<br \/>\n<em><strong>2020&nbsp;&#8211;&nbsp;<\/strong>Vinticinc vacances<\/em>,&nbsp;Ausstellungsraum Coll Alas, Gandia, Valencia.<br \/>\n<em><strong>2020&nbsp;&#8211;&nbsp;<\/strong>Colectiva de verano<\/em>,&nbsp;Galerie B.Art, Alicante.<br \/>\n<em><strong>2020&nbsp;&#8211;&nbsp;<\/strong>Alpha &#038; Omega<\/em>,&nbsp;Spinnerei Archiv Massiv, Leipzig, (Alemania).<br \/>\n<em><strong>2020&nbsp;&#8211;&nbsp;<\/strong>Vinticinc vacances<\/em>,&nbsp;Llotja de Sant Jordi, Alcoi, Alicante.*<br \/>\n<em><strong>2020&nbsp;&#8211;&nbsp;<\/strong>Les finestres indiscretes<\/em>, Kunstraum Mindoro, Kastellon.<br \/>\n<strong>2019<em>&nbsp;&#8211;&nbsp;<\/em><\/strong><em>The power of rhythm<\/em>,&nbsp;Galerie Art Casa Azul, Aig\u00fces, Alicante.<br \/>\n<em><strong>2019<em>&nbsp;&#8211;&nbsp;<\/em><\/strong>Vida entre silenci II<\/em>, IVAM-CADA-Alcoi, Alicante.<br \/>\n<em><strong>2019<em>&nbsp;&#8211;&nbsp;<\/em><\/strong>Bienal Art Nostre<\/em>, Alcoi und el Comptat, Alicante.<br \/>\n<strong>2019<em>&nbsp;&#8211;&nbsp;<\/em><\/strong><em>Naturalezas muertas<\/em>, St\u00e4dtisches Museum, Albacete. *<br \/>\n<strong>2019<em>&nbsp;&#8211;&nbsp;<\/em><\/strong><em>Sal\u00f3n Internacional Solo Pinturas IV<\/em>, Kunstgalerie der Universit\u00e4t Caldas (Kolumbien).<br \/>\n<strong>2019<em>&nbsp;&#8211;&nbsp;<\/em><\/strong><em>Visibles<\/em>, Kunstraum La Capella, Alcoi, Alicante. *<br \/>\n<strong>2018 &#8211;&nbsp;<\/strong><em>XXXVI Certamen Pintura Vila de Benissa<\/em>, Kunstgalerie Taller de Ivars, Benissa, Alicante. *<br \/>\n<strong>2018 &#8211;&nbsp;<\/strong><em>Memorobilia DONA Alacant ART<\/em>, Kunstraum Mengolero, Rojales, Alicante.<br \/>\n<strong>2018 &#8211;&nbsp;<\/strong><em>Luces en la sombra.&nbsp;Josefina Manresa y las olvidadas<\/em>,&nbsp;Haus der Kultur, Sant Joan d\u2019Alacant, Alicante. *<br \/>\n<strong>2018 &#8211;&nbsp;<\/strong><em>75 x 75&nbsp;Miguel Hern\u00e1ndez<\/em>, Llotja de Sant Jordi, Alcoi, Alicante.&nbsp;*<br \/>\n<strong>2017 &#8211;&nbsp;<\/strong><em>Homenaje a Miguel Hern\u00e1ndez. 75 Aniversario<\/em>, CUB, Alicante. *<br \/>\n<em><strong>2017 &#8211;&nbsp;<\/strong>Luces en la sombra<\/em><em>, <\/em>Antigua Capilla de la Orden Tercera, Elx, Alicante. *<br \/>\n<strong>2017 &#8211;&nbsp;<\/strong><em>Paisatge, configurador d\u2019espais<\/em>, St\u00e4dtisches Museum, J\u00e9rica, Kastellon.<br \/>\n<strong>2017 &#8211;&nbsp;<\/strong><em>Homenaje a Miguel Hern\u00e1ndez. 75 Aniversario<\/em>, Mucbe, Benicarl\u00f3, Kastellon. *<br \/>\n<em><strong>2017 &#8211;&nbsp;<\/strong>XXXV Certamen Pintura Vila de Benissa<\/em>, Kunstgalerie Taller de Ivars, Benissa, Alicante. *<br \/>\n<em><strong>2017 &#8211;&nbsp;<\/strong>Artistas en vitrina<\/em>, Calle del teatro, Alicante.<br \/>\n<em><strong>2017 &#8211;&nbsp;<\/strong>Luces en la sombra<\/em>, Museumsraum San Juan de Dios, Orihuela, Alicante *<br \/>\n<strong>2017 &#8211;&nbsp;<\/strong><em>Homenaje a Miguel Hern\u00e1ndez. 75 aniversario<\/em>, La Lonja, Alicante.<br \/>\n<strong>2016 &#8211;&nbsp;<\/strong><em>XX Premio de Pintura Pastor Calpena<\/em>, Theaterraum Wagner, Aspe, Alicante.<br \/>\n<strong>2016 &#8211;&nbsp;<\/strong><em>Certamen Nacional de Pintura XILX Vila de Sant Joan<\/em>, Haus der Kultur, Sant Joan, Alicante.<br \/>\n<strong>2016 &#8211;&nbsp;<\/strong><em>II Encuentro Internacional de Arte Mediterr\u00e1neo<\/em>, La Lonja, Alicante.<br \/>\n<strong>2016 &#8211;&nbsp;<\/strong><em>Secret Garden<\/em>, Casa del cable, X\u00e0bia, Alicante. *<br \/>\n<strong>2016 &#8211;&nbsp;<\/strong><em>I Encuentro Mediterr\u00e1neo de arte<\/em>, Es Polvor\u00ed, Ibiza.<br \/>\n<strong>2015 &#8211;&nbsp;<\/strong><em>El juego<\/em>, La Lonja, Alicante.<br \/>\n<strong>2015 &#8211;&nbsp;<\/strong><em>XXXIII Certamen Pintura Vila de Benissa<\/em>, Kunstgalerie Taller de Ivars, Benissa, Alicante.*<br \/>\n<strong>2014 &#8211;<\/strong> Gloria Delson Contemporary Art Gallery, Los \u00c1ngeles (USA).<br \/>\n<strong>2014 &#8211;&nbsp;<\/strong><em>Salon des Beaux-Arts de Garches<\/em>, Paris (Frankreich).<br \/>\n<strong>2013 &#8211;<\/strong>&nbsp;<em>Changeart<\/em>, Parking Gallery, Alicante.<br \/>\n<strong>2012 &#8211;&nbsp;<\/strong><em>VI Certamen Nacional de Minicuadros Muz-Mart\u00ednez<\/em>, Galerie San Vicente, Alicante. *<br \/>\n<strong>2011 &#8211;&nbsp;<\/strong><em>XVI Premio de Pintura Ciutat d\u2019Algemes\u00ed<\/em>, Museo de la Fiesta, Algemes\u00ed, Valencia. *<br \/>\n<strong>2011 &#8211;&nbsp;<\/strong><em>V Certamen Nacional de Minicuadros Muz-Mart\u00ednez<\/em>, Galerie San Vicente, Alicante. *<br \/>\n<strong>2010 &#8211;&nbsp;<\/strong><em>VII Certamen Nacional de Pintura<\/em>, Stiftung Jorge Ali\u00f3, Alicante. *<br \/>\n<strong>2009 &#8211;&nbsp;<\/strong><em>Certamen de Arte Mutxamel 2009<\/em>, Haus der Kultur, Mutxamel, Alicante. *<br \/>\n<strong>2009 &#8211;&nbsp;<\/strong><em>Certamen de Pintura XLII Vila de Sant Joan<\/em>, Haus der Kultur Sant Joan, Alicante.<br \/>\n<strong>2008 &#8211;&nbsp;<\/strong><em>III Certamen Nacional de Minicuadros Muz-Mart\u00ednez<\/em>, Galerie San Vicente, Alicante. *<br \/>\n<strong>2007 &#8211;&nbsp;<\/strong><em>Convocatoria de Artes Pl\u00e1sticas 2007<\/em>, La Lonja, Alicante. *<br \/>\n<strong>2007 &#8211;&nbsp;<\/strong>Exposici\u00f3n de escultura, Polytechnische Universit\u00e4t Valencia.<br \/>\n<strong>2007 &#8211;&nbsp;<\/strong><em>XXVIII Certamen de Pintura Minicuadros<\/em>, Universit\u00e4t Elx, Alicante.<br \/>\n<strong>2007 &#8211;&nbsp;<\/strong><em>XXVIII Certamen de Pintura Minicuadros<\/em>, Elda Schuhmuseum, Alicante. *<br \/>\n<strong>2004 &#8211;&nbsp;<\/strong><em>Restituire una vita<\/em>, Gaggiano, Mailand (Italien).<\/p>\n<p><strong>Preise \/ Auswahl<\/strong><\/p>\n<p><strong>2022 &#8211;<\/strong> <em>Fer i desfer<\/em>. Premio Ca\u00f1ada Blanch, Centre Cultural La Nau, Valencia.<strong><br \/>\n2022&nbsp;&#8211;&nbsp;<\/strong><em>XL Certamen Pintura Vila de Benissa<\/em>, Alicante. *<br \/>\n<strong>2021 &#8211;<\/strong> Erwerb k\u00fcnstlerischer Arbeiten durch die Generalitat Valenciana.<br \/>\n<strong>2021 &#8211;<\/strong>&nbsp;<em>Stipendien f\u00fcr Forschung, Kreation und kulturelle Innovation, <\/em>Rathaus von Alicante.<br \/>\n<strong>2020 &#8211;&nbsp;<\/strong><em>XXVI Premi de Pintura Ciutat d\u2019Algemes\u00ed<\/em>, Valencia. *<br \/>\n<em><strong>2020 &#8211;&nbsp;<\/strong>EAC<\/em>, Instituto Alacantino de Cultura Juan Gil-Albert, Alicante.*<br \/>\n<strong>2019 &#8211;<\/strong> Ausgezeichnet im <em>Arte en la Casa Bard\u00edn<\/em>, Alicante.<br \/>\n<strong>2019 &#8211;<\/strong>&nbsp;<em>Bienal Art Nostre<\/em>, Alcoi und el Comptat, Alicante.<br \/>\n<strong>2019 &#8211;<\/strong>&nbsp;<em>Sal\u00f3n Internacional Solo Pinturas IV<\/em>, Kunstgalerie der Universit\u00e4t Caldas (Kolumbien).<br \/>\n<strong>2018 &#8211;<\/strong> Dritter Preis im <em>Segundo Certamen de Pintura R\u00e1pida Nocturna de Aspe<\/em>, Alicante.<br \/>\n<strong>2018 &#8211;<\/strong>&nbsp;<em>XXXVI Certamen Pintura Vila de Benissa<\/em>, Alicante. *<br \/>\n<strong>2017 &#8211;&nbsp;<\/strong><em>XXXV Certamen Pintura Vila de Benissa<\/em>, Alicante. *<br \/>\n<strong>2016 &#8211;&nbsp;<\/strong><em>XX Premio de Pintura Pastor Calpena<\/em>, Aspe, Alicante.<br \/>\n<strong>2016 &#8211;&nbsp;<\/strong><em>Certamen Nacional de Pintura XILX Vila de Sant Joan<\/em>, Alicante.<br \/>\n<strong>2015 &#8211;&nbsp;<\/strong><em>XXXIII Certamen Pintura Vila de Benissa<\/em>, Alicante.<br \/>\n<strong>2014 &#8211;<\/strong> Pantalla de la Saatchi Gallery, London (UK).<br \/>\n<strong>2014 &#8211;<\/strong>&nbsp;<em>Salon des Beaux-Arts de Garches<\/em>, Paris (Frankreich).<br \/>\n<strong>2011 &#8211;&nbsp;<\/strong><em>VI Certamen Nacional de Minicuadros Muz-Mart\u00ednez<\/em>, Galerie San Vicente, Alicante.<br \/>\n<strong>2010 &#8211;&nbsp;<\/strong><em>Concurso de Pintura Ciutat d\u2019Algemes\u00ed<\/em>, Valencia.<br \/>\n<strong>2010 &#8211;&nbsp;<\/strong><em>V Certamen Nacional de Minicuadros Muz-Mart\u00ednez<\/em>, Galerie San Vicente, Alicante.<br \/>\n<strong>2010 &#8211;&nbsp;<\/strong><em>VII Certamen Nacional de Pintura<\/em>, Fundaci\u00f3n Jorge Ali\u00f3, Alicante.<br \/>\n<strong>2009&nbsp;&#8211;&nbsp;<\/strong><em>Certamen de Arte Mutxamel 2009<\/em>, Alicante.<br \/>\n<strong>2009&nbsp;&#8211;&nbsp;<\/strong><em>Certamen de Pintura XLII Vila de Sant Joan<\/em>, Alicante.<br \/>\n<strong>2008 &#8211;&nbsp;<\/strong><em>III Certamen Nacional de Minicuadros Muz-Mart\u00ednez<\/em>, Galerie San Vicente, Alicante.<br \/>\n<strong>2007 &#8211;<\/strong> Premiada en <em>Convocatoria de Artes Pl\u00e1sticas 2007<\/em>, La Lonja, Alicante.<br \/>\n<strong>2007 &#8211;<\/strong>&nbsp;<em>XXVIII Certamen de Pintura Minicuadros<\/em>, Elda Schuhmuseum, Alicante.<\/p>\n<p><strong>Kunstmessen<\/strong><\/p>\n<p><strong>2023 &#8211;<\/strong> <em>ArtMadrid<\/em>, Galer\u00eda de Cristal del Palacio de Cibeles, Madrid.&nbsp;<br \/>\n<strong><strong>2022 &#8211;&nbsp;<\/strong><\/strong><em>Estampa<\/em>, Madrid.<strong><br \/>\n2018&nbsp;&#8211;&nbsp;<\/strong><em>Studio Lisboa 018<\/em>, Lissabon, (Portugal). *<br \/>\n<strong>2017 &#8211;&nbsp;<\/strong><em>Cultur3 Club<\/em>. 6\u00aa Feria Nacional de Artistas, Palacio Revillagigedo, Gijon, Asturien. *<br \/>\n<strong>2008 &#8211;&nbsp;<\/strong><em>Open Art Fair<\/em>, Utrecht (Niederlande). *<\/p>\n<p><strong>Ver\u00f6ffentlichungen<\/strong><\/p>\n<p><strong><strong>2023 &#8211; <\/strong><\/strong>ROCHE C\u00c1RCEL, Juan A., 2023.&nbsp;<em>La construcci\u00f3n del sujeto robado<\/em>. Alicante. Universitat d\u2019Alacant. ISBN 978-84-9717-812-9<strong><br \/>\n<strong>2022 &#8211; <\/strong><\/strong>VVAA, 2022.&nbsp;<a href=\"http:\/\/www.percevalgraells.com\/wp-content\/uploads\/2023\/10\/cata\u0300leg-PAV-5.pdf\"><em>Art Contemporani de la Generalitat Valenciana<\/em>.<\/a>&nbsp;Valencia. Consorci de Museus de la Generalitat Valenciana. ISBN 978-84-482-6746-9<br \/>\n<strong><strong>2022 &#8211;<\/strong>&nbsp;<\/strong>VVAA, 2022.&nbsp;<em>Alma de acorde<\/em>. Alicante. Universitat d\u2019Alacant. ISBN 978-84-125392-5-7<br \/>\n<strong>2020 &#8211;<\/strong> GRAELLS, Perceval, 2020.&nbsp;<a href=\"http:\/\/www.percevalgraells.com\/wp-content\/uploads\/2022\/06\/36-PERCEVAL-GRAELLS.pdf\"><em>Timing<\/em>.<\/a>&nbsp;Alicante. Instituto de Cultura Alicantino Juan Gil-Albert. ISBN 978-84-7784-821-9<br \/>\n<strong>2020 &#8211;<\/strong>&nbsp;VVAA, 2020.&nbsp;<a href=\"http:\/\/www.percevalgraells.com\/wp-content\/uploads\/2022\/06\/2020_EAC_catalogo-baja.pdf\"><em>EAC XX Concurso Encuentros de Arte Contempor\u00e1neo<\/em>.<\/a>&nbsp;Alicante.&nbsp;Instituto de Cultura Alicantino Juan Gil-Albert y Museo de la Universidad de Alicante. ISBN 978-84-7784-825-7<br \/>\n<strong>2020 &#8211;<\/strong>&nbsp;VVAA, 2020.&nbsp;<a href=\"http:\/\/www.percevalgraells.com\/wp-content\/uploads\/2022\/06\/XXVI-Premi-de-Pintura.Ciutat-dAlgemesi%CC%81.-1.pdf\"><em>XXVI Premi de Pintura Ciutat d&#8217;Algemes\u00ed<\/em>.<\/a>&nbsp;Algemes\u00ed. Ajuntament d&#8217;Algemes\u00ed. ISBN 978-84-09-27007-1<br \/>\n<strong>2<\/strong><strong>019 &#8211;<\/strong> DE LA CALLE, Rom\u00e0, 2019.&nbsp;<em><a href=\"https:\/\/books.google.de\/books?id=AC66DwAAQBAJ&#038;pg=PA367&#038;lpg=PA367&#038;dq=%C3%A0+punt+perceval+graells&#038;source=bl&#038;ots=4oMdINuBlt&#038;sig=ACfU3U2EAX2cr-moAjaLJ2zJs4NW_8-7jQ&#038;hl=ca&#038;sa=X&#038;ved=2ahUKEwig7sDPpp_pAhXJAewKHaXZD68Q6AEwCnoECAoQAQ#v=onepage&#038;q=%C3%A0%20punt%20perceval%20graells&#038;f=false\">Experi\u00e8ncia est\u00e8tica i cr\u00edtica d\u2019art.<\/a>&nbsp;<\/em>Alacant: Universitat d\u2019Alacant. ISBN 978-84-1302-041-9<br \/>\n<strong>2016 &#8211;<\/strong> KOLLE, M., GARDILL I., (2016).&nbsp;<em><u>Internationale Kunst Heute<\/u><\/em>.&nbsp;Alemanya.&nbsp;IKH-Publishing. ISBN 978-3-9816595-2-8<br \/>\n<strong>2010 &#8211;<\/strong> Kunstwerk <a href=\"http:\/\/www.percevalgraells.com\/wp-content\/uploads\/2023\/10\/IMG_2500-1.jpg\"><em>Observando una mirada<\/em> Magazin-Cover <em>Refractive Surgery<\/em><\/a> (USA).<br \/>\n<strong>2007 &#8211;<\/strong> GRAELLS, Perceval, 2007. <em><u><a href=\"https:\/\/riunet.upv.es\/bitstream\/handle\/10251\/12442\/el%20gesto%20y%20su%20lenguaje.pdf?sequence=1\">El gesto y su lenguaje en la pintura abstracta<\/a><\/u><\/em>. (Die Geste und ihre Sprache in der abstrakten Malerei), UPV, Valencia.<br \/>\n<strong>2006 &#8211;&nbsp;<\/strong><em>El \u00e1guila<\/em>, Malinche (Zeitschrift des Hauses der Amerikas).<\/p>\n<p><strong>Sammlungen<\/strong><\/p>\n<p><strong>New York &#8211;<\/strong> La Nacional<br \/>\n<strong>Castell\u00f3n &#8211;<\/strong>MACVAC- Museum f\u00fcr zeitgen\u00f6ssische Kunst, Vilafam\u00e9s.<br \/>\n<strong>Alicante &#8211;<\/strong> Provinzrat, Handelskammer, Rathaus von L\u2019Alf\u00e0s del Pi, Rathaus von Finestrat, Rathaus von Crevillent, Stiftung Frax.<br \/>\n<strong>PV &#8211;<\/strong> Generalitat Valenciana- Conselleria d\u2019Educaci\u00f3, Cultura i Esport.<br \/>\n<strong>Albacete &#8211;<\/strong> Rathaus von Tarazona de la Mancha.<\/p>\n<p>* Ver\u00f6ffentlichter Katalog.<\/p>\n<p>&nbsp;<\/p>\n","protected":false},"excerpt":{"rendered":"<p>Perceval Graells Elx, 1983. Ausbildung 2020 &#8211; K\u00fcnstlerischer Aufenthalt bei LIA, Leipzig (Deutschland). 2016&nbsp;&#8211;&nbsp;Intensified Abstraction und Painting Studio, The Southwest School of Art, Texas (USA). 2011&nbsp;&#8211;&nbsp;Trainingstage Kulturmanagement, Art Gallery B und der UA, Alicante. 2009&nbsp;&#8211;&nbsp;Kurs Design und Montage von Kunstausstellungen, Instituto Alicantino de Cultura Juan-Gil Albert, Alicante. 2008&nbsp;&#8211;&nbsp;K\u00fcnstlerischer Aufenthalt bei Culturia, Berlin (Deutschland). 2007&nbsp;&#8211;&nbsp;Master in k\u00fcnstlerischer Produktion, Polytechnischen Universit\u00e4t, Valencia&#8230;. <a class=\"more-link\" href=\"https:\/\/www.percevalgraells.com\/de\/biografia\/\">Read More<\/a><\/p>\n","protected":false},"author":1,"featured_media":19,"parent":0,"menu_order":0,"comment_status":"closed","ping_status":"closed","template":"","meta":{"_genesis_hide_title":false,"_genesis_hide_breadcrumbs":false,"_genesis_hide_singular_image":false,"_genesis_hide_footer_widgets":false,"_genesis_custom_body_class":"","_genesis_custom_post_class":"biografia","_genesis_layout":"","ngg_post_thumbnail":0,"footnotes":""},"class_list":{"0":"post-16","1":"page","2":"type-page","3":"status-publish","4":"has-post-thumbnail","6":"entry","7":"biografia"},"_links":{"self":[{"href":"https:\/\/www.percevalgraells.com\/de\/wp-json\/wp\/v2\/pages\/16","targetHints":{"allow":["GET"]}}],"collection":[{"href":"https:\/\/www.percevalgraells.com\/de\/wp-json\/wp\/v2\/pages"}],"about":[{"href":"https:\/\/www.percevalgraells.com\/de\/wp-json\/wp\/v2\/types\/page"}],"author":[{"embeddable":true,"href":"https:\/\/www.percevalgraells.com\/de\/wp-json\/wp\/v2\/users\/1"}],"replies":[{"embeddable":true,"href":"https:\/\/www.percevalgraells.com\/de\/wp-json\/wp\/v2\/comments?post=16"}],"version-history":[{"count":475,"href":"https:\/\/www.percevalgraells.com\/de\/wp-json\/wp\/v2\/pages\/16\/revisions"}],"predecessor-version":[{"id":4763,"href":"https:\/\/www.percevalgraells.com\/de\/wp-json\/wp\/v2\/pages\/16\/revisions\/4763"}],"wp:featuredmedia":[{"embeddable":true,"href":"https:\/\/www.percevalgraells.com\/de\/wp-json\/wp\/v2\/media\/19"}],"wp:attachment":[{"href":"https:\/\/www.percevalgraells.com\/de\/wp-json\/wp\/v2\/media?parent=16"}],"curies":[{"name":"wp","href":"https:\/\/api.w.org\/{rel}","templated":true}]}}