{"id":1832,"date":"2017-10-14T10:36:36","date_gmt":"2017-10-14T10:36:36","guid":{"rendered":"http:\/\/www.percevalgraells.com\/?page_id=1832"},"modified":"2025-08-21T10:11:57","modified_gmt":"2025-08-21T10:11:57","slug":"tracant-memories-la-llotgeta-valencia-2016","status":"publish","type":"page","link":"https:\/\/www.percevalgraells.com\/de\/catala-galeria-dimatges\/tracant-memories-la-llotgeta-valencia-2016\/","title":{"rendered":"Tra\u00e7ant mem\u00f2ries, La Llotgeta, Valencia 2016"},"content":{"rendered":"\n<h2 class=\"wp-block-heading\">Exposici\u00f3n Tra\u00e7ant mem\u00f2ries, Galer\u00eda Asombro, Cocentaina &#8211; 2017<\/h2>\n\n\n<p><!-- default-view.php -->\n<div\n\tclass=\"ngg-galleryoverview default-view\n\t ngg-ajax-pagination-none\t\"\n\tid=\"ngg-gallery-8785cb952b1ac53a4797b05175293578-1\">\n\n\t\t<!-- Thumbnails -->\n\t\t\t\t<div id=\"ngg-image-0\" class=\"ngg-gallery-thumbnail-box\n\t\t\t\t\t\t\t\t\t\t\t\"\n\t\t\t>\n\t\t\t\t\t\t<div class=\"ngg-gallery-thumbnail\">\n\t\t\t<a href=\"https:\/\/www.percevalgraells.com\/wp-content\/gallery\/tracant-memories-la-llotgeta-valencia\/13315508_1130452080310660_1575221643784027989_n.jpg\"\n\t\t\t\ttitle=\"\"\n\t\t\t\tdata-src=\"https:\/\/www.percevalgraells.com\/wp-content\/gallery\/tracant-memories-la-llotgeta-valencia\/13315508_1130452080310660_1575221643784027989_n.jpg\"\n\t\t\t\tdata-thumbnail=\"https:\/\/www.percevalgraells.com\/wp-content\/gallery\/tracant-memories-la-llotgeta-valencia\/thumbs\/thumbs_13315508_1130452080310660_1575221643784027989_n.jpg\"\n\t\t\t\tdata-image-id=\"429\"\n\t\t\t\tdata-title=\"Cartell\"\n\t\t\t\tdata-description=\"\"\n\t\t\t\tdata-image-slug=\"13315508_1130452080310660_1575221643784027989_n\"\n\t\t\t\tclass=\"ngg-fancybox\" rel=\"8785cb952b1ac53a4797b05175293578\">\n\t\t\t\t<img\n\t\t\t\t\ttitle=\"Cartell\"\n\t\t\t\t\talt=\"Cartell\"\n\t\t\t\t\tsrc=\"https:\/\/www.percevalgraells.com\/wp-content\/gallery\/tracant-memories-la-llotgeta-valencia\/thumbs\/thumbs_13315508_1130452080310660_1575221643784027989_n.jpg\"\n\t\t\t\t\twidth=\"240\"\n\t\t\t\t\theight=\"160\"\n\t\t\t\t\tstyle=\"max-width:100%;\"\n\t\t\t\t\/>\n\t\t\t<\/a>\n\t\t<\/div>\n\t\t\t\t\t\t\t<\/div>\n\t\t\t\n\t\t\t\t<div id=\"ngg-image-1\" class=\"ngg-gallery-thumbnail-box\n\t\t\t\t\t\t\t\t\t\t\t\"\n\t\t\t>\n\t\t\t\t\t\t<div class=\"ngg-gallery-thumbnail\">\n\t\t\t<a href=\"https:\/\/www.percevalgraells.com\/wp-content\/gallery\/tracant-memories-la-llotgeta-valencia\/IMG_0356.jpg\"\n\t\t\t\ttitle=\"\"\n\t\t\t\tdata-src=\"https:\/\/www.percevalgraells.com\/wp-content\/gallery\/tracant-memories-la-llotgeta-valencia\/IMG_0356.jpg\"\n\t\t\t\tdata-thumbnail=\"https:\/\/www.percevalgraells.com\/wp-content\/gallery\/tracant-memories-la-llotgeta-valencia\/thumbs\/thumbs_IMG_0356.jpg\"\n\t\t\t\tdata-image-id=\"432\"\n\t\t\t\tdata-title=\"Expo\"\n\t\t\t\tdata-description=\"\"\n\t\t\t\tdata-image-slug=\"img_0356\"\n\t\t\t\tclass=\"ngg-fancybox\" rel=\"8785cb952b1ac53a4797b05175293578\">\n\t\t\t\t<img\n\t\t\t\t\ttitle=\"Expo\"\n\t\t\t\t\talt=\"Expo\"\n\t\t\t\t\tsrc=\"https:\/\/www.percevalgraells.com\/wp-content\/gallery\/tracant-memories-la-llotgeta-valencia\/thumbs\/thumbs_IMG_0356.jpg\"\n\t\t\t\t\twidth=\"240\"\n\t\t\t\t\theight=\"160\"\n\t\t\t\t\tstyle=\"max-width:100%;\"\n\t\t\t\t\/>\n\t\t\t<\/a>\n\t\t<\/div>\n\t\t\t\t\t\t\t<\/div>\n\t\t\t\n\t\t\t\t<div id=\"ngg-image-2\" class=\"ngg-gallery-thumbnail-box\n\t\t\t\t\t\t\t\t\t\t\t\"\n\t\t\t>\n\t\t\t\t\t\t<div class=\"ngg-gallery-thumbnail\">\n\t\t\t<a href=\"https:\/\/www.percevalgraells.com\/wp-content\/gallery\/tracant-memories-la-llotgeta-valencia\/IMG_0361.jpg\"\n\t\t\t\ttitle=\"\"\n\t\t\t\tdata-src=\"https:\/\/www.percevalgraells.com\/wp-content\/gallery\/tracant-memories-la-llotgeta-valencia\/IMG_0361.jpg\"\n\t\t\t\tdata-thumbnail=\"https:\/\/www.percevalgraells.com\/wp-content\/gallery\/tracant-memories-la-llotgeta-valencia\/thumbs\/thumbs_IMG_0361.jpg\"\n\t\t\t\tdata-image-id=\"433\"\n\t\t\t\tdata-title=\"Expo\"\n\t\t\t\tdata-description=\"\"\n\t\t\t\tdata-image-slug=\"img_0361\"\n\t\t\t\tclass=\"ngg-fancybox\" rel=\"8785cb952b1ac53a4797b05175293578\">\n\t\t\t\t<img\n\t\t\t\t\ttitle=\"Expo\"\n\t\t\t\t\talt=\"Expo\"\n\t\t\t\t\tsrc=\"https:\/\/www.percevalgraells.com\/wp-content\/gallery\/tracant-memories-la-llotgeta-valencia\/thumbs\/thumbs_IMG_0361.jpg\"\n\t\t\t\t\twidth=\"240\"\n\t\t\t\t\theight=\"160\"\n\t\t\t\t\tstyle=\"max-width:100%;\"\n\t\t\t\t\/>\n\t\t\t<\/a>\n\t\t<\/div>\n\t\t\t\t\t\t\t<\/div>\n\t\t\t\n\t\t\t\t<div id=\"ngg-image-3\" class=\"ngg-gallery-thumbnail-box\n\t\t\t\t\t\t\t\t\t\t\t\"\n\t\t\t>\n\t\t\t\t\t\t<div class=\"ngg-gallery-thumbnail\">\n\t\t\t<a href=\"https:\/\/www.percevalgraells.com\/wp-content\/gallery\/tracant-memories-la-llotgeta-valencia\/13332927_1071782556201945_8788726517312962703_n.jpg\"\n\t\t\t\ttitle=\"\"\n\t\t\t\tdata-src=\"https:\/\/www.percevalgraells.com\/wp-content\/gallery\/tracant-memories-la-llotgeta-valencia\/13332927_1071782556201945_8788726517312962703_n.jpg\"\n\t\t\t\tdata-thumbnail=\"https:\/\/www.percevalgraells.com\/wp-content\/gallery\/tracant-memories-la-llotgeta-valencia\/thumbs\/thumbs_13332927_1071782556201945_8788726517312962703_n.jpg\"\n\t\t\t\tdata-image-id=\"430\"\n\t\t\t\tdata-title=\"Acte\"\n\t\t\t\tdata-description=\"\"\n\t\t\t\tdata-image-slug=\"13332927_1071782556201945_8788726517312962703_n\"\n\t\t\t\tclass=\"ngg-fancybox\" rel=\"8785cb952b1ac53a4797b05175293578\">\n\t\t\t\t<img\n\t\t\t\t\ttitle=\"Acte\"\n\t\t\t\t\talt=\"Acte\"\n\t\t\t\t\tsrc=\"https:\/\/www.percevalgraells.com\/wp-content\/gallery\/tracant-memories-la-llotgeta-valencia\/thumbs\/thumbs_13332927_1071782556201945_8788726517312962703_n.jpg\"\n\t\t\t\t\twidth=\"240\"\n\t\t\t\t\theight=\"160\"\n\t\t\t\t\tstyle=\"max-width:100%;\"\n\t\t\t\t\/>\n\t\t\t<\/a>\n\t\t<\/div>\n\t\t\t\t\t\t\t<\/div>\n\t\t\t\n\t\t\t\t<div id=\"ngg-image-4\" class=\"ngg-gallery-thumbnail-box\n\t\t\t\t\t\t\t\t\t\t\t\"\n\t\t\t>\n\t\t\t\t\t\t<div class=\"ngg-gallery-thumbnail\">\n\t\t\t<a href=\"https:\/\/www.percevalgraells.com\/wp-content\/gallery\/tracant-memories-la-llotgeta-valencia\/IMG_0400.jpg\"\n\t\t\t\ttitle=\"\"\n\t\t\t\tdata-src=\"https:\/\/www.percevalgraells.com\/wp-content\/gallery\/tracant-memories-la-llotgeta-valencia\/IMG_0400.jpg\"\n\t\t\t\tdata-thumbnail=\"https:\/\/www.percevalgraells.com\/wp-content\/gallery\/tracant-memories-la-llotgeta-valencia\/thumbs\/thumbs_IMG_0400.jpg\"\n\t\t\t\tdata-image-id=\"434\"\n\t\t\t\tdata-title=\"Expo\"\n\t\t\t\tdata-description=\"\"\n\t\t\t\tdata-image-slug=\"img_0400\"\n\t\t\t\tclass=\"ngg-fancybox\" rel=\"8785cb952b1ac53a4797b05175293578\">\n\t\t\t\t<img\n\t\t\t\t\ttitle=\"Expo\"\n\t\t\t\t\talt=\"Expo\"\n\t\t\t\t\tsrc=\"https:\/\/www.percevalgraells.com\/wp-content\/gallery\/tracant-memories-la-llotgeta-valencia\/thumbs\/thumbs_IMG_0400.jpg\"\n\t\t\t\t\twidth=\"240\"\n\t\t\t\t\theight=\"160\"\n\t\t\t\t\tstyle=\"max-width:100%;\"\n\t\t\t\t\/>\n\t\t\t<\/a>\n\t\t<\/div>\n\t\t\t\t\t\t\t<\/div>\n\t\t\t\n\t\t\t\t<div id=\"ngg-image-5\" class=\"ngg-gallery-thumbnail-box\n\t\t\t\t\t\t\t\t\t\t\t\"\n\t\t\t>\n\t\t\t\t\t\t<div class=\"ngg-gallery-thumbnail\">\n\t\t\t<a href=\"https:\/\/www.percevalgraells.com\/wp-content\/gallery\/tracant-memories-la-llotgeta-valencia\/IMG_3064.jpg\"\n\t\t\t\ttitle=\"\"\n\t\t\t\tdata-src=\"https:\/\/www.percevalgraells.com\/wp-content\/gallery\/tracant-memories-la-llotgeta-valencia\/IMG_3064.jpg\"\n\t\t\t\tdata-thumbnail=\"https:\/\/www.percevalgraells.com\/wp-content\/gallery\/tracant-memories-la-llotgeta-valencia\/thumbs\/thumbs_IMG_3064.jpg\"\n\t\t\t\tdata-image-id=\"435\"\n\t\t\t\tdata-title=\"Acte\"\n\t\t\t\tdata-description=\"\"\n\t\t\t\tdata-image-slug=\"img_3064\"\n\t\t\t\tclass=\"ngg-fancybox\" rel=\"8785cb952b1ac53a4797b05175293578\">\n\t\t\t\t<img\n\t\t\t\t\ttitle=\"Acte\"\n\t\t\t\t\talt=\"Acte\"\n\t\t\t\t\tsrc=\"https:\/\/www.percevalgraells.com\/wp-content\/gallery\/tracant-memories-la-llotgeta-valencia\/thumbs\/thumbs_IMG_3064.jpg\"\n\t\t\t\t\twidth=\"240\"\n\t\t\t\t\theight=\"160\"\n\t\t\t\t\tstyle=\"max-width:100%;\"\n\t\t\t\t\/>\n\t\t\t<\/a>\n\t\t<\/div>\n\t\t\t\t\t\t\t<\/div>\n\t\t\t\n\t\t\t\t<div id=\"ngg-image-6\" class=\"ngg-gallery-thumbnail-box\n\t\t\t\t\t\t\t\t\t\t\t\"\n\t\t\t>\n\t\t\t\t\t\t<div class=\"ngg-gallery-thumbnail\">\n\t\t\t<a href=\"https:\/\/www.percevalgraells.com\/wp-content\/gallery\/tracant-memories-la-llotgeta-valencia\/IMG_3066.jpg\"\n\t\t\t\ttitle=\"\"\n\t\t\t\tdata-src=\"https:\/\/www.percevalgraells.com\/wp-content\/gallery\/tracant-memories-la-llotgeta-valencia\/IMG_3066.jpg\"\n\t\t\t\tdata-thumbnail=\"https:\/\/www.percevalgraells.com\/wp-content\/gallery\/tracant-memories-la-llotgeta-valencia\/thumbs\/thumbs_IMG_3066.jpg\"\n\t\t\t\tdata-image-id=\"436\"\n\t\t\t\tdata-title=\"Acte\"\n\t\t\t\tdata-description=\"\"\n\t\t\t\tdata-image-slug=\"img_3066\"\n\t\t\t\tclass=\"ngg-fancybox\" rel=\"8785cb952b1ac53a4797b05175293578\">\n\t\t\t\t<img\n\t\t\t\t\ttitle=\"Acte\"\n\t\t\t\t\talt=\"Acte\"\n\t\t\t\t\tsrc=\"https:\/\/www.percevalgraells.com\/wp-content\/gallery\/tracant-memories-la-llotgeta-valencia\/thumbs\/thumbs_IMG_3066.jpg\"\n\t\t\t\t\twidth=\"240\"\n\t\t\t\t\theight=\"160\"\n\t\t\t\t\tstyle=\"max-width:100%;\"\n\t\t\t\t\/>\n\t\t\t<\/a>\n\t\t<\/div>\n\t\t\t\t\t\t\t<\/div>\n\t\t\t\n\t\t\t\t<div id=\"ngg-image-7\" class=\"ngg-gallery-thumbnail-box\n\t\t\t\t\t\t\t\t\t\t\t\"\n\t\t\t>\n\t\t\t\t\t\t<div class=\"ngg-gallery-thumbnail\">\n\t\t\t<a href=\"https:\/\/www.percevalgraells.com\/wp-content\/gallery\/tracant-memories-la-llotgeta-valencia\/IMG_3069.jpg\"\n\t\t\t\ttitle=\"\"\n\t\t\t\tdata-src=\"https:\/\/www.percevalgraells.com\/wp-content\/gallery\/tracant-memories-la-llotgeta-valencia\/IMG_3069.jpg\"\n\t\t\t\tdata-thumbnail=\"https:\/\/www.percevalgraells.com\/wp-content\/gallery\/tracant-memories-la-llotgeta-valencia\/thumbs\/thumbs_IMG_3069.jpg\"\n\t\t\t\tdata-image-id=\"437\"\n\t\t\t\tdata-title=\"Acte\"\n\t\t\t\tdata-description=\"\"\n\t\t\t\tdata-image-slug=\"img_3069\"\n\t\t\t\tclass=\"ngg-fancybox\" rel=\"8785cb952b1ac53a4797b05175293578\">\n\t\t\t\t<img\n\t\t\t\t\ttitle=\"Acte\"\n\t\t\t\t\talt=\"Acte\"\n\t\t\t\t\tsrc=\"https:\/\/www.percevalgraells.com\/wp-content\/gallery\/tracant-memories-la-llotgeta-valencia\/thumbs\/thumbs_IMG_3069.jpg\"\n\t\t\t\t\twidth=\"240\"\n\t\t\t\t\theight=\"160\"\n\t\t\t\t\tstyle=\"max-width:100%;\"\n\t\t\t\t\/>\n\t\t\t<\/a>\n\t\t<\/div>\n\t\t\t\t\t\t\t<\/div>\n\t\t\t\n\t\t\t\t<div id=\"ngg-image-8\" class=\"ngg-gallery-thumbnail-box\n\t\t\t\t\t\t\t\t\t\t\t\"\n\t\t\t>\n\t\t\t\t\t\t<div class=\"ngg-gallery-thumbnail\">\n\t\t\t<a href=\"https:\/\/www.percevalgraells.com\/wp-content\/gallery\/tracant-memories-la-llotgeta-valencia\/IMG_7997.jpg\"\n\t\t\t\ttitle=\"\"\n\t\t\t\tdata-src=\"https:\/\/www.percevalgraells.com\/wp-content\/gallery\/tracant-memories-la-llotgeta-valencia\/IMG_7997.jpg\"\n\t\t\t\tdata-thumbnail=\"https:\/\/www.percevalgraells.com\/wp-content\/gallery\/tracant-memories-la-llotgeta-valencia\/thumbs\/thumbs_IMG_7997.jpg\"\n\t\t\t\tdata-image-id=\"438\"\n\t\t\t\tdata-title=\"M\u00fasic\"\n\t\t\t\tdata-description=\"\"\n\t\t\t\tdata-image-slug=\"img_7997\"\n\t\t\t\tclass=\"ngg-fancybox\" rel=\"8785cb952b1ac53a4797b05175293578\">\n\t\t\t\t<img\n\t\t\t\t\ttitle=\"M\u00fasic\"\n\t\t\t\t\talt=\"M\u00fasic\"\n\t\t\t\t\tsrc=\"https:\/\/www.percevalgraells.com\/wp-content\/gallery\/tracant-memories-la-llotgeta-valencia\/thumbs\/thumbs_IMG_7997.jpg\"\n\t\t\t\t\twidth=\"240\"\n\t\t\t\t\theight=\"160\"\n\t\t\t\t\tstyle=\"max-width:100%;\"\n\t\t\t\t\/>\n\t\t\t<\/a>\n\t\t<\/div>\n\t\t\t\t\t\t\t<\/div>\n\t\t\t\n\t\t\t\t<div id=\"ngg-image-9\" class=\"ngg-gallery-thumbnail-box\n\t\t\t\t\t\t\t\t\t\t\t\"\n\t\t\t>\n\t\t\t\t\t\t<div class=\"ngg-gallery-thumbnail\">\n\t\t\t<a href=\"https:\/\/www.percevalgraells.com\/wp-content\/gallery\/tracant-memories-la-llotgeta-valencia\/IMG_8003.jpg\"\n\t\t\t\ttitle=\"\"\n\t\t\t\tdata-src=\"https:\/\/www.percevalgraells.com\/wp-content\/gallery\/tracant-memories-la-llotgeta-valencia\/IMG_8003.jpg\"\n\t\t\t\tdata-thumbnail=\"https:\/\/www.percevalgraells.com\/wp-content\/gallery\/tracant-memories-la-llotgeta-valencia\/thumbs\/thumbs_IMG_8003.jpg\"\n\t\t\t\tdata-image-id=\"439\"\n\t\t\t\tdata-title=\"Expo\"\n\t\t\t\tdata-description=\"\"\n\t\t\t\tdata-image-slug=\"img_8003\"\n\t\t\t\tclass=\"ngg-fancybox\" rel=\"8785cb952b1ac53a4797b05175293578\">\n\t\t\t\t<img\n\t\t\t\t\ttitle=\"Expo\"\n\t\t\t\t\talt=\"Expo\"\n\t\t\t\t\tsrc=\"https:\/\/www.percevalgraells.com\/wp-content\/gallery\/tracant-memories-la-llotgeta-valencia\/thumbs\/thumbs_IMG_8003.jpg\"\n\t\t\t\t\twidth=\"240\"\n\t\t\t\t\theight=\"160\"\n\t\t\t\t\tstyle=\"max-width:100%;\"\n\t\t\t\t\/>\n\t\t\t<\/a>\n\t\t<\/div>\n\t\t\t\t\t\t\t<\/div>\n\t\t\t\n\t\t\t\t<div id=\"ngg-image-10\" class=\"ngg-gallery-thumbnail-box\n\t\t\t\t\t\t\t\t\t\t\t\"\n\t\t\t>\n\t\t\t\t\t\t<div class=\"ngg-gallery-thumbnail\">\n\t\t\t<a href=\"https:\/\/www.percevalgraells.com\/wp-content\/gallery\/tracant-memories-la-llotgeta-valencia\/IMG_8023.jpg\"\n\t\t\t\ttitle=\"\"\n\t\t\t\tdata-src=\"https:\/\/www.percevalgraells.com\/wp-content\/gallery\/tracant-memories-la-llotgeta-valencia\/IMG_8023.jpg\"\n\t\t\t\tdata-thumbnail=\"https:\/\/www.percevalgraells.com\/wp-content\/gallery\/tracant-memories-la-llotgeta-valencia\/thumbs\/thumbs_IMG_8023.jpg\"\n\t\t\t\tdata-image-id=\"440\"\n\t\t\t\tdata-title=\"Acte\"\n\t\t\t\tdata-description=\"\"\n\t\t\t\tdata-image-slug=\"img_8023\"\n\t\t\t\tclass=\"ngg-fancybox\" rel=\"8785cb952b1ac53a4797b05175293578\">\n\t\t\t\t<img\n\t\t\t\t\ttitle=\"Acte\"\n\t\t\t\t\talt=\"Acte\"\n\t\t\t\t\tsrc=\"https:\/\/www.percevalgraells.com\/wp-content\/gallery\/tracant-memories-la-llotgeta-valencia\/thumbs\/thumbs_IMG_8023.jpg\"\n\t\t\t\t\twidth=\"240\"\n\t\t\t\t\theight=\"160\"\n\t\t\t\t\tstyle=\"max-width:100%;\"\n\t\t\t\t\/>\n\t\t\t<\/a>\n\t\t<\/div>\n\t\t\t\t\t\t\t<\/div>\n\t\t\t\n\t\t\t\t<div id=\"ngg-image-11\" class=\"ngg-gallery-thumbnail-box\n\t\t\t\t\t\t\t\t\t\t\t\"\n\t\t\t>\n\t\t\t\t\t\t<div class=\"ngg-gallery-thumbnail\">\n\t\t\t<a href=\"https:\/\/www.percevalgraells.com\/wp-content\/gallery\/tracant-memories-la-llotgeta-valencia\/IMG_8034.jpg\"\n\t\t\t\ttitle=\"\"\n\t\t\t\tdata-src=\"https:\/\/www.percevalgraells.com\/wp-content\/gallery\/tracant-memories-la-llotgeta-valencia\/IMG_8034.jpg\"\n\t\t\t\tdata-thumbnail=\"https:\/\/www.percevalgraells.com\/wp-content\/gallery\/tracant-memories-la-llotgeta-valencia\/thumbs\/thumbs_IMG_8034.jpg\"\n\t\t\t\tdata-image-id=\"441\"\n\t\t\t\tdata-title=\"Acte\"\n\t\t\t\tdata-description=\"\"\n\t\t\t\tdata-image-slug=\"img_8034\"\n\t\t\t\tclass=\"ngg-fancybox\" rel=\"8785cb952b1ac53a4797b05175293578\">\n\t\t\t\t<img\n\t\t\t\t\ttitle=\"Acte\"\n\t\t\t\t\talt=\"Acte\"\n\t\t\t\t\tsrc=\"https:\/\/www.percevalgraells.com\/wp-content\/gallery\/tracant-memories-la-llotgeta-valencia\/thumbs\/thumbs_IMG_8034.jpg\"\n\t\t\t\t\twidth=\"240\"\n\t\t\t\t\theight=\"160\"\n\t\t\t\t\tstyle=\"max-width:100%;\"\n\t\t\t\t\/>\n\t\t\t<\/a>\n\t\t<\/div>\n\t\t\t\t\t\t\t<\/div>\n\t\t\t\n\t\t\t\t<div id=\"ngg-image-12\" class=\"ngg-gallery-thumbnail-box\n\t\t\t\t\t\t\t\t\t\t\t\"\n\t\t\t>\n\t\t\t\t\t\t<div class=\"ngg-gallery-thumbnail\">\n\t\t\t<a href=\"https:\/\/www.percevalgraells.com\/wp-content\/gallery\/tracant-memories-la-llotgeta-valencia\/IMG_8037.jpg\"\n\t\t\t\ttitle=\"\"\n\t\t\t\tdata-src=\"https:\/\/www.percevalgraells.com\/wp-content\/gallery\/tracant-memories-la-llotgeta-valencia\/IMG_8037.jpg\"\n\t\t\t\tdata-thumbnail=\"https:\/\/www.percevalgraells.com\/wp-content\/gallery\/tracant-memories-la-llotgeta-valencia\/thumbs\/thumbs_IMG_8037.jpg\"\n\t\t\t\tdata-image-id=\"442\"\n\t\t\t\tdata-title=\"Acte\"\n\t\t\t\tdata-description=\"\"\n\t\t\t\tdata-image-slug=\"img_8037\"\n\t\t\t\tclass=\"ngg-fancybox\" rel=\"8785cb952b1ac53a4797b05175293578\">\n\t\t\t\t<img\n\t\t\t\t\ttitle=\"Acte\"\n\t\t\t\t\talt=\"Acte\"\n\t\t\t\t\tsrc=\"https:\/\/www.percevalgraells.com\/wp-content\/gallery\/tracant-memories-la-llotgeta-valencia\/thumbs\/thumbs_IMG_8037.jpg\"\n\t\t\t\t\twidth=\"240\"\n\t\t\t\t\theight=\"160\"\n\t\t\t\t\tstyle=\"max-width:100%;\"\n\t\t\t\t\/>\n\t\t\t<\/a>\n\t\t<\/div>\n\t\t\t\t\t\t\t<\/div>\n\t\t\t\n\t\t\t\t<div id=\"ngg-image-13\" class=\"ngg-gallery-thumbnail-box\n\t\t\t\t\t\t\t\t\t\t\t\"\n\t\t\t>\n\t\t\t\t\t\t<div class=\"ngg-gallery-thumbnail\">\n\t\t\t<a href=\"https:\/\/www.percevalgraells.com\/wp-content\/gallery\/tracant-memories-la-llotgeta-valencia\/IMG_8053.jpg\"\n\t\t\t\ttitle=\"\"\n\t\t\t\tdata-src=\"https:\/\/www.percevalgraells.com\/wp-content\/gallery\/tracant-memories-la-llotgeta-valencia\/IMG_8053.jpg\"\n\t\t\t\tdata-thumbnail=\"https:\/\/www.percevalgraells.com\/wp-content\/gallery\/tracant-memories-la-llotgeta-valencia\/thumbs\/thumbs_IMG_8053.jpg\"\n\t\t\t\tdata-image-id=\"443\"\n\t\t\t\tdata-title=\"Expo\"\n\t\t\t\tdata-description=\"\"\n\t\t\t\tdata-image-slug=\"img_8053\"\n\t\t\t\tclass=\"ngg-fancybox\" rel=\"8785cb952b1ac53a4797b05175293578\">\n\t\t\t\t<img\n\t\t\t\t\ttitle=\"Expo\"\n\t\t\t\t\talt=\"Expo\"\n\t\t\t\t\tsrc=\"https:\/\/www.percevalgraells.com\/wp-content\/gallery\/tracant-memories-la-llotgeta-valencia\/thumbs\/thumbs_IMG_8053.jpg\"\n\t\t\t\t\twidth=\"240\"\n\t\t\t\t\theight=\"160\"\n\t\t\t\t\tstyle=\"max-width:100%;\"\n\t\t\t\t\/>\n\t\t\t<\/a>\n\t\t<\/div>\n\t\t\t\t\t\t\t<\/div>\n\t\t\t\n\t\t\t\t<div id=\"ngg-image-14\" class=\"ngg-gallery-thumbnail-box\n\t\t\t\t\t\t\t\t\t\t\t\"\n\t\t\t>\n\t\t\t\t\t\t<div class=\"ngg-gallery-thumbnail\">\n\t\t\t<a href=\"https:\/\/www.percevalgraells.com\/wp-content\/gallery\/tracant-memories-la-llotgeta-valencia\/FlyerTMcat.jpg\"\n\t\t\t\ttitle=\"\"\n\t\t\t\tdata-src=\"https:\/\/www.percevalgraells.com\/wp-content\/gallery\/tracant-memories-la-llotgeta-valencia\/FlyerTMcat.jpg\"\n\t\t\t\tdata-thumbnail=\"https:\/\/www.percevalgraells.com\/wp-content\/gallery\/tracant-memories-la-llotgeta-valencia\/thumbs\/thumbs_FlyerTMcat.jpg\"\n\t\t\t\tdata-image-id=\"431\"\n\t\t\t\tdata-title=\"Flyer\"\n\t\t\t\tdata-description=\"\"\n\t\t\t\tdata-image-slug=\"flyertmcat\"\n\t\t\t\tclass=\"ngg-fancybox\" rel=\"8785cb952b1ac53a4797b05175293578\">\n\t\t\t\t<img\n\t\t\t\t\ttitle=\"Flyer\"\n\t\t\t\t\talt=\"Flyer\"\n\t\t\t\t\tsrc=\"https:\/\/www.percevalgraells.com\/wp-content\/gallery\/tracant-memories-la-llotgeta-valencia\/thumbs\/thumbs_FlyerTMcat.jpg\"\n\t\t\t\t\twidth=\"240\"\n\t\t\t\t\theight=\"160\"\n\t\t\t\t\tstyle=\"max-width:100%;\"\n\t\t\t\t\/>\n\t\t\t<\/a>\n\t\t<\/div>\n\t\t\t\t\t\t\t<\/div>\n\t\t\t\n\t\n\t<br style=\"clear: both\" \/>\n\n\t\n\t\t<!-- Pagination -->\n\t\t<div class='ngg-clear'><\/div>\t<\/div>\n<\/p>","protected":false},"excerpt":{"rendered":"<p>Exposici\u00f3n Tra\u00e7ant mem\u00f2ries, Galer\u00eda Asombro, Cocentaina &#8211; 2017<\/p>\n","protected":false},"author":2,"featured_media":0,"parent":204,"menu_order":0,"comment_status":"closed","ping_status":"closed","template":"","meta":{"_genesis_hide_title":false,"_genesis_hide_breadcrumbs":false,"_genesis_hide_singular_image":false,"_genesis_hide_footer_widgets":false,"_genesis_custom_body_class":"","_genesis_custom_post_class":"","_genesis_layout":"","ngg_post_thumbnail":0,"footnotes":""},"class_list":{"0":"post-1832","1":"page","2":"type-page","3":"status-publish","5":"entry"},"_links":{"self":[{"href":"https:\/\/www.percevalgraells.com\/de\/wp-json\/wp\/v2\/pages\/1832","targetHints":{"allow":["GET"]}}],"collection":[{"href":"https:\/\/www.percevalgraells.com\/de\/wp-json\/wp\/v2\/pages"}],"about":[{"href":"https:\/\/www.percevalgraells.com\/de\/wp-json\/wp\/v2\/types\/page"}],"author":[{"embeddable":true,"href":"https:\/\/www.percevalgraells.com\/de\/wp-json\/wp\/v2\/users\/2"}],"replies":[{"embeddable":true,"href":"https:\/\/www.percevalgraells.com\/de\/wp-json\/wp\/v2\/comments?post=1832"}],"version-history":[{"count":2,"href":"https:\/\/www.percevalgraells.com\/de\/wp-json\/wp\/v2\/pages\/1832\/revisions"}],"predecessor-version":[{"id":4707,"href":"https:\/\/www.percevalgraells.com\/de\/wp-json\/wp\/v2\/pages\/1832\/revisions\/4707"}],"up":[{"embeddable":true,"href":"https:\/\/www.percevalgraells.com\/de\/wp-json\/wp\/v2\/pages\/204"}],"wp:attachment":[{"href":"https:\/\/www.percevalgraells.com\/de\/wp-json\/wp\/v2\/media?parent=1832"}],"curies":[{"name":"wp","href":"https:\/\/api.w.org\/{rel}","templated":true}]}}