{"id":252,"date":"2016-09-09T16:21:17","date_gmt":"2016-09-09T16:21:17","guid":{"rendered":"http:\/\/www.percevalgraells.com\/?page_id=252"},"modified":"2016-09-09T16:35:41","modified_gmt":"2016-09-09T16:35:41","slug":"pruebas","status":"publish","type":"page","link":"https:\/\/www.percevalgraells.com\/de\/pruebas\/","title":{"rendered":"Pruebas"},"content":{"rendered":"<p><!-- default-view.php -->\n<div\n\tclass=\"ngg-galleryoverview default-view\n\t ngg-ajax-pagination-none\t\"\n\tid=\"ngg-gallery-4db290f0d3704a0e88c1cfa3f50f543c-1\">\n\n\t\t<!-- Thumbnails -->\n\t\t\t\t<div id=\"ngg-image-0\" class=\"ngg-gallery-thumbnail-box\n\t\t\t\t\t\t\t\tngg-2-columns\t\t\t\"\n\t\t\t>\n\t\t\t\t\t\t<div class=\"ngg-gallery-thumbnail\">\n\t\t\t<a href=\"https:\/\/www.percevalgraells.com\/wp-content\/gallery\/01\/05-05-a-medianoche.jpg\"\n\t\t\t\ttitle=\"&lt;p style=&quot;height: 17px;vertical-align: middle;margin:0px;&quot;&gt;tama\u00f1o x tama\u00f1o.A\u00f1o &lt;\/p&gt;&lt;p style=&quot;height: 17px;vertical-align: middle;margin:0px;&quot;&gt;Acuarela sobre tela.&lt;\/p&gt; &lt;p style=&quot;height: 17px;vertical-align: middle;margin:0px;&quot;&gt;&lt;span style=&quot;color:red; font-size: 850%;height: 17px; vertical-align: middle;&quot;&gt;\u00b7&lt;\/span&gt;Colecci\u00f3n privada de ... xxx&lt;\/p&gt;\"\n\t\t\t\tdata-src=\"https:\/\/www.percevalgraells.com\/wp-content\/gallery\/01\/05-05-a-medianoche.jpg\"\n\t\t\t\tdata-thumbnail=\"https:\/\/www.percevalgraells.com\/wp-content\/gallery\/01\/thumbs\/thumbs_05-05-a-medianoche.jpg\"\n\t\t\t\tdata-image-id=\"1\"\n\t\t\t\tdata-title=\"A media noche\"\n\t\t\t\tdata-description=\"&lt;p style=&quot;height: 17px;vertical-align: middle;margin:0px;&quot;&gt;tama\u00f1o x tama\u00f1o.A\u00f1o &lt;\/p&gt;&lt;p style=&quot;height: 17px;vertical-align: middle;margin:0px;&quot;&gt;Acuarela sobre tela.&lt;\/p&gt; &lt;p style=&quot;height: 17px;vertical-align: middle;margin:0px;&quot;&gt;&lt;span style=&quot;color:red; font-size: 850%;height: 17px; vertical-align: middle;&quot;&gt;\u00b7&lt;\/span&gt;Colecci\u00f3n privada de ... xxx&lt;\/p&gt;\"\n\t\t\t\tdata-image-slug=\"05-05-a-medianoche\"\n\t\t\t\tclass=\"ngg-fancybox\" rel=\"4db290f0d3704a0e88c1cfa3f50f543c\">\n\t\t\t\t<img\n\t\t\t\t\ttitle=\"A media noche\"\n\t\t\t\t\talt=\"A media noche\"\n\t\t\t\t\tsrc=\"https:\/\/www.percevalgraells.com\/wp-content\/gallery\/01\/thumbs\/thumbs_05-05-a-medianoche.jpg\"\n\t\t\t\t\twidth=\"240\"\n\t\t\t\t\theight=\"160\"\n\t\t\t\t\tstyle=\"max-width:100%;\"\n\t\t\t\t\/>\n\t\t\t<\/a>\n\t\t<\/div>\n\t\t\t\t\t\t\t<\/div>\n\t\t\t\n\t\t\t\t<div id=\"ngg-image-1\" class=\"ngg-gallery-thumbnail-box\n\t\t\t\t\t\t\t\tngg-2-columns\t\t\t\"\n\t\t\t>\n\t\t\t\t\t\t<div class=\"ngg-gallery-thumbnail\">\n\t\t\t<a href=\"https:\/\/www.percevalgraells.com\/wp-content\/gallery\/01\/09-07-o-emprenent-el-vol.JPG\"\n\t\t\t\ttitle=\"&lt;p style=&quot;height: 17px;vertical-align: middle;margin:0px;&quot;&gt;tama\u00f1o x tama\u00f1o.A\u00f1o &lt;\/p&gt;&lt;p style=&quot;height: 17px;vertical-align: middle;margin:0px;&quot;&gt;Acuarela sobre tela.&lt;\/p&gt; &lt;p style=&quot;height: 17px;vertical-align: middle;margin:0px;&quot;&gt;&lt;span style=&quot;color:green; font-size: 850%;height: 17px; vertical-align: middle;&quot;&gt;\u00b7&lt;\/span&gt;&lt;\/p&gt;\"\n\t\t\t\tdata-src=\"https:\/\/www.percevalgraells.com\/wp-content\/gallery\/01\/09-07-o-emprenent-el-vol.JPG\"\n\t\t\t\tdata-thumbnail=\"https:\/\/www.percevalgraells.com\/wp-content\/gallery\/01\/thumbs\/thumbs_09-07-o-emprenent-el-vol.JPG\"\n\t\t\t\tdata-image-id=\"2\"\n\t\t\t\tdata-title=\"09-07-o-emprenent-el-vol\"\n\t\t\t\tdata-description=\"&lt;p style=&quot;height: 17px;vertical-align: middle;margin:0px;&quot;&gt;tama\u00f1o x tama\u00f1o.A\u00f1o &lt;\/p&gt;&lt;p style=&quot;height: 17px;vertical-align: middle;margin:0px;&quot;&gt;Acuarela sobre tela.&lt;\/p&gt; &lt;p style=&quot;height: 17px;vertical-align: middle;margin:0px;&quot;&gt;&lt;span style=&quot;color:green; font-size: 850%;height: 17px; vertical-align: middle;&quot;&gt;\u00b7&lt;\/span&gt;&lt;\/p&gt;\"\n\t\t\t\tdata-image-slug=\"09-07-o-emprenent-el-vol\"\n\t\t\t\tclass=\"ngg-fancybox\" rel=\"4db290f0d3704a0e88c1cfa3f50f543c\">\n\t\t\t\t<img\n\t\t\t\t\ttitle=\"09-07-o-emprenent-el-vol\"\n\t\t\t\t\talt=\"09-07-o-emprenent-el-vol\"\n\t\t\t\t\tsrc=\"https:\/\/www.percevalgraells.com\/wp-content\/gallery\/01\/thumbs\/thumbs_09-07-o-emprenent-el-vol.JPG\"\n\t\t\t\t\twidth=\"240\"\n\t\t\t\t\theight=\"160\"\n\t\t\t\t\tstyle=\"max-width:100%;\"\n\t\t\t\t\/>\n\t\t\t<\/a>\n\t\t<\/div>\n\t\t\t\t\t\t\t<\/div>\n\t\t\t\n\t\t\t\t<div id=\"ngg-image-2\" class=\"ngg-gallery-thumbnail-box\n\t\t\t\t\t\t\t\tngg-2-columns\t\t\t\"\n\t\t\t>\n\t\t\t\t\t\t<div class=\"ngg-gallery-thumbnail\">\n\t\t\t<a href=\"https:\/\/www.percevalgraells.com\/wp-content\/gallery\/01\/18-16-o-una-voz-inesperada.jpg\"\n\t\t\t\ttitle=\"&lt;p style=&quot;height: 17px;vertical-align: middle;margin:0px;&quot;&gt; &lt;i&gt;18\/16 o una voz inesperada&lt;\/i&gt;, 2007 &lt;\/p&gt; &lt;p style=&quot;height: 17px;vertical-align: middle;margin:0px;&quot;&gt; Acr\u00edlico sobre tela. 146x114 cm. &lt;\/p&gt; &lt;p style=&quot;height: 17px;vertical-align: middle;margin:0px;&quot;&gt; &lt;span style=&quot;color:red; font-size: 850%;height: 17px; vertical-align: middle;&quot;&gt;\u00b7&lt;\/span&gt; Colecci\u00f3n privada M.M. &lt;\/p&gt;\"\n\t\t\t\tdata-src=\"https:\/\/www.percevalgraells.com\/wp-content\/gallery\/01\/18-16-o-una-voz-inesperada.jpg\"\n\t\t\t\tdata-thumbnail=\"https:\/\/www.percevalgraells.com\/wp-content\/gallery\/01\/thumbs\/thumbs_18-16-o-una-voz-inesperada.jpg\"\n\t\t\t\tdata-image-id=\"3\"\n\t\t\t\tdata-title=\"18-16-o-una-voz-inesperada\"\n\t\t\t\tdata-description=\"&lt;p style=&quot;height: 17px;vertical-align: middle;margin:0px;&quot;&gt; &lt;i&gt;18\/16 o una voz inesperada&lt;\/i&gt;, 2007 &lt;\/p&gt; &lt;p style=&quot;height: 17px;vertical-align: middle;margin:0px;&quot;&gt; Acr\u00edlico sobre tela. 146x114 cm. &lt;\/p&gt; &lt;p style=&quot;height: 17px;vertical-align: middle;margin:0px;&quot;&gt; &lt;span style=&quot;color:red; font-size: 850%;height: 17px; vertical-align: middle;&quot;&gt;\u00b7&lt;\/span&gt; Colecci\u00f3n privada M.M. &lt;\/p&gt;\"\n\t\t\t\tdata-image-slug=\"18-16-o-una-voz-inesperada\"\n\t\t\t\tclass=\"ngg-fancybox\" rel=\"4db290f0d3704a0e88c1cfa3f50f543c\">\n\t\t\t\t<img\n\t\t\t\t\ttitle=\"18-16-o-una-voz-inesperada\"\n\t\t\t\t\talt=\"18-16-o-una-voz-inesperada\"\n\t\t\t\t\tsrc=\"https:\/\/www.percevalgraells.com\/wp-content\/gallery\/01\/thumbs\/thumbs_18-16-o-una-voz-inesperada.jpg\"\n\t\t\t\t\twidth=\"240\"\n\t\t\t\t\theight=\"160\"\n\t\t\t\t\tstyle=\"max-width:100%;\"\n\t\t\t\t\/>\n\t\t\t<\/a>\n\t\t<\/div>\n\t\t\t\t\t\t\t<\/div>\n\t\t\t\n\t\t\t\t<div id=\"ngg-image-3\" class=\"ngg-gallery-thumbnail-box\n\t\t\t\t\t\t\t\tngg-2-columns\t\t\t\"\n\t\t\t>\n\t\t\t\t\t\t<div class=\"ngg-gallery-thumbnail\">\n\t\t\t<a href=\"https:\/\/www.percevalgraells.com\/wp-content\/gallery\/01\/27-05.jpg\"\n\t\t\t\ttitle=\"\"\n\t\t\t\tdata-src=\"https:\/\/www.percevalgraells.com\/wp-content\/gallery\/01\/27-05.jpg\"\n\t\t\t\tdata-thumbnail=\"https:\/\/www.percevalgraells.com\/wp-content\/gallery\/01\/thumbs\/thumbs_27-05.jpg\"\n\t\t\t\tdata-image-id=\"4\"\n\t\t\t\tdata-title=\"27-05\"\n\t\t\t\tdata-description=\"\"\n\t\t\t\tdata-image-slug=\"27-05\"\n\t\t\t\tclass=\"ngg-fancybox\" rel=\"4db290f0d3704a0e88c1cfa3f50f543c\">\n\t\t\t\t<img\n\t\t\t\t\ttitle=\"27-05\"\n\t\t\t\t\talt=\"27-05\"\n\t\t\t\t\tsrc=\"https:\/\/www.percevalgraells.com\/wp-content\/gallery\/01\/thumbs\/thumbs_27-05.jpg\"\n\t\t\t\t\twidth=\"240\"\n\t\t\t\t\theight=\"160\"\n\t\t\t\t\tstyle=\"max-width:100%;\"\n\t\t\t\t\/>\n\t\t\t<\/a>\n\t\t<\/div>\n\t\t\t\t\t\t\t<\/div>\n\t\t\t\n\t\t\t\t<div id=\"ngg-image-4\" class=\"ngg-gallery-thumbnail-box\n\t\t\t\t\t\t\t\tngg-2-columns\t\t\t\"\n\t\t\t>\n\t\t\t\t\t\t<div class=\"ngg-gallery-thumbnail\">\n\t\t\t<a href=\"https:\/\/www.percevalgraells.com\/wp-content\/gallery\/01\/Aires-nuevos.jpg\"\n\t\t\t\ttitle=\"\"\n\t\t\t\tdata-src=\"https:\/\/www.percevalgraells.com\/wp-content\/gallery\/01\/Aires-nuevos.jpg\"\n\t\t\t\tdata-thumbnail=\"https:\/\/www.percevalgraells.com\/wp-content\/gallery\/01\/thumbs\/thumbs_Aires-nuevos.jpg\"\n\t\t\t\tdata-image-id=\"5\"\n\t\t\t\tdata-title=\"Aires-nuevos\"\n\t\t\t\tdata-description=\"\"\n\t\t\t\tdata-image-slug=\"aires-nuevos\"\n\t\t\t\tclass=\"ngg-fancybox\" rel=\"4db290f0d3704a0e88c1cfa3f50f543c\">\n\t\t\t\t<img\n\t\t\t\t\ttitle=\"Aires-nuevos\"\n\t\t\t\t\talt=\"Aires-nuevos\"\n\t\t\t\t\tsrc=\"https:\/\/www.percevalgraells.com\/wp-content\/gallery\/01\/thumbs\/thumbs_Aires-nuevos.jpg\"\n\t\t\t\t\twidth=\"240\"\n\t\t\t\t\theight=\"160\"\n\t\t\t\t\tstyle=\"max-width:100%;\"\n\t\t\t\t\/>\n\t\t\t<\/a>\n\t\t<\/div>\n\t\t\t\t\t\t\t<\/div>\n\t\t\t\n\t\t\t\t<div id=\"ngg-image-5\" class=\"ngg-gallery-thumbnail-box\n\t\t\t\t\t\t\t\tngg-2-columns\t\t\t\"\n\t\t\t>\n\t\t\t\t\t\t<div class=\"ngg-gallery-thumbnail\">\n\t\t\t<a href=\"https:\/\/www.percevalgraells.com\/wp-content\/gallery\/01\/Au-bord-de-la-Seine.jpg\"\n\t\t\t\ttitle=\"\"\n\t\t\t\tdata-src=\"https:\/\/www.percevalgraells.com\/wp-content\/gallery\/01\/Au-bord-de-la-Seine.jpg\"\n\t\t\t\tdata-thumbnail=\"https:\/\/www.percevalgraells.com\/wp-content\/gallery\/01\/thumbs\/thumbs_Au-bord-de-la-Seine.jpg\"\n\t\t\t\tdata-image-id=\"6\"\n\t\t\t\tdata-title=\"Au-bord-de-la-Seine\"\n\t\t\t\tdata-description=\"\"\n\t\t\t\tdata-image-slug=\"au-bord-de-la-seine\"\n\t\t\t\tclass=\"ngg-fancybox\" rel=\"4db290f0d3704a0e88c1cfa3f50f543c\">\n\t\t\t\t<img\n\t\t\t\t\ttitle=\"Au-bord-de-la-Seine\"\n\t\t\t\t\talt=\"Au-bord-de-la-Seine\"\n\t\t\t\t\tsrc=\"https:\/\/www.percevalgraells.com\/wp-content\/gallery\/01\/thumbs\/thumbs_Au-bord-de-la-Seine.jpg\"\n\t\t\t\t\twidth=\"240\"\n\t\t\t\t\theight=\"160\"\n\t\t\t\t\tstyle=\"max-width:100%;\"\n\t\t\t\t\/>\n\t\t\t<\/a>\n\t\t<\/div>\n\t\t\t\t\t\t\t<\/div>\n\t\t\t\n\t\t\t\t<div id=\"ngg-image-6\" class=\"ngg-gallery-thumbnail-box\n\t\t\t\t\t\t\t\tngg-2-columns\t\t\t\"\n\t\t\t>\n\t\t\t\t\t\t<div class=\"ngg-gallery-thumbnail\">\n\t\t\t<a href=\"https:\/\/www.percevalgraells.com\/wp-content\/gallery\/01\/Ausente-del-mundo.jpg\"\n\t\t\t\ttitle=\"\"\n\t\t\t\tdata-src=\"https:\/\/www.percevalgraells.com\/wp-content\/gallery\/01\/Ausente-del-mundo.jpg\"\n\t\t\t\tdata-thumbnail=\"https:\/\/www.percevalgraells.com\/wp-content\/gallery\/01\/thumbs\/thumbs_Ausente-del-mundo.jpg\"\n\t\t\t\tdata-image-id=\"7\"\n\t\t\t\tdata-title=\"Ausente-del-mundo\"\n\t\t\t\tdata-description=\"\"\n\t\t\t\tdata-image-slug=\"ausente-del-mundo\"\n\t\t\t\tclass=\"ngg-fancybox\" rel=\"4db290f0d3704a0e88c1cfa3f50f543c\">\n\t\t\t\t<img\n\t\t\t\t\ttitle=\"Ausente-del-mundo\"\n\t\t\t\t\talt=\"Ausente-del-mundo\"\n\t\t\t\t\tsrc=\"https:\/\/www.percevalgraells.com\/wp-content\/gallery\/01\/thumbs\/thumbs_Ausente-del-mundo.jpg\"\n\t\t\t\t\twidth=\"240\"\n\t\t\t\t\theight=\"160\"\n\t\t\t\t\tstyle=\"max-width:100%;\"\n\t\t\t\t\/>\n\t\t\t<\/a>\n\t\t<\/div>\n\t\t\t\t\t\t\t<\/div>\n\t\t\t\n\t\t\t\t<div id=\"ngg-image-7\" class=\"ngg-gallery-thumbnail-box\n\t\t\t\t\t\t\t\tngg-2-columns\t\t\t\"\n\t\t\t>\n\t\t\t\t\t\t<div class=\"ngg-gallery-thumbnail\">\n\t\t\t<a href=\"https:\/\/www.percevalgraells.com\/wp-content\/gallery\/01\/Breathing-with-D-in-C-P.jpg\"\n\t\t\t\ttitle=\"\"\n\t\t\t\tdata-src=\"https:\/\/www.percevalgraells.com\/wp-content\/gallery\/01\/Breathing-with-D-in-C-P.jpg\"\n\t\t\t\tdata-thumbnail=\"https:\/\/www.percevalgraells.com\/wp-content\/gallery\/01\/thumbs\/thumbs_Breathing-with-D-in-C-P.jpg\"\n\t\t\t\tdata-image-id=\"8\"\n\t\t\t\tdata-title=\"Breathing-with-D-in-C-P\"\n\t\t\t\tdata-description=\"\"\n\t\t\t\tdata-image-slug=\"breathing-with-d-in-c-p\"\n\t\t\t\tclass=\"ngg-fancybox\" rel=\"4db290f0d3704a0e88c1cfa3f50f543c\">\n\t\t\t\t<img\n\t\t\t\t\ttitle=\"Breathing-with-D-in-C-P\"\n\t\t\t\t\talt=\"Breathing-with-D-in-C-P\"\n\t\t\t\t\tsrc=\"https:\/\/www.percevalgraells.com\/wp-content\/gallery\/01\/thumbs\/thumbs_Breathing-with-D-in-C-P.jpg\"\n\t\t\t\t\twidth=\"240\"\n\t\t\t\t\theight=\"160\"\n\t\t\t\t\tstyle=\"max-width:100%;\"\n\t\t\t\t\/>\n\t\t\t<\/a>\n\t\t<\/div>\n\t\t\t\t\t\t\t<\/div>\n\t\t\t\n\t\t\t\t<div id=\"ngg-image-8\" class=\"ngg-gallery-thumbnail-box\n\t\t\t\t\t\t\t\tngg-2-columns\t\t\t\"\n\t\t\t>\n\t\t\t\t\t\t<div class=\"ngg-gallery-thumbnail\">\n\t\t\t<a href=\"https:\/\/www.percevalgraells.com\/wp-content\/gallery\/01\/Buscando-el-equilibrio.jpg\"\n\t\t\t\ttitle=\"\"\n\t\t\t\tdata-src=\"https:\/\/www.percevalgraells.com\/wp-content\/gallery\/01\/Buscando-el-equilibrio.jpg\"\n\t\t\t\tdata-thumbnail=\"https:\/\/www.percevalgraells.com\/wp-content\/gallery\/01\/thumbs\/thumbs_Buscando-el-equilibrio.jpg\"\n\t\t\t\tdata-image-id=\"9\"\n\t\t\t\tdata-title=\"Buscando-el-equilibrio\"\n\t\t\t\tdata-description=\"\"\n\t\t\t\tdata-image-slug=\"buscando-el-equilibrio\"\n\t\t\t\tclass=\"ngg-fancybox\" rel=\"4db290f0d3704a0e88c1cfa3f50f543c\">\n\t\t\t\t<img\n\t\t\t\t\ttitle=\"Buscando-el-equilibrio\"\n\t\t\t\t\talt=\"Buscando-el-equilibrio\"\n\t\t\t\t\tsrc=\"https:\/\/www.percevalgraells.com\/wp-content\/gallery\/01\/thumbs\/thumbs_Buscando-el-equilibrio.jpg\"\n\t\t\t\t\twidth=\"240\"\n\t\t\t\t\theight=\"160\"\n\t\t\t\t\tstyle=\"max-width:100%;\"\n\t\t\t\t\/>\n\t\t\t<\/a>\n\t\t<\/div>\n\t\t\t\t\t\t\t<\/div>\n\t\t\t\n\t\t\t\t<div id=\"ngg-image-9\" class=\"ngg-gallery-thumbnail-box\n\t\t\t\t\t\t\t\tngg-2-columns\t\t\t\"\n\t\t\t>\n\t\t\t\t\t\t<div class=\"ngg-gallery-thumbnail\">\n\t\t\t<a href=\"https:\/\/www.percevalgraells.com\/wp-content\/gallery\/01\/Camino-indefinido.jpg\"\n\t\t\t\ttitle=\"\"\n\t\t\t\tdata-src=\"https:\/\/www.percevalgraells.com\/wp-content\/gallery\/01\/Camino-indefinido.jpg\"\n\t\t\t\tdata-thumbnail=\"https:\/\/www.percevalgraells.com\/wp-content\/gallery\/01\/thumbs\/thumbs_Camino-indefinido.jpg\"\n\t\t\t\tdata-image-id=\"10\"\n\t\t\t\tdata-title=\"Camino-indefinido\"\n\t\t\t\tdata-description=\"\"\n\t\t\t\tdata-image-slug=\"camino-indefinido\"\n\t\t\t\tclass=\"ngg-fancybox\" rel=\"4db290f0d3704a0e88c1cfa3f50f543c\">\n\t\t\t\t<img\n\t\t\t\t\ttitle=\"Camino-indefinido\"\n\t\t\t\t\talt=\"Camino-indefinido\"\n\t\t\t\t\tsrc=\"https:\/\/www.percevalgraells.com\/wp-content\/gallery\/01\/thumbs\/thumbs_Camino-indefinido.jpg\"\n\t\t\t\t\twidth=\"240\"\n\t\t\t\t\theight=\"160\"\n\t\t\t\t\tstyle=\"max-width:100%;\"\n\t\t\t\t\/>\n\t\t\t<\/a>\n\t\t<\/div>\n\t\t\t\t\t\t\t<\/div>\n\t\t\t\n\t\t\t\t<div id=\"ngg-image-10\" class=\"ngg-gallery-thumbnail-box\n\t\t\t\t\t\t\t\tngg-2-columns\t\t\t\"\n\t\t\t>\n\t\t\t\t\t\t<div class=\"ngg-gallery-thumbnail\">\n\t\t\t<a href=\"https:\/\/www.percevalgraells.com\/wp-content\/gallery\/01\/Construyendo-algo-nuevo.jpg\"\n\t\t\t\ttitle=\"\"\n\t\t\t\tdata-src=\"https:\/\/www.percevalgraells.com\/wp-content\/gallery\/01\/Construyendo-algo-nuevo.jpg\"\n\t\t\t\tdata-thumbnail=\"https:\/\/www.percevalgraells.com\/wp-content\/gallery\/01\/thumbs\/thumbs_Construyendo-algo-nuevo.jpg\"\n\t\t\t\tdata-image-id=\"11\"\n\t\t\t\tdata-title=\"Construyendo-algo-nuevo\"\n\t\t\t\tdata-description=\"\"\n\t\t\t\tdata-image-slug=\"construyendo-algo-nuevo\"\n\t\t\t\tclass=\"ngg-fancybox\" rel=\"4db290f0d3704a0e88c1cfa3f50f543c\">\n\t\t\t\t<img\n\t\t\t\t\ttitle=\"Construyendo-algo-nuevo\"\n\t\t\t\t\talt=\"Construyendo-algo-nuevo\"\n\t\t\t\t\tsrc=\"https:\/\/www.percevalgraells.com\/wp-content\/gallery\/01\/thumbs\/thumbs_Construyendo-algo-nuevo.jpg\"\n\t\t\t\t\twidth=\"240\"\n\t\t\t\t\theight=\"160\"\n\t\t\t\t\tstyle=\"max-width:100%;\"\n\t\t\t\t\/>\n\t\t\t<\/a>\n\t\t<\/div>\n\t\t\t\t\t\t\t<\/div>\n\t\t\t\n\t\t\t\t<div id=\"ngg-image-11\" class=\"ngg-gallery-thumbnail-box\n\t\t\t\t\t\t\t\tngg-2-columns\t\t\t\"\n\t\t\t>\n\t\t\t\t\t\t<div class=\"ngg-gallery-thumbnail\">\n\t\t\t<a href=\"https:\/\/www.percevalgraells.com\/wp-content\/gallery\/01\/Dulce-locura.jpg\"\n\t\t\t\ttitle=\"\"\n\t\t\t\tdata-src=\"https:\/\/www.percevalgraells.com\/wp-content\/gallery\/01\/Dulce-locura.jpg\"\n\t\t\t\tdata-thumbnail=\"https:\/\/www.percevalgraells.com\/wp-content\/gallery\/01\/thumbs\/thumbs_Dulce-locura.jpg\"\n\t\t\t\tdata-image-id=\"12\"\n\t\t\t\tdata-title=\"Dulce-locura\"\n\t\t\t\tdata-description=\"\"\n\t\t\t\tdata-image-slug=\"dulce-locura\"\n\t\t\t\tclass=\"ngg-fancybox\" rel=\"4db290f0d3704a0e88c1cfa3f50f543c\">\n\t\t\t\t<img\n\t\t\t\t\ttitle=\"Dulce-locura\"\n\t\t\t\t\talt=\"Dulce-locura\"\n\t\t\t\t\tsrc=\"https:\/\/www.percevalgraells.com\/wp-content\/gallery\/01\/thumbs\/thumbs_Dulce-locura.jpg\"\n\t\t\t\t\twidth=\"240\"\n\t\t\t\t\theight=\"160\"\n\t\t\t\t\tstyle=\"max-width:100%;\"\n\t\t\t\t\/>\n\t\t\t<\/a>\n\t\t<\/div>\n\t\t\t\t\t\t\t<\/div>\n\t\t\t\n\t\t\t\t<div id=\"ngg-image-12\" class=\"ngg-gallery-thumbnail-box\n\t\t\t\t\t\t\t\tngg-2-columns\t\t\t\"\n\t\t\t>\n\t\t\t\t\t\t<div class=\"ngg-gallery-thumbnail\">\n\t\t\t<a href=\"https:\/\/www.percevalgraells.com\/wp-content\/gallery\/01\/Imaginant.jpg\"\n\t\t\t\ttitle=\"\"\n\t\t\t\tdata-src=\"https:\/\/www.percevalgraells.com\/wp-content\/gallery\/01\/Imaginant.jpg\"\n\t\t\t\tdata-thumbnail=\"https:\/\/www.percevalgraells.com\/wp-content\/gallery\/01\/thumbs\/thumbs_Imaginant.jpg\"\n\t\t\t\tdata-image-id=\"13\"\n\t\t\t\tdata-title=\"Imaginant\"\n\t\t\t\tdata-description=\"\"\n\t\t\t\tdata-image-slug=\"imaginant\"\n\t\t\t\tclass=\"ngg-fancybox\" rel=\"4db290f0d3704a0e88c1cfa3f50f543c\">\n\t\t\t\t<img\n\t\t\t\t\ttitle=\"Imaginant\"\n\t\t\t\t\talt=\"Imaginant\"\n\t\t\t\t\tsrc=\"https:\/\/www.percevalgraells.com\/wp-content\/gallery\/01\/thumbs\/thumbs_Imaginant.jpg\"\n\t\t\t\t\twidth=\"240\"\n\t\t\t\t\theight=\"160\"\n\t\t\t\t\tstyle=\"max-width:100%;\"\n\t\t\t\t\/>\n\t\t\t<\/a>\n\t\t<\/div>\n\t\t\t\t\t\t\t<\/div>\n\t\t\t\n\t\t\t\t<div id=\"ngg-image-13\" class=\"ngg-gallery-thumbnail-box\n\t\t\t\t\t\t\t\tngg-2-columns\t\t\t\"\n\t\t\t>\n\t\t\t\t\t\t<div class=\"ngg-gallery-thumbnail\">\n\t\t\t<a href=\"https:\/\/www.percevalgraells.com\/wp-content\/gallery\/01\/Latidos-de-melancolia.jpg\"\n\t\t\t\ttitle=\"\"\n\t\t\t\tdata-src=\"https:\/\/www.percevalgraells.com\/wp-content\/gallery\/01\/Latidos-de-melancolia.jpg\"\n\t\t\t\tdata-thumbnail=\"https:\/\/www.percevalgraells.com\/wp-content\/gallery\/01\/thumbs\/thumbs_Latidos-de-melancolia.jpg\"\n\t\t\t\tdata-image-id=\"14\"\n\t\t\t\tdata-title=\"Latidos-de-melancolia\"\n\t\t\t\tdata-description=\"\"\n\t\t\t\tdata-image-slug=\"latidos-de-melancolia\"\n\t\t\t\tclass=\"ngg-fancybox\" rel=\"4db290f0d3704a0e88c1cfa3f50f543c\">\n\t\t\t\t<img\n\t\t\t\t\ttitle=\"Latidos-de-melancolia\"\n\t\t\t\t\talt=\"Latidos-de-melancolia\"\n\t\t\t\t\tsrc=\"https:\/\/www.percevalgraells.com\/wp-content\/gallery\/01\/thumbs\/thumbs_Latidos-de-melancolia.jpg\"\n\t\t\t\t\twidth=\"240\"\n\t\t\t\t\theight=\"160\"\n\t\t\t\t\tstyle=\"max-width:100%;\"\n\t\t\t\t\/>\n\t\t\t<\/a>\n\t\t<\/div>\n\t\t\t\t\t\t\t<\/div>\n\t\t\t\n\t\t\t\t<div id=\"ngg-image-14\" class=\"ngg-gallery-thumbnail-box\n\t\t\t\t\t\t\t\tngg-2-columns\t\t\t\"\n\t\t\t>\n\t\t\t\t\t\t<div class=\"ngg-gallery-thumbnail\">\n\t\t\t<a href=\"https:\/\/www.percevalgraells.com\/wp-content\/gallery\/01\/Petites-histories-1.jpg\"\n\t\t\t\ttitle=\"\"\n\t\t\t\tdata-src=\"https:\/\/www.percevalgraells.com\/wp-content\/gallery\/01\/Petites-histories-1.jpg\"\n\t\t\t\tdata-thumbnail=\"https:\/\/www.percevalgraells.com\/wp-content\/gallery\/01\/thumbs\/thumbs_Petites-histories-1.jpg\"\n\t\t\t\tdata-image-id=\"15\"\n\t\t\t\tdata-title=\"Petites-histories-1\"\n\t\t\t\tdata-description=\"\"\n\t\t\t\tdata-image-slug=\"petites-histories-1\"\n\t\t\t\tclass=\"ngg-fancybox\" rel=\"4db290f0d3704a0e88c1cfa3f50f543c\">\n\t\t\t\t<img\n\t\t\t\t\ttitle=\"Petites-histories-1\"\n\t\t\t\t\talt=\"Petites-histories-1\"\n\t\t\t\t\tsrc=\"https:\/\/www.percevalgraells.com\/wp-content\/gallery\/01\/thumbs\/thumbs_Petites-histories-1.jpg\"\n\t\t\t\t\twidth=\"240\"\n\t\t\t\t\theight=\"160\"\n\t\t\t\t\tstyle=\"max-width:100%;\"\n\t\t\t\t\/>\n\t\t\t<\/a>\n\t\t<\/div>\n\t\t\t\t\t\t\t<\/div>\n\t\t\t\n\t\t\t\t<div id=\"ngg-image-15\" class=\"ngg-gallery-thumbnail-box\n\t\t\t\t\t\t\t\tngg-2-columns\t\t\t\"\n\t\t\t>\n\t\t\t\t\t\t<div class=\"ngg-gallery-thumbnail\">\n\t\t\t<a href=\"https:\/\/www.percevalgraells.com\/wp-content\/gallery\/01\/Petites-histories-2.jpg\"\n\t\t\t\ttitle=\"\"\n\t\t\t\tdata-src=\"https:\/\/www.percevalgraells.com\/wp-content\/gallery\/01\/Petites-histories-2.jpg\"\n\t\t\t\tdata-thumbnail=\"https:\/\/www.percevalgraells.com\/wp-content\/gallery\/01\/thumbs\/thumbs_Petites-histories-2.jpg\"\n\t\t\t\tdata-image-id=\"16\"\n\t\t\t\tdata-title=\"Petites-histories-2\"\n\t\t\t\tdata-description=\"\"\n\t\t\t\tdata-image-slug=\"petites-histories-2\"\n\t\t\t\tclass=\"ngg-fancybox\" rel=\"4db290f0d3704a0e88c1cfa3f50f543c\">\n\t\t\t\t<img\n\t\t\t\t\ttitle=\"Petites-histories-2\"\n\t\t\t\t\talt=\"Petites-histories-2\"\n\t\t\t\t\tsrc=\"https:\/\/www.percevalgraells.com\/wp-content\/gallery\/01\/thumbs\/thumbs_Petites-histories-2.jpg\"\n\t\t\t\t\twidth=\"240\"\n\t\t\t\t\theight=\"160\"\n\t\t\t\t\tstyle=\"max-width:100%;\"\n\t\t\t\t\/>\n\t\t\t<\/a>\n\t\t<\/div>\n\t\t\t\t\t\t\t<\/div>\n\t\t\t\n\t\t\t\t<div id=\"ngg-image-16\" class=\"ngg-gallery-thumbnail-box\n\t\t\t\t\t\t\t\tngg-2-columns\t\t\t\"\n\t\t\t>\n\t\t\t\t\t\t<div class=\"ngg-gallery-thumbnail\">\n\t\t\t<a href=\"https:\/\/www.percevalgraells.com\/wp-content\/gallery\/01\/Petites-histories-3.jpg\"\n\t\t\t\ttitle=\"\"\n\t\t\t\tdata-src=\"https:\/\/www.percevalgraells.com\/wp-content\/gallery\/01\/Petites-histories-3.jpg\"\n\t\t\t\tdata-thumbnail=\"https:\/\/www.percevalgraells.com\/wp-content\/gallery\/01\/thumbs\/thumbs_Petites-histories-3.jpg\"\n\t\t\t\tdata-image-id=\"17\"\n\t\t\t\tdata-title=\"Petites-histories-3\"\n\t\t\t\tdata-description=\"\"\n\t\t\t\tdata-image-slug=\"petites-histories-3\"\n\t\t\t\tclass=\"ngg-fancybox\" rel=\"4db290f0d3704a0e88c1cfa3f50f543c\">\n\t\t\t\t<img\n\t\t\t\t\ttitle=\"Petites-histories-3\"\n\t\t\t\t\talt=\"Petites-histories-3\"\n\t\t\t\t\tsrc=\"https:\/\/www.percevalgraells.com\/wp-content\/gallery\/01\/thumbs\/thumbs_Petites-histories-3.jpg\"\n\t\t\t\t\twidth=\"240\"\n\t\t\t\t\theight=\"160\"\n\t\t\t\t\tstyle=\"max-width:100%;\"\n\t\t\t\t\/>\n\t\t\t<\/a>\n\t\t<\/div>\n\t\t\t\t\t\t\t<\/div>\n\t\t\t\n\t\t\t\t<div id=\"ngg-image-17\" class=\"ngg-gallery-thumbnail-box\n\t\t\t\t\t\t\t\tngg-2-columns\t\t\t\"\n\t\t\t>\n\t\t\t\t\t\t<div class=\"ngg-gallery-thumbnail\">\n\t\t\t<a href=\"https:\/\/www.percevalgraells.com\/wp-content\/gallery\/01\/Petites-histories-4.jpg\"\n\t\t\t\ttitle=\"\"\n\t\t\t\tdata-src=\"https:\/\/www.percevalgraells.com\/wp-content\/gallery\/01\/Petites-histories-4.jpg\"\n\t\t\t\tdata-thumbnail=\"https:\/\/www.percevalgraells.com\/wp-content\/gallery\/01\/thumbs\/thumbs_Petites-histories-4.jpg\"\n\t\t\t\tdata-image-id=\"18\"\n\t\t\t\tdata-title=\"Petites-histories-4\"\n\t\t\t\tdata-description=\"\"\n\t\t\t\tdata-image-slug=\"petites-histories-4\"\n\t\t\t\tclass=\"ngg-fancybox\" rel=\"4db290f0d3704a0e88c1cfa3f50f543c\">\n\t\t\t\t<img\n\t\t\t\t\ttitle=\"Petites-histories-4\"\n\t\t\t\t\talt=\"Petites-histories-4\"\n\t\t\t\t\tsrc=\"https:\/\/www.percevalgraells.com\/wp-content\/gallery\/01\/thumbs\/thumbs_Petites-histories-4.jpg\"\n\t\t\t\t\twidth=\"240\"\n\t\t\t\t\theight=\"160\"\n\t\t\t\t\tstyle=\"max-width:100%;\"\n\t\t\t\t\/>\n\t\t\t<\/a>\n\t\t<\/div>\n\t\t\t\t\t\t\t<\/div>\n\t\t\t\n\t\t\t\t<div id=\"ngg-image-18\" class=\"ngg-gallery-thumbnail-box\n\t\t\t\t\t\t\t\tngg-2-columns\t\t\t\"\n\t\t\t>\n\t\t\t\t\t\t<div class=\"ngg-gallery-thumbnail\">\n\t\t\t<a href=\"https:\/\/www.percevalgraells.com\/wp-content\/gallery\/01\/Respirando-tranquilidad.jpg\"\n\t\t\t\ttitle=\"\"\n\t\t\t\tdata-src=\"https:\/\/www.percevalgraells.com\/wp-content\/gallery\/01\/Respirando-tranquilidad.jpg\"\n\t\t\t\tdata-thumbnail=\"https:\/\/www.percevalgraells.com\/wp-content\/gallery\/01\/thumbs\/thumbs_Respirando-tranquilidad.jpg\"\n\t\t\t\tdata-image-id=\"19\"\n\t\t\t\tdata-title=\"Respirando-tranquilidad\"\n\t\t\t\tdata-description=\"\"\n\t\t\t\tdata-image-slug=\"respirando-tranquilidad\"\n\t\t\t\tclass=\"ngg-fancybox\" rel=\"4db290f0d3704a0e88c1cfa3f50f543c\">\n\t\t\t\t<img\n\t\t\t\t\ttitle=\"Respirando-tranquilidad\"\n\t\t\t\t\talt=\"Respirando-tranquilidad\"\n\t\t\t\t\tsrc=\"https:\/\/www.percevalgraells.com\/wp-content\/gallery\/01\/thumbs\/thumbs_Respirando-tranquilidad.jpg\"\n\t\t\t\t\twidth=\"240\"\n\t\t\t\t\theight=\"160\"\n\t\t\t\t\tstyle=\"max-width:100%;\"\n\t\t\t\t\/>\n\t\t\t<\/a>\n\t\t<\/div>\n\t\t\t\t\t\t\t<\/div>\n\t\t\t\n\t\t\t\t<div id=\"ngg-image-19\" class=\"ngg-gallery-thumbnail-box\n\t\t\t\t\t\t\t\tngg-2-columns\t\t\t\"\n\t\t\t>\n\t\t\t\t\t\t<div class=\"ngg-gallery-thumbnail\">\n\t\t\t<a href=\"https:\/\/www.percevalgraells.com\/wp-content\/gallery\/01\/Ruido-entre-silencio.jpg\"\n\t\t\t\ttitle=\"\"\n\t\t\t\tdata-src=\"https:\/\/www.percevalgraells.com\/wp-content\/gallery\/01\/Ruido-entre-silencio.jpg\"\n\t\t\t\tdata-thumbnail=\"https:\/\/www.percevalgraells.com\/wp-content\/gallery\/01\/thumbs\/thumbs_Ruido-entre-silencio.jpg\"\n\t\t\t\tdata-image-id=\"20\"\n\t\t\t\tdata-title=\"Ruido-entre-silencio\"\n\t\t\t\tdata-description=\"\"\n\t\t\t\tdata-image-slug=\"ruido-entre-silencio\"\n\t\t\t\tclass=\"ngg-fancybox\" rel=\"4db290f0d3704a0e88c1cfa3f50f543c\">\n\t\t\t\t<img\n\t\t\t\t\ttitle=\"Ruido-entre-silencio\"\n\t\t\t\t\talt=\"Ruido-entre-silencio\"\n\t\t\t\t\tsrc=\"https:\/\/www.percevalgraells.com\/wp-content\/gallery\/01\/thumbs\/thumbs_Ruido-entre-silencio.jpg\"\n\t\t\t\t\twidth=\"240\"\n\t\t\t\t\theight=\"160\"\n\t\t\t\t\tstyle=\"max-width:100%;\"\n\t\t\t\t\/>\n\t\t\t<\/a>\n\t\t<\/div>\n\t\t\t\t\t\t\t<\/div>\n\t\t\t\n\t\n\t<br style=\"clear: both\" \/>\n\n\t\n\t\t<!-- Pagination -->\n\t\t<div class='ngg-navigation'><span class='current'>1<\/span>\n<a class='page-numbers' data-pageid='2' href='https:\/\/www.percevalgraells.com\/de\/pruebas\/nggallery\/page\/2'>2<\/a>\n<a class='prev' href='https:\/\/www.percevalgraells.com\/de\/pruebas\/nggallery\/page\/2' data-pageid=2>&#9658;<\/a><\/div>\t<\/div>\n<\/p>\n","protected":false},"excerpt":{"rendered":"<p>1 2 &#9658;<\/p>\n","protected":false},"author":1,"featured_media":0,"parent":0,"menu_order":0,"comment_status":"closed","ping_status":"closed","template":"","meta":{"_genesis_hide_title":false,"_genesis_hide_breadcrumbs":false,"_genesis_hide_singular_image":false,"_genesis_hide_footer_widgets":false,"_genesis_custom_body_class":"","_genesis_custom_post_class":"","_genesis_layout":"","ngg_post_thumbnail":0,"footnotes":""},"class_list":{"0":"post-252","1":"page","2":"type-page","3":"status-publish","5":"entry"},"_links":{"self":[{"href":"https:\/\/www.percevalgraells.com\/de\/wp-json\/wp\/v2\/pages\/252","targetHints":{"allow":["GET"]}}],"collection":[{"href":"https:\/\/www.percevalgraells.com\/de\/wp-json\/wp\/v2\/pages"}],"about":[{"href":"https:\/\/www.percevalgraells.com\/de\/wp-json\/wp\/v2\/types\/page"}],"author":[{"embeddable":true,"href":"https:\/\/www.percevalgraells.com\/de\/wp-json\/wp\/v2\/users\/1"}],"replies":[{"embeddable":true,"href":"https:\/\/www.percevalgraells.com\/de\/wp-json\/wp\/v2\/comments?post=252"}],"version-history":[{"count":2,"href":"https:\/\/www.percevalgraells.com\/de\/wp-json\/wp\/v2\/pages\/252\/revisions"}],"predecessor-version":[{"id":255,"href":"https:\/\/www.percevalgraells.com\/de\/wp-json\/wp\/v2\/pages\/252\/revisions\/255"}],"wp:attachment":[{"href":"https:\/\/www.percevalgraells.com\/de\/wp-json\/wp\/v2\/media?parent=252"}],"curies":[{"name":"wp","href":"https:\/\/api.w.org\/{rel}","templated":true}]}}