{"id":204,"date":"2016-09-02T16:43:30","date_gmt":"2016-09-02T16:43:30","guid":{"rendered":"http:\/\/www.percevalgraells.com\/?page_id=204"},"modified":"2025-11-17T13:57:51","modified_gmt":"2025-11-17T13:57:51","slug":"catala-galeria-dimatges","status":"publish","type":"page","link":"https:\/\/www.percevalgraells.com\/en\/catala-galeria-dimatges\/","title":{"rendered":"Photo gallery"},"content":{"rendered":"<p><iframe loading=\"lazy\" src=\"https:\/\/www.youtube.com\/embed\/Ofjvs4lkvA0\" width=\"870\" height=\"490\" frameborder=\"0\" allowfullscreen=\"allowfullscreen\"><\/iframe><\/p>\n<p><a href=\"http:\/\/www.percevalgraells.com\/notas-y-vivencias-ateneo-alicante-2018\/\"><em>Notas y vivencias<\/em>, Ateneo, Alicante 2018<\/a><\/p>\n<p><a href=\"http:\/\/www.percevalgraells.com\/index.php\/tracant-memories-galeria-asombro-cocentaina-2017\/\"><em>Tra\u00e7ant mem\u00f2ries<\/em>, Galer\u00eda Asombro, Cocentaina 2017<\/a><\/p>\n<p><a href=\"http:\/\/www.percevalgraells.com\/index.php\/tracant-memories-la-llotgeta-valencia-2016\/\"><em>Tra\u00e7ant mem\u00f2ries<\/em>, La Llotgeta, Valencia 2016<\/a><\/p>\n<p><a href=\"http:\/\/www.percevalgraells.com\/index.php\/colors-de-lanima-casa-de-cultura-alcoi-2016\/\"><em>Colors de l&#8217;\u00e0nima<\/em>, Casa de Cultura, Alcoi 2016<\/a><\/p>\n<p><a href=\"http:\/\/www.percevalgraells.com\/index.php\/secret-garden-casa-del-cable-javea-2016\/\"><em>Secret Garden<\/em>, Casa del Cable, J\u00e1vea 2016<\/a><\/p>\n<p><a href=\"http:\/\/www.percevalgraells.com\/index.php\/moments-fundacion-frax-lalfas-del-pi-2015\/\"><em>Moments<\/em>, Fundaci\u00f3n Frax, L&#8217;Alf\u00e0s del Pi 2015<\/a><\/p>\n<p><a href=\"http:\/\/www.percevalgraells.com\/index.php\/moments-la-nacional-ny-2015\/\"><em>Moments<\/em>, La Nacional, NY 2015<\/a><\/p>\n<p><a href=\"http:\/\/www.percevalgraells.com\/index.php\/lutetia-casa-de-cultura-crevillent-2015\/\"><em>Lutetia<\/em>, Casa de Cultura, Crevillent 2015<\/a><\/p>\n<p><a href=\"http:\/\/www.percevalgraells.com\/index.php\/arte-ultimo-la-lonja-alicante-2012\/\"><em>Arte \u00faltimo<\/em>, La Lonja, Alicante 2012<\/a><\/p>\n<p>&nbsp;<\/p>\n","protected":false},"excerpt":{"rendered":"<p>Notas y vivencias, Ateneo, Alicante 2018 Tra\u00e7ant mem\u00f2ries, Galer\u00eda Asombro, Cocentaina 2017 Tra\u00e7ant mem\u00f2ries, La Llotgeta, Valencia 2016 Colors de l&#8217;\u00e0nima, Casa de Cultura, Alcoi 2016 Secret Garden, Casa del Cable, J\u00e1vea 2016 Moments, Fundaci\u00f3n Frax, L&#8217;Alf\u00e0s del Pi 2015 Moments, La Nacional, NY 2015 Lutetia, Casa de Cultura, Crevillent 2015 Arte \u00faltimo, La Lonja, Alicante 2012 &nbsp;<\/p>\n","protected":false},"author":2,"featured_media":0,"parent":0,"menu_order":0,"comment_status":"closed","ping_status":"closed","template":"","meta":{"_genesis_hide_title":false,"_genesis_hide_breadcrumbs":false,"_genesis_hide_singular_image":false,"_genesis_hide_footer_widgets":false,"_genesis_custom_body_class":"","_genesis_custom_post_class":"","_genesis_layout":"","ngg_post_thumbnail":0,"footnotes":""},"class_list":{"0":"post-204","1":"page","2":"type-page","3":"status-publish","5":"entry"},"_links":{"self":[{"href":"https:\/\/www.percevalgraells.com\/en\/wp-json\/wp\/v2\/pages\/204","targetHints":{"allow":["GET"]}}],"collection":[{"href":"https:\/\/www.percevalgraells.com\/en\/wp-json\/wp\/v2\/pages"}],"about":[{"href":"https:\/\/www.percevalgraells.com\/en\/wp-json\/wp\/v2\/types\/page"}],"author":[{"embeddable":true,"href":"https:\/\/www.percevalgraells.com\/en\/wp-json\/wp\/v2\/users\/2"}],"replies":[{"embeddable":true,"href":"https:\/\/www.percevalgraells.com\/en\/wp-json\/wp\/v2\/comments?post=204"}],"version-history":[{"count":29,"href":"https:\/\/www.percevalgraells.com\/en\/wp-json\/wp\/v2\/pages\/204\/revisions"}],"predecessor-version":[{"id":4770,"href":"https:\/\/www.percevalgraells.com\/en\/wp-json\/wp\/v2\/pages\/204\/revisions\/4770"}],"wp:attachment":[{"href":"https:\/\/www.percevalgraells.com\/en\/wp-json\/wp\/v2\/media?parent=204"}],"curies":[{"name":"wp","href":"https:\/\/api.w.org\/{rel}","templated":true}]}}