{"id":109,"date":"2016-08-02T18:13:43","date_gmt":"2016-08-02T18:13:43","guid":{"rendered":"http:\/\/www.percevalgraells.com\/?page_id=109"},"modified":"2025-11-17T13:30:00","modified_gmt":"2025-11-17T13:30:00","slug":"obra","status":"publish","type":"page","link":"https:\/\/www.percevalgraells.com\/fr\/obra\/","title":{"rendered":"\u0152uvre"},"content":{"rendered":"<p style=\"text-align: justify;\"><div class=\"row \"><\/p>\n<div class=\"col-lg-4 col-md-12 col-xs-12 col-sm-12\"><\/p>\n<p><a href=\"http:\/\/www.percevalgraells.com\/camins-per-cosir\/\">Camins per cosir<\/a><br \/>\n2022<\/p>\n<p><a href=\"http:\/\/www.percevalgraells.com\/ferides-de-lanima\/\">Ferides de l&rsquo;\u00e0nima<\/a><br \/>\n2021-2023<br \/>\n<a href=\"http:\/\/www.percevalgraells.com\/filant-prim\/\"><br \/>\nFilant prim<\/a><br \/>\n2020<\/p>\n<p><a href=\"http:\/\/www.percevalgraells.com\/silencis\/\">Silencis<\/a><br \/>\n2019<\/p>\n<p><a href=\"http:\/\/www.percevalgraells.com\/365-2\/\">365 Degrees<\/a><br \/>\n2018<\/p>\n<p><a href=\"http:\/\/www.percevalgraells.com\/notas-y-vivencias\/\">Notas y vivencias<\/a><br \/>\n2018<\/p>\n<p><a href=\"http:\/\/www.percevalgraells.com\/glopets-de-mar\/\">Glopets de mar<\/a><br \/>\n2017 &#8211; 2019<\/p>\n<p><a href=\"http:\/\/www.percevalgraells.com\/untol-tales\/\">Untold tales<\/a><br \/>\n2016<\/p>\n<p><a href=\"http:\/\/www.percevalgraells.com\/index.php\/obra\/tracant-memories\/\">Tra\u00e7ant mem\u00f2ries<\/a><br \/>\n2016<\/p>\n<p><a href=\"http:\/\/www.percevalgraells.com\/index.php\/obra\/rayuela\/\">Rayuela<\/a><br \/>\n2015<\/p>\n<p><a href=\"http:\/\/www.percevalgraells.com\/index.php\/moments\/\">Moments<\/a><br \/>\n2015<\/p>\n<p><a href=\"http:\/\/www.percevalgraells.com\/index.php\/obra\/lutetia\/\">Lutetia<\/a><br \/>\n2014<\/p>\n<p><a href=\"http:\/\/www.percevalgraells.com\/index.php\/obra\/deconstruccion\/\">Deconstrucci\u00f3n<\/a><br \/>\n2013<\/p>\n<p><a href=\"http:\/\/www.percevalgraells.com\/index.php\/obra\/un-momento-un-lugar\/\">Un momento. Un lugar<\/a><br \/>\n2012<\/p>\n<p><a href=\"http:\/\/www.percevalgraells.com\/index.php\/obra\/kilometros-de-color\/\">Kil\u00f3metros de color<\/a><br \/>\n2011 &#8211; 2012<\/p>\n<p><a href=\"http:\/\/www.percevalgraells.com\/index.php\/obra\/instantes-en-un-espacio\/\">Instantes en un espacio<\/a><br \/>\n2009 &#8211; 2011<\/p>\n<p><a href=\"http:\/\/www.percevalgraells.com\/index.php\/obra\/huellas-en-el-tiempo\/\">Huellas en el tiempo<\/a><br \/>\n2008<\/p>\n<p><a href=\"http:\/\/www.percevalgraells.com\/index.php\/obra\/un-gesto-en-el-silencio\/\">Un gesto en el silencio<\/a><br \/>\n2007<\/p>\n<p><a href=\"http:\/\/www.percevalgraells.com\/index.php\/obra\/mirando-al-cielo\/\">Mirando al cielo<\/a><br \/>\n2006<\/p>\n<p>Figurativos<\/p>\n<p><\/div>\n<div class=\"col-lg-8 col-md-12 col-xs-12 col-sm-12\"><\/p>\n<p style=\"text-align: justify;\">Instants de r\u00eaves, de douleur, de joie\u2026 tous dans un m\u00eame espace: un support et dans mon atelier. Comme dans un journal intime, ces sentiments int\u00e9rieurs \u00e9mergent \u00e0 travers la couleur et les formes pour pouvoir \u00eatre observ\u00e9s \u00e0 travers le regard.<\/p>\n<p style=\"text-align: justify;\">Peindre est un besoin li\u00e9 \u00e0 la vie de chaque artiste et refl\u00e8te le dialoge continu entre l\u2019oeuvre et le cr\u00e9ateur. La toile est le journal intime de l\u2019artiste. C\u2019est l\u00e0 qu\u2019il raconte ou exprime ses \u00e9motions et ses sentiments. C\u2019est l\u00e0 qu\u2019il peut r\u00e9ussir \u00e0 transposer n\u2019importe quelle id\u00e9e, m\u00eame la plus abstraite, comme un son ou un po\u00e8me, sans pour autant avoir besoin d\u2019un r\u00e9f\u00e9rent, d\u2019une image r\u00e9elle. Ce langage de la peinture abstraite ne pr\u00e9tend pas \u00eatre beau ni d\u00e9coratif. Il cherche \u00e0 aller au-del\u00e0 du descriptif et de l\u2019\u00e9vidence. Il pr\u00e9tend atteindre l\u2019int\u00e9rieur des choses, \u00eatre le lexique d\u2019un langage nouveau. Il doit \u00eatre capable de transmettre des sensations et des \u00e9motions, d\u2019\u00eatre un tout qui unit la vie et l\u2019art.<\/p>\n<p style=\"text-align: justify;\">Je m\u2019int\u00e9resse ici \u00e0 l\u2019utilisation du geste li\u00e9 \u00e0 l\u2019abstraction, \u00e0 l\u2019automatisme, et plus concr\u00e8tement, \u00e0 l\u2019expressionisme abstrait. Je cherche \u00e0 provoquer l\u2019\u00e9motion du spectateur \u00e0 travers l\u2019expression du geste et la couleur. Je ne cherche pas \u00e0 d\u00e9crire ce que je vois mais \u00e0 exprimer ce que je ressens \u00e0 travers ces observations. J\u2019assume ainsi les codes d\u2019un langage non descriptif dans lequel entrent en jeu nos perceptions et nos \u00e9motions, en essayant de chercher des \u00e9quivalents visuels pour des choses intangibles et personnelles, des \u00e9motions, des sensations et des pens\u00e9es. C\u2019est au travers de cette peinture gestuelle que ma vie int\u00e9rieure s\u2019ext\u00e9riorise, me permettant ainsi d\u2019exposer ma vision personnelle du monde.<\/p>\n<p style=\"text-align: justify;\"><\/div>\n<p style=\"text-align: justify;\"><\/div><\/p>\n","protected":false},"excerpt":{"rendered":"","protected":false},"author":1,"featured_media":0,"parent":0,"menu_order":0,"comment_status":"closed","ping_status":"closed","template":"","meta":{"_genesis_hide_title":false,"_genesis_hide_breadcrumbs":false,"_genesis_hide_singular_image":false,"_genesis_hide_footer_widgets":false,"_genesis_custom_body_class":"","_genesis_custom_post_class":"","_genesis_layout":"","ngg_post_thumbnail":0,"footnotes":""},"class_list":{"0":"post-109","1":"page","2":"type-page","3":"status-publish","5":"entry"},"_links":{"self":[{"href":"https:\/\/www.percevalgraells.com\/fr\/wp-json\/wp\/v2\/pages\/109","targetHints":{"allow":["GET"]}}],"collection":[{"href":"https:\/\/www.percevalgraells.com\/fr\/wp-json\/wp\/v2\/pages"}],"about":[{"href":"https:\/\/www.percevalgraells.com\/fr\/wp-json\/wp\/v2\/types\/page"}],"author":[{"embeddable":true,"href":"https:\/\/www.percevalgraells.com\/fr\/wp-json\/wp\/v2\/users\/1"}],"replies":[{"embeddable":true,"href":"https:\/\/www.percevalgraells.com\/fr\/wp-json\/wp\/v2\/comments?post=109"}],"version-history":[{"count":60,"href":"https:\/\/www.percevalgraells.com\/fr\/wp-json\/wp\/v2\/pages\/109\/revisions"}],"predecessor-version":[{"id":4768,"href":"https:\/\/www.percevalgraells.com\/fr\/wp-json\/wp\/v2\/pages\/109\/revisions\/4768"}],"wp:attachment":[{"href":"https:\/\/www.percevalgraells.com\/fr\/wp-json\/wp\/v2\/media?parent=109"}],"curies":[{"name":"wp","href":"https:\/\/api.w.org\/{rel}","templated":true}]}}