{"id":16,"date":"2016-08-02T07:22:00","date_gmt":"2016-08-02T07:22:00","guid":{"rendered":"http:\/\/www.percevalgraells.com\/?page_id=16"},"modified":"2025-11-14T18:21:40","modified_gmt":"2025-11-14T18:21:40","slug":"biografia","status":"publish","type":"page","link":"https:\/\/www.percevalgraells.com\/fr\/biografia\/","title":{"rendered":"Biographie"},"content":{"rendered":"<h1 style=\"text-align: justify;\">Perceval Graells<\/h1>\n<p style=\"text-align: justify;\">Elx, 1983.<\/p>\n<p><strong>Formation<\/strong><\/p>\n<p style=\"text-align: justify;\"><strong>2020<\/strong> <strong>&#8211;<\/strong>&nbsp;R\u00e9sidence artistique LIA , Leipzig (Allemagne).<br \/>\n<strong>2016 &#8211; <\/strong><em>Intensified Abstraction<\/em>&nbsp;et&nbsp;<em>Painting Studio<\/em>, The Southwest School of Art, TX (Etats-Unis).<br \/>\n<strong>2011 &#8211;&nbsp;<\/strong>Cours&nbsp;<em>Cultural Management<\/em>, Galerie Plano B et Universit\u00e9 d&rsquo;Alicante.<br \/>\n<strong>2009 &#8211; <\/strong>Cours <em>Design and staging artistic exhibitions<\/em>, Instituto de Cultura Juan Gil-Albert, Alicante.<br \/>\n<strong>2008 &#8211;&nbsp;<\/strong>R\u00e9sidence artistique <em>Culturia,&nbsp;<\/em>Berlin (Allemagne).<br \/>\n<strong>2007 &#8211;&nbsp;<\/strong>Master en Production Artistique, Universit\u00e9 Polytechnique de Valence.<br \/>\n<strong>2006 &#8211;&nbsp;<\/strong>Dipl\u00f4me en Beaux-arts, Universit\u00e9 de Barcelone.<br \/>\n<strong>2005 &#8211; <\/strong>Cours&nbsp;de Beaux-arts, Accademia di Belle Arti di Brera, Milan (Italie).<br \/>\n<strong>2002 &#8211; <\/strong>Cours&nbsp;de Beaux-arts, Universit\u00e9&nbsp;de Barcelone.<br \/>\n<strong>2002 &#8211;&nbsp;<\/strong>Dipl\u00f4m\u00e9 en Bachelor artistique, IES Playa San Juan, Alicante.<br \/>\n<strong>2001 &#8211; <\/strong>Dipl\u00f4m\u00e9 en Bachelor, East Aurora, New York (Etats-Unis).<\/p>\n<p style=\"text-align: justify;\"><strong>Expositions individuelles<\/strong><\/p>\n<p style=\"text-align: justify;\"><strong>2025 &#8211; <\/strong><em>La remor de la mar, <\/em>Mus\u00e9e Maritime de Santa Pola, Alicante.<strong><em><br \/>\n<\/em>2025 &#8211; <\/strong><em>Filant hist\u00f2ries, <\/em>Salle Coll Alas, Gand\u00eda, Valence. *<strong><em><br \/>\n<\/em>2024 &#8211; <\/strong><em>Ferides de sal<\/em>, Villa Elisa, Benic\u00e0ssim, Castell\u00f3n. *<strong><br \/>\n2024 &#8211; <\/strong><em>Traces<\/em>, Quo, Alicante.<strong><br \/>\n2024 &#8211; <\/strong><em>La remor de la mar<\/em>, Mus\u00e9e de l&rsquo;eau, Alicante.<strong><br \/>\n2022&nbsp;&#8211;<\/strong>&nbsp;<em>Spinning stories<\/em>, B.ART, Alicante.<br \/>\n<strong>2021 &#8211; <\/strong><em>Ferides de l&rsquo;\u00e0nima<\/em>, Galerie Alba Cabrera, Valence.<br \/>\n<strong>2021 &#8211;&nbsp;<\/strong><em>Al fil de la mem\u00f2ria<\/em>, Mutua Levante, Alcoi, Alicante *<br \/>\n<strong>2020 &#8211;&nbsp;<\/strong><em>Timing<\/em>, Instituto Alicantino de Cultura Juan Gil-Albert, Alicante.*<br \/>\n<strong>2018 &#8211; <\/strong><em>Notas y vivencias<\/em>, Ateneo, Alicante.*<br \/>\n<strong>2017 &#8211; <\/strong><em>Tra\u00e7ant mem\u00f2ries<\/em>, Galerie Asombro, Cocentaina, Alicante.<br \/>\n<strong>2016 &#8211;&nbsp;<\/strong><em>Colors de l\u2019\u00e0nima<\/em>, Maison de la Culture, Alcoi, Alicante. *<br \/>\n<strong>2016 &#8211;&nbsp;<\/strong><em>Tra\u00e7ant mem\u00f2ries<\/em>, CAM Fondation, Valence. *<br \/>\n<strong>2015 &#8211;&nbsp;<\/strong><em>Moments<\/em>, Fondation Frax, L\u2019Alf\u00e0s del Pi, Alicante.<br \/>\n<strong>2015 &#8211;&nbsp;<\/strong><em>Moments<\/em>, La Nacional, NYC (Etats-Unis).<br \/>\n<strong>2015 &#8211;&nbsp;<\/strong><em>Lutetia<\/em>, Maison de la Culture, Crevillent, Alicante. *<br \/>\n<strong>2012 &#8211;&nbsp;<\/strong><em>Arte Ultimo. 21 d\u00edas<\/em>, La Lonja, Alicante.<br \/>\n<strong>2011 &#8211;&nbsp;<\/strong>El Portal, Alicante.<br \/>\n<strong>2009 &#8211;&nbsp;<\/strong><em>Sed de libertad<\/em>, Universit\u00e9 d&rsquo;Alicante.<br \/>\n<strong>2009 &#8211;&nbsp;<\/strong><em>Huellas en el tiempo<\/em>, Maison de la Culture, L\u2019Alf\u00e0s del Pi, Alicante.<br \/>\n<strong>2008 &#8211;&nbsp;<\/strong><em>Huellas en el tiempo<\/em>, Galerie Juno, Berlin (Allemagne).<br \/>\n<strong>2008 &#8211;&nbsp;<\/strong><em>Un gesto en el silencio<\/em>, Galerie Casar, Alicante.&nbsp;*<br \/>\n<strong>2006 &#8211;&nbsp;<\/strong><em>Mirando al cielo<\/em>, Centre Municipal des Arts, Alicante.<br \/>\n<strong>2004 &#8211;&nbsp;<\/strong><em>Sue\u00f1os en el Mediterr\u00e1neo<\/em>, Maison de la Culture, Finestrat, Alicante.<br \/>\n<strong>2003 &#8211;&nbsp;<\/strong><em>Junto al Mediterr\u00e1neo<\/em>, Maison de la Culture, Tarazona de la Mancha, Albacete<\/p>\n<p style=\"text-align: justify;\"><strong>Expositions collectives<\/strong><\/p>\n<p><strong>2024 &#8211; <\/strong><em>Art en femen\u00ed<\/em>, Alcoi, Alicante. *<strong><br \/>\n2024 &#8211; <\/strong><em>Quasi 80, <\/em>El Taller T\u00faria, D\u00e9nia.<strong><span style=\"font-size: revert; color: initial; font-family: -apple-system, BlinkMacSystemFont, 'Segoe UI', Roboto, Oxygen-Sans, Ubuntu, Cantarell, 'Helvetica Neue', sans-serif;\"><br \/>\n<\/span>2023&nbsp;&#8211; <\/strong><em>Abstraccions<\/em>, Maison de la Culture, Pedreguer, Alicante.<strong><br \/>\n2023&nbsp;&#8211; <\/strong><em>Nosotros somos vosotros<\/em>, Ercilla 13, Alicante.<strong><br \/>\n2023<\/strong>&nbsp;<strong>&#8211;&nbsp;<\/strong><em>Cicles<\/em>, Centre C\u00edvic Pere Pruna, Barcelona.<br \/>\n<strong>2022 &#8211;&nbsp;<\/strong><em>Art Contemporani de la Generalitat Valenciana<\/em>, CCCC, Valence.<br \/>\n<strong>2022 &#8211;&nbsp;<\/strong><em>XL Certamen Pintura Vila de Benissa<\/em>, Centre d\u2019Art Taller d\u2019Ivars, Benissa, &nbsp;Alicante.*<br \/>\n<strong>2021 &#8211;&nbsp;<\/strong><em>Vinticinc vacances<\/em>, MUA, Alicante. *<br \/>\n<em><strong>2021 &#8211;&nbsp;<\/strong>Summer colors<\/em>, Galerie Cuatro, Valencia.<br \/>\n<em><strong>2021 &#8211;&nbsp;<\/strong><\/em><em>Pintura &#038; Poesia<\/em>, Llotja de Sant Jordi, Alcoi, Alicante. *<br \/>\n<em><strong>2021 &#8211;&nbsp;<\/strong><\/em><em>Ellas<\/em>, Galerie Cuatro, Valence. *<br \/>\n<em><strong>2020 &#8211;&nbsp;<\/strong>Vinticinc vacances<\/em>, Centre d\u2019Art l\u2019Estaci\u00f3, D\u00e9nia, Alicante. *<br \/>\n<em><strong>2020 &#8211;&nbsp;<\/strong>Pintores de Elche 150 a\u00f1os<\/em>, Fundaci\u00f3n Mediterr\u00e1neo, Elx, Alicante. *<br \/>\n<em><strong>2020 &#8211;&nbsp;<\/strong>XXVI Premi de Pintura Ciutat d\u2019Algemes\u00ed<\/em>, Sala de Exposiciones Casino Liberal, Algemes\u00ed, Valence. *<strong><br \/>\n2020 &#8211;&nbsp;<\/strong><em>EAC- Encuentros de Arte Contempor\u00e1neo<\/em><i>,<\/i>&nbsp;MUA, Alicante.*<br \/>\n<strong>2020 &#8211;&nbsp;<\/strong><em>Al hilo del arte<\/em><i>,<\/i>&nbsp;Volta_, Alicante.<br \/>\n<strong>2020 &#8211;&nbsp;<\/strong><i>Vinticinc vacances,<\/i>&nbsp;Sala Coll Alas, Gandia, Valence.<br \/>\n<strong>2020 &#8211;&nbsp;<\/strong><em>Colectiva de verano<\/em><i>,<\/i>&nbsp;B.Art Gelerie, Alicante.<br \/>\n<strong>2020&nbsp;&#8211;<\/strong>&nbsp;<em>Alpha &#038; Omega<\/em><i>,<\/i>&nbsp;Spinnerei Archiv Massiv, Leipzig, (Allemagne).<br \/>\n<strong>2020 &#8211;&nbsp;<\/strong><i>Vinticinc vacances,<\/i>&nbsp;Llotja de Sant Jordi, Alcoi, Alicante.*<br \/>\n<strong>2020 &#8211;&nbsp;<\/strong><i>Les finestres indiscretes<\/i>, Espace Mindoro, Castellon.<br \/>\n<strong>2019 &#8211;&nbsp;<\/strong><em>The power of rhythm<\/em>, Galerie Art Casa Azul, Aig\u00fces, Alicante.<br \/>\n<strong>2019 &#8211;&nbsp;<\/strong><em>Vida entre silenci II<\/em>, IVAM-CADA-Alcoi, Alicante.<br \/>\n<strong>2019 &#8211;&nbsp;<\/strong><em>Bienal Art Nostre<\/em>, Alcoi&nbsp;et el Comptat, Alicante.&nbsp;*<br \/>\n<strong>2019 &#8211;&nbsp;<\/strong><em>Naturalezas muertas<\/em>, Mus\u00e9e Municipal, Albacete. *<br \/>\n<strong>2019 &#8211;&nbsp;<\/strong><em>Sal\u00f3n Internacional Solo Pinturas IV<\/em>, Galerie Universit\u00e9 de Caldas (La Colombie).<br \/>\n<strong>2019 &#8211;&nbsp;<\/strong><em>Visibles<\/em>, Sala La Capella, Alcoi, Alicante. *<br \/>\n<strong>2018 &#8211; <\/strong><em>XXXVI Certamen Pintura Vila de Benissa<\/em>, Centre d&rsquo;Art&nbsp;Taller d&rsquo;Ivars, Benissa, Alicante. *<br \/>\n<strong>2018 &#8211; <\/strong><em>Memorobilia DONA Alacant ART<\/em>, Galerie Mengolero, Rojales, Alicante.<br \/>\n<strong>2018 &#8211; <\/strong><em>Luces en la sombra.&nbsp;Josefina Manresa y las olvidadas<\/em>, Maison de la Culture, Sant Joan, Alicante. <em>*<\/em><br \/>\n<strong>2018 &#8211; <\/strong><em>75 x 75&nbsp;Miguel Hern\u00e1ndez<\/em>, Llotja de Sant Jordi, Alcoi, Alicante.&nbsp;<em>*<\/em><br \/>\n<strong>2017 &#8211;&nbsp;<\/strong><em>Homenaje a Miguel Hern\u00e1ndez. 75 Aniversario, CUB, Alicante. *<\/em><br \/>\n<strong>2017 &#8211;&nbsp;<\/strong><em>Luces en la sombra<\/em>, Antigua Capilla de la Orden Tercera, Elx, Alicante. *<br \/>\n<strong>2017 &#8211;&nbsp;<\/strong><em>Paisatge, configurador d&rsquo;espais,<\/em>&nbsp;Mus\u00e9e Municipal, J\u00e9rica, Castellon.<br \/>\n<strong>2017 &#8211;&nbsp;<\/strong><em>Homenaje a Miguel Hern\u00e1ndez. 75 Aniversario, Mucbe, Benicarl\u00f3, Castell\u00f3n. *<\/em><br \/>\n<strong>2017&nbsp;&#8211; <\/strong><em>XXXV Certamen Pintura Vila de Benissa<\/em>,&nbsp;Centre d&rsquo;Art Taller d&rsquo;Ivars, Benissa, Alicante. *<br \/>\n<strong>2017&nbsp;&#8211;<\/strong> <em>Artistas en vitrina<\/em>,&nbsp;Rue del teatro, Alicante.<br \/>\n<strong>2017&nbsp;&#8211;<\/strong> <em>Luces en la sombra<\/em>, Sala Museo San Juan de Dios, Orihuela. *<br \/>\n<strong>2017 &#8211;&nbsp;<\/strong><em>Homenaje a Miguel Hern\u00e1ndez. 75 Aniversario<\/em>, La Lonja, Alicante. *<br \/>\n<strong>2016 &#8211;<\/strong>&nbsp;<em>XX Premio&nbsp;de Pintura \u00ab\u00a0Pastor Calpena\u00a0\u00bb<\/em>, Wagner Theatre, Aspe, Alicante.<br \/>\n<strong>2016 &#8211;&nbsp;<\/strong><em>Certamen Nacional de Pintura XILX Vila de Sant Joan<\/em>, Maison de la Culture, Sant Joan, Alicante.<br \/>\n<strong>2016 &#8211;&nbsp;<\/strong><em>II Encuentro Internacional de Arte Mediterr\u00e1neo<\/em>, La Lonja, Alicante.<br \/>\n<strong>2016 &#8211;&nbsp;<\/strong><em>Secret Garden<\/em>, Casa del cable, X\u00e0bia, Alicante *<br \/>\n<strong>2016 &#8211;&nbsp;<\/strong><em>I Encuentro Mediterr\u00e1neo de arte<\/em>, Es Polvor\u00ed, Ibiza.<br \/>\n<strong>2015 &#8211;&nbsp;<\/strong><em>El Juego<\/em>, La Lonja, Alicante.<br \/>\n<strong>2015 &#8211;&nbsp;<\/strong><em>XXXIII Certamen de Pintura&nbsp;Vila de Benissa<\/em>, Centre d&rsquo;Art&nbsp;Taller d&rsquo;Ivars, Benissa, Alicante.&nbsp;*<br \/>\n<strong>2014 &#8211;&nbsp;<\/strong><em>Un-Touched<\/em>, GDCA Gallery, Los \u00c1ngeles (Etats-Unis).<br \/>\n<strong>2014 &#8211;&nbsp;<\/strong><em>Salon des Beaux-Arts de Garches<\/em>, Paris (France).<br \/>\n<strong>2013 &#8211;&nbsp;<\/strong><em>Changeart<\/em>, Parking Gallery, Alicante.<br \/>\n<strong>2012 &#8211;&nbsp;<\/strong><em>VI Certamen Nacional de Minicuadros Muz-Mart\u00ednez<\/em>, Galerie San Vicente, Alicante.&nbsp;*<br \/>\n<strong>2011 &#8211;&nbsp;<\/strong><em>XVI Premi de Pintura Ciutat d&rsquo;Algemes\u00ed<\/em>, Maison de la Culture, Algemes\u00ed, Valence.&nbsp;*<br \/>\n<strong>2011 &#8211;&nbsp;<\/strong><em>V Certamen Nacional de Minicuadros Muz-Mart\u00ednez<\/em>, Galerie San Vicente, Alicante.&nbsp;*<br \/>\n<strong>2010 &#8211;&nbsp;<\/strong><em>VII Certamen Nacional de Pintura<\/em>, Fondation Jorge Ali\u00f3, Alicante.&nbsp;*<br \/>\n<strong>2009 &#8211;&nbsp;<\/strong><em>Certamen de arte Mutxamel 2009<\/em>, Maison de la Culture, Mutxamel, Alicante.&nbsp;*<br \/>\n<strong>2009 &#8211;&nbsp;<\/strong><em>Certamen Nacional de Pintura XLII Vila de Sant Joan<\/em>, Maison de la Culture, Sant Joan, Alicante.<br \/>\n<strong>2008 &#8211;&nbsp;<\/strong><em>III Certamen Nacional de Minicuadros Muz-Mart\u00ednez<\/em>, Galerie San Vicente, Alicante.&nbsp;*<br \/>\n<strong>2008 &#8211;&nbsp;<\/strong>Bohemia place, Elda, Alicante.<br \/>\n<strong>2007 &#8211;&nbsp;<\/strong><em>Convocatoria de Artes Pl\u00e1sticas 2007<\/em>, La Lonja, Alicante.&nbsp;*<br \/>\n<strong>2007 &#8211;&nbsp;<\/strong>Exposition&nbsp;de sculptures, Universit\u00e9 Polytechnique, Valence.<br \/>\n<strong>2007 &#8211; <\/strong>Galerie Casar, Alicante.<br \/>\n<strong>2007 &#8211;&nbsp;<\/strong><em>XXVIII Certamen de Pintura Minicuadros<\/em>, Universit\u00e9&nbsp;d&rsquo;Elx, Alicante.<br \/>\n<strong>2007 &#8211;&nbsp;<\/strong><em>XXVIII Certamen de Pintura Minicuadros<\/em>, Mus\u00e9e de la chaussure d&rsquo;Elda, Alicante.&nbsp;*<br \/>\n<strong>2004 &#8211;&nbsp;<\/strong><em>Restituire una vita<\/em>, Gaggiano, Milan (Italie).<br \/>\n<strong>2002 &#8211;&nbsp;<\/strong>Exposition&nbsp;de dessin, IES Playa San Juan, Alicante.<\/p>\n<p style=\"text-align: justify;\"><strong>S\u00e9lections \/&nbsp;Concours<\/strong><\/p>\n<p><strong>2022 &#8211; <\/strong>S\u00e9lecctionn\u00e9e au <em>Fer i desfer<\/em>. Premio Ca\u00f1ada Blanch, Centre Cultural La Nau, Valencia.<strong><br \/>\n2022&nbsp;&#8211;&nbsp;<\/strong><em>XL Certamen Pintura Vila de Benissa<\/em>, Alicante. *<br \/>\n<strong>2021 &#8211;<\/strong> Acquisition d&rsquo;\u0153uvres par la Generalitat Valenciana.<br \/>\n<strong>2021 &#8211;<\/strong>&nbsp;<em>Subventions pour la recherche, la cr\u00e9ation et l&rsquo;innovation culturelle<\/em>, Mairie d&rsquo;Alicante.<br \/>\n<em><strong>2020 &#8211;&nbsp;<\/strong>XXVI Premi de Pintura Ciutat d\u2019Algemes\u00ed<\/em>, Valence. *<br \/>\n<strong>2020 &#8211;&nbsp;<\/strong>S\u00e9lectionn\u00e9e&nbsp;au&nbsp;<em>EAC<\/em>, Instituto Alicantino de Cultura Juan Gil-Albert, Alicante.*<br \/>\n<strong>2019 &#8211; <\/strong>R\u00e9compens\u00e9e au&nbsp;<em>Arte en la Casa Bard\u00edn<\/em>, Alicante.<br \/>\n<strong>2019 &#8211;<\/strong> S\u00e9lectionn\u00e9e&nbsp;au&nbsp;<em>Bienal Art Nostre<\/em>, Alcoi&nbsp;et el Comptat, Alicante.&nbsp;*<br \/>\n<strong>2019 &#8211;&nbsp;<\/strong>S\u00e9lectionn\u00e9e&nbsp;au&nbsp;<em>Sal\u00f3n Internacional Solo Pinturas IV<\/em>, Galerie Universit\u00e9 de Caldas (La Colombie).<br \/>\n<strong>2018 &#8211; <\/strong>Troisi\u00e8me prix au&nbsp;<em>II Certamen de Pintura R\u00e1pida Nocturna<\/em>, Aspe, Alicante.<br \/>\n<strong>2018 &#8211;&nbsp;<\/strong>S\u00e9lectionn\u00e9e&nbsp;au&nbsp;<em>XXXVI Certamen Pintura Vila de Benissa<\/em>, Alicante. *<br \/>\n<strong>2017&nbsp;&#8211;&nbsp;<\/strong>S\u00e9lectionn\u00e9e&nbsp;au&nbsp;<em>XXXV Certamen Pintura Vila de Benissa<\/em>, Alicante. *<br \/>\n<strong>2016 &#8211;<\/strong> S\u00e9lectionn\u00e9e&nbsp;au&nbsp;<em>XX Premio&nbsp;de Pintura \u00ab\u00a0Pastor Calpena\u00a0\u00bb<\/em>, Aspe, Alicante.<br \/>\n<strong>2016 &#8211; <\/strong>S\u00e9lectionn\u00e9e&nbsp;au&nbsp;<em>Certamen Nacional de Pintura XILX Vila de Sant Joan<\/em>, Alicante.<br \/>\n<strong>2015 &#8211; <\/strong>S\u00e9lectionn\u00e9e&nbsp;au&nbsp;<em>XXXIII Certamen de Pintura<\/em>, Vila de Benissa, Alicante.<br \/>\n<strong>2014 &#8211; <\/strong>S\u00e9lectionn\u00e9e&nbsp;pour la pr\u00e9sentation&nbsp;de la Galerie Saatchi, London (Royaume-Uni).<br \/>\n<strong>2014 &#8211; <\/strong>S\u00e9lectionn\u00e9e&nbsp;au&nbsp;<em>Salon des Beaux Arts<\/em>, Garches-Paris, (France).<br \/>\n<strong>2011 &#8211; <\/strong>S\u00e9lectionn\u00e9e&nbsp;au&nbsp;<em>VI Certamen Nacional de Minicuadros Muz-Mart\u00ednez<\/em>, Galerie San Vicente, Alicante.<br \/>\n<strong>2010 &#8211; <\/strong>S\u00e9lectionn\u00e9e&nbsp;au&nbsp;<em>XVI Premi de Pintura Ciutat d&rsquo;Algemes\u00ed<\/em>, Valencie.<br \/>\n<strong>2010 &#8211;<\/strong> S\u00e9lectionn\u00e9e&nbsp;au&nbsp;<em>V Certamen Nacional de Minicuadros Muz-Mart\u00ednez<\/em>, Galerie San Vicente, Alicante.<br \/>\n<strong>2010 &#8211;&nbsp;<\/strong>S\u00e9lectionn\u00e9e&nbsp;au&nbsp;<em>VII Certamen Nacional de Pintura<\/em>, Fondation Jorge Ali\u00f3, Alicante.<br \/>\n<strong>2009 &#8211;&nbsp;<\/strong>S\u00e9lectionn\u00e9e&nbsp;au&nbsp;<em>Certamen de arte Mutxamel 2009<\/em>, Alicante.<br \/>\n<strong>2009 &#8211;&nbsp;<\/strong>S\u00e9lectionn\u00e9e&nbsp;au&nbsp;<em>Certamen Nacional de Pintura XLII Vila de Sant Joan<\/em>, Alicante.<br \/>\n<strong>2008 &#8211;&nbsp;<\/strong>S\u00e9lectionn\u00e9e&nbsp;au&nbsp;<em>III Certamen Nacional de Minicuadros Muz-Mart\u00ednez<\/em>, Galerie San Vicente Gallery, Alicante.<br \/>\n<strong>2007 &#8211;&nbsp;<\/strong>R\u00e9compens\u00e9e au&nbsp;<em>Convocatoria de Artes Pl\u00e1sticas de 2007<\/em>, Conseil Provincial, Alicante.<br \/>\n<strong>2007 &#8211;&nbsp;<\/strong>S\u00e9lectionn\u00e9e&nbsp;au&nbsp;<em>XXVIII Certamen de Pintura Minicuadros<\/em>, Mus\u00e9e de la chaussure d&rsquo;Elda, Alicante.<\/p>\n<p style=\"text-align: justify;\"><strong>Salons d&rsquo;Art<\/strong><\/p>\n<p style=\"text-align: justify;\"><strong>2023 &#8211;<\/strong>&nbsp;&nbsp;<em>ArtMadrid<\/em>, Galer\u00eda de Cristal del Palacio de Cibeles, Madrid.&nbsp;<br \/>\n<strong><strong>2022 &#8211;&nbsp;<\/strong><\/strong><em>Estampa<\/em>, Madrid.<strong><br \/>\n2017 &#8211;&nbsp;<\/strong><em>Studio Lisboa 018<\/em>, Lisbonne (Portugal). *<br \/>\n<strong>2017 &#8211;&nbsp;<\/strong><em>Cultur3 Club.&nbsp;6\u00aa Feria Nacional de Artistas<\/em>,&nbsp;Palacio Revillagigedo, Gijon, Asturies.<br \/>\n<strong>2008 &#8211;&nbsp;<\/strong><em>Open Art Fair<\/em>, Utrecht (Hollande).&nbsp;*<\/p>\n<p style=\"text-align: justify;\"><strong>Publications<\/strong><\/p>\n<p><strong><strong>2023 &#8211; <\/strong><\/strong>ROCHE C\u00c1RCEL, Juan A., 2023.&nbsp;<em>La construcci\u00f3n del sujeto robado<\/em>. Alicante. Universitat d\u2019Alacant. ISBN 978-84-9717-812-9<strong><br \/>\n<strong>2022 &#8211; <\/strong><\/strong>VVAA, 2022.&nbsp;<a href=\"http:\/\/www.percevalgraells.com\/wp-content\/uploads\/2023\/10\/cata\u0300leg-PAV-5.pdf\"><em>Art Contemporani de la Generalitat Valenciana<\/em>.<\/a>&nbsp;Valencia. Consorci de Museus de la Generalitat Valenciana. ISBN 978-84-482-6746-9<br \/>\n<strong><strong>2022 &#8211;<\/strong>&nbsp;<\/strong>VVAA, 2022.&nbsp;<em>Alma de acorde<\/em>. Alicante. Universitat d\u2019Alacant. ISBN 978-84-125392-5-7<br \/>\n<strong>2020 &#8211;<\/strong> GRAELLS, Perceval, 2020.&nbsp;<a href=\"http:\/\/www.percevalgraells.com\/wp-content\/uploads\/2022\/06\/36-PERCEVAL-GRAELLS.pdf\"><em>Timing<\/em>.<\/a>&nbsp;Alicante. Instituto de Cultura Alicantino Juan Gil-Albert. ISBN 978-84-7784-821-9<br \/>\n<strong>2020 &#8211;<\/strong>&nbsp;VVAA, 2020.&nbsp;<a href=\"http:\/\/www.percevalgraells.com\/wp-content\/uploads\/2022\/06\/2020_EAC_catalogo-baja.pdf\"><em>EAC XX Concurso Encuentros de Arte Contempor\u00e1neo<\/em>.<\/a>&nbsp;Alicante.&nbsp;Instituto de Cultura Alicantino Juan Gil-Albert y Museo de la Universidad de Alicante. ISBN 978-84-7784-825-7<br \/>\n<strong>2020 &#8211;<\/strong>&nbsp;VVAA, 2020.&nbsp;<a href=\"http:\/\/www.percevalgraells.com\/wp-content\/uploads\/2022\/06\/XXVI-Premi-de-Pintura.Ciutat-dAlgemesi%CC%81.-1.pdf\"><em>XXVI Premi de Pintura Ciutat d&rsquo;Algemes\u00ed<\/em>.<\/a>&nbsp;Algemes\u00ed. Ajuntament d&rsquo;Algemes\u00ed. ISBN 978-84-09-27007-1<br \/>\n<strong>2019 &#8211;<\/strong> DE LA CALLE, Rom\u00e0, 2019.&nbsp;<em><a href=\"https:\/\/books.google.de\/books?id=AC66DwAAQBAJ&#038;pg=PA367&#038;lpg=PA367&#038;dq=%C3%A0+punt+perceval+graells&#038;source=bl&#038;ots=4oMdINuBlt&#038;sig=ACfU3U2EAX2cr-moAjaLJ2zJs4NW_8-7jQ&#038;hl=ca&#038;sa=X&#038;ved=2ahUKEwig7sDPpp_pAhXJAewKHaXZD68Q6AEwCnoECAoQAQ#v=onepage&#038;q=%C3%A0%20punt%20perceval%20graells&#038;f=false\">Experi\u00e8ncia est\u00e8tica i cr\u00edtica d\u2019art.<\/a>&nbsp;<\/em>Alacant: Universitat d\u2019Alacant. ISBN 978-84-1302-041-9<br \/>\n<strong>2016 &#8211;<\/strong> KOLLE, M., GARDILL I., 2016.<a href=\"http:\/\/www.internationalekunstheute.com\/english\/volume-2016\/\" target=\"_blank\" rel=\"noopener\"><em>Internationale Kunst Heute<\/em><\/a>.&nbsp;Alemanya.&nbsp;IKH-Publishing. ISBN 978-3-9816595-2-8<br \/>\n<strong>2010 &#8211;<\/strong> Oeuvre <a href=\"http:\/\/www.percevalgraells.com\/wp-content\/uploads\/2023\/10\/IMG_2500-1.jpg\"><em>Observando una mirada<\/em> couverture de magazine <em>Refractive Surgery<\/em>,<\/a> Etats-Unis.<br \/>\n<strong>2007 &#8211;<\/strong> GRAELLS, Perceval, 2007. <em><u><a href=\"https:\/\/riunet.upv.es\/bitstream\/handle\/10251\/12442\/el%20gesto%20y%20su%20lenguaje.pdf?sequence=1\">El gesto y su lenguaje en la pintura abstracta<\/a><\/u><\/em>. (Le geste et son langage dans la peinture abstraite) UPV, Valence.<br \/>\n<strong>2006 &#8211;&nbsp;<\/strong><em>El \u00e1guila<\/em>, Malinche (Magazine of the House of the Americas).<\/p>\n<p style=\"text-align: justify;\"><strong>Collections<\/strong><\/p>\n<p style=\"text-align: justify;\"><strong>New York &#8211;&nbsp;<\/strong>La Nacional.<br \/>\n<strong>Castellon &#8211;&nbsp;<\/strong>MACVAC &#8211; Mus\u00e9e d&rsquo;art contemporain de Vilafam\u00e9s.<br \/>\n<strong>Alicante &#8211;&nbsp;<\/strong>Conseil Provincial, Chambre de Commerce, Mairie de L&rsquo;Alf\u00e0s del Pi, Mairie de Finestrat,&nbsp;Mairie de&nbsp;Crevillent, Fondation Frax.<br \/>\n<strong>PV &#8211;<\/strong> Generalitat Valenciana- Conselleria d\u2019Educaci\u00f3, Cultura i Esport.<br \/>\n<strong>Albacete &#8211; <\/strong>Mairie de&nbsp;Tarazona de la Mancha.<\/p>\n<p style=\"text-align: justify;\">* <em>Catalogue publi\u00e9.<\/em><\/p>\n","protected":false},"excerpt":{"rendered":"<p>Perceval Graells Elx, 1983. Formation 2020 &#8211;&nbsp;R\u00e9sidence artistique LIA , Leipzig (Allemagne). 2016 &#8211; Intensified Abstraction&nbsp;et&nbsp;Painting Studio, The Southwest School of Art, TX (Etats-Unis). 2011 &#8211;&nbsp;Cours&nbsp;Cultural Management, Galerie Plano B et Universit\u00e9 d&rsquo;Alicante. 2009 &#8211; Cours Design and staging artistic exhibitions, Instituto de Cultura Juan Gil-Albert, Alicante. 2008 &#8211;&nbsp;R\u00e9sidence artistique Culturia,&nbsp;Berlin (Allemagne). 2007 &#8211;&nbsp;Master en Production Artistique, Universit\u00e9 Polytechnique de&#8230; <a class=\"more-link\" href=\"https:\/\/www.percevalgraells.com\/fr\/biografia\/\">Read More<\/a><\/p>\n","protected":false},"author":1,"featured_media":19,"parent":0,"menu_order":0,"comment_status":"closed","ping_status":"closed","template":"","meta":{"_genesis_hide_title":false,"_genesis_hide_breadcrumbs":false,"_genesis_hide_singular_image":false,"_genesis_hide_footer_widgets":false,"_genesis_custom_body_class":"","_genesis_custom_post_class":"biografia","_genesis_layout":"","ngg_post_thumbnail":0,"footnotes":""},"class_list":{"0":"post-16","1":"page","2":"type-page","3":"status-publish","4":"has-post-thumbnail","6":"entry","7":"biografia"},"_links":{"self":[{"href":"https:\/\/www.percevalgraells.com\/fr\/wp-json\/wp\/v2\/pages\/16","targetHints":{"allow":["GET"]}}],"collection":[{"href":"https:\/\/www.percevalgraells.com\/fr\/wp-json\/wp\/v2\/pages"}],"about":[{"href":"https:\/\/www.percevalgraells.com\/fr\/wp-json\/wp\/v2\/types\/page"}],"author":[{"embeddable":true,"href":"https:\/\/www.percevalgraells.com\/fr\/wp-json\/wp\/v2\/users\/1"}],"replies":[{"embeddable":true,"href":"https:\/\/www.percevalgraells.com\/fr\/wp-json\/wp\/v2\/comments?post=16"}],"version-history":[{"count":475,"href":"https:\/\/www.percevalgraells.com\/fr\/wp-json\/wp\/v2\/pages\/16\/revisions"}],"predecessor-version":[{"id":4763,"href":"https:\/\/www.percevalgraells.com\/fr\/wp-json\/wp\/v2\/pages\/16\/revisions\/4763"}],"wp:featuredmedia":[{"embeddable":true,"href":"https:\/\/www.percevalgraells.com\/fr\/wp-json\/wp\/v2\/media\/19"}],"wp:attachment":[{"href":"https:\/\/www.percevalgraells.com\/fr\/wp-json\/wp\/v2\/media?parent=16"}],"curies":[{"name":"wp","href":"https:\/\/api.w.org\/{rel}","templated":true}]}}