{"id":1827,"date":"2017-10-14T10:28:09","date_gmt":"2017-10-14T10:28:09","guid":{"rendered":"http:\/\/www.percevalgraells.com\/?page_id=1827"},"modified":"2025-08-21T10:11:28","modified_gmt":"2025-08-21T10:11:28","slug":"tracant-memories-galeria-asombro-cocentaina-2017","status":"publish","type":"page","link":"https:\/\/www.percevalgraells.com\/fr\/catala-galeria-dimatges\/tracant-memories-galeria-asombro-cocentaina-2017\/","title":{"rendered":"Tra\u00e7ant mem\u00f2ries, Galerie Asombro, Cocentaina &#8211; 2017"},"content":{"rendered":"\n<h2 class=\"wp-block-heading\">Exposici\u00f3n Tra\u00e7ant mem\u00f2ries, Galer\u00eda Asombro, Cocentaina &#8211; 2017<\/h2>\n\n\n<p><!-- default-view.php -->\n<div\n\tclass=\"ngg-galleryoverview default-view\n\t ngg-ajax-pagination-none\t\"\n\tid=\"ngg-gallery-84aafa45ad39bbc16893f234f9d45e1b-1\">\n\n\t\t<!-- Thumbnails -->\n\t\t\t\t<div id=\"ngg-image-0\" class=\"ngg-gallery-thumbnail-box\n\t\t\t\t\t\t\t\tngg-3-columns\t\t\t\"\n\t\t\t>\n\t\t\t\t\t\t<div class=\"ngg-gallery-thumbnail\">\n\t\t\t<a href=\"https:\/\/www.percevalgraells.com\/wp-content\/gallery\/tracant-memories-galeria-asombro-cocentaina-2017\/IMG_2333.jpg\"\n\t\t\t\ttitle=\"\"\n\t\t\t\tdata-src=\"https:\/\/www.percevalgraells.com\/wp-content\/gallery\/tracant-memories-galeria-asombro-cocentaina-2017\/IMG_2333.jpg\"\n\t\t\t\tdata-thumbnail=\"https:\/\/www.percevalgraells.com\/wp-content\/gallery\/tracant-memories-galeria-asombro-cocentaina-2017\/thumbs\/thumbs_IMG_2333.jpg\"\n\t\t\t\tdata-image-id=\"450\"\n\t\t\t\tdata-title=\"Sala\"\n\t\t\t\tdata-description=\"\"\n\t\t\t\tdata-image-slug=\"img_2333\"\n\t\t\t\tclass=\"ngg-fancybox\" rel=\"84aafa45ad39bbc16893f234f9d45e1b\">\n\t\t\t\t<img\n\t\t\t\t\ttitle=\"Sala\"\n\t\t\t\t\talt=\"Sala\"\n\t\t\t\t\tsrc=\"https:\/\/www.percevalgraells.com\/wp-content\/gallery\/tracant-memories-galeria-asombro-cocentaina-2017\/thumbs\/thumbs_IMG_2333.jpg\"\n\t\t\t\t\twidth=\"240\"\n\t\t\t\t\theight=\"160\"\n\t\t\t\t\tstyle=\"max-width:100%;\"\n\t\t\t\t\/>\n\t\t\t<\/a>\n\t\t<\/div>\n\t\t\t\t\t\t\t<\/div>\n\t\t\t\n\t\t\t\t<div id=\"ngg-image-1\" class=\"ngg-gallery-thumbnail-box\n\t\t\t\t\t\t\t\tngg-3-columns\t\t\t\"\n\t\t\t>\n\t\t\t\t\t\t<div class=\"ngg-gallery-thumbnail\">\n\t\t\t<a href=\"https:\/\/www.percevalgraells.com\/wp-content\/gallery\/tracant-memories-galeria-asombro-cocentaina-2017\/IMG_2335.jpg\"\n\t\t\t\ttitle=\"\"\n\t\t\t\tdata-src=\"https:\/\/www.percevalgraells.com\/wp-content\/gallery\/tracant-memories-galeria-asombro-cocentaina-2017\/IMG_2335.jpg\"\n\t\t\t\tdata-thumbnail=\"https:\/\/www.percevalgraells.com\/wp-content\/gallery\/tracant-memories-galeria-asombro-cocentaina-2017\/thumbs\/thumbs_IMG_2335.jpg\"\n\t\t\t\tdata-image-id=\"451\"\n\t\t\t\tdata-title=\"Sala\"\n\t\t\t\tdata-description=\"\"\n\t\t\t\tdata-image-slug=\"img_2335\"\n\t\t\t\tclass=\"ngg-fancybox\" rel=\"84aafa45ad39bbc16893f234f9d45e1b\">\n\t\t\t\t<img\n\t\t\t\t\ttitle=\"Sala\"\n\t\t\t\t\talt=\"Sala\"\n\t\t\t\t\tsrc=\"https:\/\/www.percevalgraells.com\/wp-content\/gallery\/tracant-memories-galeria-asombro-cocentaina-2017\/thumbs\/thumbs_IMG_2335.jpg\"\n\t\t\t\t\twidth=\"240\"\n\t\t\t\t\theight=\"160\"\n\t\t\t\t\tstyle=\"max-width:100%;\"\n\t\t\t\t\/>\n\t\t\t<\/a>\n\t\t<\/div>\n\t\t\t\t\t\t\t<\/div>\n\t\t\t\n\t\t\t\t<div id=\"ngg-image-2\" class=\"ngg-gallery-thumbnail-box\n\t\t\t\t\t\t\t\tngg-3-columns\t\t\t\"\n\t\t\t>\n\t\t\t\t\t\t<div class=\"ngg-gallery-thumbnail\">\n\t\t\t<a href=\"https:\/\/www.percevalgraells.com\/wp-content\/gallery\/tracant-memories-galeria-asombro-cocentaina-2017\/IMG_2336.jpg\"\n\t\t\t\ttitle=\"\"\n\t\t\t\tdata-src=\"https:\/\/www.percevalgraells.com\/wp-content\/gallery\/tracant-memories-galeria-asombro-cocentaina-2017\/IMG_2336.jpg\"\n\t\t\t\tdata-thumbnail=\"https:\/\/www.percevalgraells.com\/wp-content\/gallery\/tracant-memories-galeria-asombro-cocentaina-2017\/thumbs\/thumbs_IMG_2336.jpg\"\n\t\t\t\tdata-image-id=\"452\"\n\t\t\t\tdata-title=\"Sala\"\n\t\t\t\tdata-description=\"\"\n\t\t\t\tdata-image-slug=\"img_2336\"\n\t\t\t\tclass=\"ngg-fancybox\" rel=\"84aafa45ad39bbc16893f234f9d45e1b\">\n\t\t\t\t<img\n\t\t\t\t\ttitle=\"Sala\"\n\t\t\t\t\talt=\"Sala\"\n\t\t\t\t\tsrc=\"https:\/\/www.percevalgraells.com\/wp-content\/gallery\/tracant-memories-galeria-asombro-cocentaina-2017\/thumbs\/thumbs_IMG_2336.jpg\"\n\t\t\t\t\twidth=\"240\"\n\t\t\t\t\theight=\"160\"\n\t\t\t\t\tstyle=\"max-width:100%;\"\n\t\t\t\t\/>\n\t\t\t<\/a>\n\t\t<\/div>\n\t\t\t\t\t\t\t<\/div>\n\t\t\t\n\t\t\t\t<div id=\"ngg-image-3\" class=\"ngg-gallery-thumbnail-box\n\t\t\t\t\t\t\t\tngg-3-columns\t\t\t\"\n\t\t\t>\n\t\t\t\t\t\t<div class=\"ngg-gallery-thumbnail\">\n\t\t\t<a href=\"https:\/\/www.percevalgraells.com\/wp-content\/gallery\/tracant-memories-galeria-asombro-cocentaina-2017\/IMG_2337.jpg\"\n\t\t\t\ttitle=\"\"\n\t\t\t\tdata-src=\"https:\/\/www.percevalgraells.com\/wp-content\/gallery\/tracant-memories-galeria-asombro-cocentaina-2017\/IMG_2337.jpg\"\n\t\t\t\tdata-thumbnail=\"https:\/\/www.percevalgraells.com\/wp-content\/gallery\/tracant-memories-galeria-asombro-cocentaina-2017\/thumbs\/thumbs_IMG_2337.jpg\"\n\t\t\t\tdata-image-id=\"453\"\n\t\t\t\tdata-title=\"Sala\"\n\t\t\t\tdata-description=\"\"\n\t\t\t\tdata-image-slug=\"img_2337\"\n\t\t\t\tclass=\"ngg-fancybox\" rel=\"84aafa45ad39bbc16893f234f9d45e1b\">\n\t\t\t\t<img\n\t\t\t\t\ttitle=\"Sala\"\n\t\t\t\t\talt=\"Sala\"\n\t\t\t\t\tsrc=\"https:\/\/www.percevalgraells.com\/wp-content\/gallery\/tracant-memories-galeria-asombro-cocentaina-2017\/thumbs\/thumbs_IMG_2337.jpg\"\n\t\t\t\t\twidth=\"240\"\n\t\t\t\t\theight=\"160\"\n\t\t\t\t\tstyle=\"max-width:100%;\"\n\t\t\t\t\/>\n\t\t\t<\/a>\n\t\t<\/div>\n\t\t\t\t\t\t\t<\/div>\n\t\t\t\n\t\t\t\t<div id=\"ngg-image-4\" class=\"ngg-gallery-thumbnail-box\n\t\t\t\t\t\t\t\tngg-3-columns\t\t\t\"\n\t\t\t>\n\t\t\t\t\t\t<div class=\"ngg-gallery-thumbnail\">\n\t\t\t<a href=\"https:\/\/www.percevalgraells.com\/wp-content\/gallery\/tracant-memories-galeria-asombro-cocentaina-2017\/IMG_2338.jpg\"\n\t\t\t\ttitle=\"\"\n\t\t\t\tdata-src=\"https:\/\/www.percevalgraells.com\/wp-content\/gallery\/tracant-memories-galeria-asombro-cocentaina-2017\/IMG_2338.jpg\"\n\t\t\t\tdata-thumbnail=\"https:\/\/www.percevalgraells.com\/wp-content\/gallery\/tracant-memories-galeria-asombro-cocentaina-2017\/thumbs\/thumbs_IMG_2338.jpg\"\n\t\t\t\tdata-image-id=\"454\"\n\t\t\t\tdata-title=\"Sala\"\n\t\t\t\tdata-description=\"\"\n\t\t\t\tdata-image-slug=\"img_2338\"\n\t\t\t\tclass=\"ngg-fancybox\" rel=\"84aafa45ad39bbc16893f234f9d45e1b\">\n\t\t\t\t<img\n\t\t\t\t\ttitle=\"Sala\"\n\t\t\t\t\talt=\"Sala\"\n\t\t\t\t\tsrc=\"https:\/\/www.percevalgraells.com\/wp-content\/gallery\/tracant-memories-galeria-asombro-cocentaina-2017\/thumbs\/thumbs_IMG_2338.jpg\"\n\t\t\t\t\twidth=\"240\"\n\t\t\t\t\theight=\"160\"\n\t\t\t\t\tstyle=\"max-width:100%;\"\n\t\t\t\t\/>\n\t\t\t<\/a>\n\t\t<\/div>\n\t\t\t\t\t\t\t<\/div>\n\t\t\t\n\t\t\t\t<div id=\"ngg-image-5\" class=\"ngg-gallery-thumbnail-box\n\t\t\t\t\t\t\t\tngg-3-columns\t\t\t\"\n\t\t\t>\n\t\t\t\t\t\t<div class=\"ngg-gallery-thumbnail\">\n\t\t\t<a href=\"https:\/\/www.percevalgraells.com\/wp-content\/gallery\/tracant-memories-galeria-asombro-cocentaina-2017\/IMG_2339.jpg\"\n\t\t\t\ttitle=\"\"\n\t\t\t\tdata-src=\"https:\/\/www.percevalgraells.com\/wp-content\/gallery\/tracant-memories-galeria-asombro-cocentaina-2017\/IMG_2339.jpg\"\n\t\t\t\tdata-thumbnail=\"https:\/\/www.percevalgraells.com\/wp-content\/gallery\/tracant-memories-galeria-asombro-cocentaina-2017\/thumbs\/thumbs_IMG_2339.jpg\"\n\t\t\t\tdata-image-id=\"455\"\n\t\t\t\tdata-title=\"Sala\"\n\t\t\t\tdata-description=\"\"\n\t\t\t\tdata-image-slug=\"img_2339\"\n\t\t\t\tclass=\"ngg-fancybox\" rel=\"84aafa45ad39bbc16893f234f9d45e1b\">\n\t\t\t\t<img\n\t\t\t\t\ttitle=\"Sala\"\n\t\t\t\t\talt=\"Sala\"\n\t\t\t\t\tsrc=\"https:\/\/www.percevalgraells.com\/wp-content\/gallery\/tracant-memories-galeria-asombro-cocentaina-2017\/thumbs\/thumbs_IMG_2339.jpg\"\n\t\t\t\t\twidth=\"240\"\n\t\t\t\t\theight=\"160\"\n\t\t\t\t\tstyle=\"max-width:100%;\"\n\t\t\t\t\/>\n\t\t\t<\/a>\n\t\t<\/div>\n\t\t\t\t\t\t\t<\/div>\n\t\t\t\n\t\t\t\t<div id=\"ngg-image-6\" class=\"ngg-gallery-thumbnail-box\n\t\t\t\t\t\t\t\tngg-3-columns\t\t\t\"\n\t\t\t>\n\t\t\t\t\t\t<div class=\"ngg-gallery-thumbnail\">\n\t\t\t<a href=\"https:\/\/www.percevalgraells.com\/wp-content\/gallery\/tracant-memories-galeria-asombro-cocentaina-2017\/IMG_3577.jpg\"\n\t\t\t\ttitle=\"\"\n\t\t\t\tdata-src=\"https:\/\/www.percevalgraells.com\/wp-content\/gallery\/tracant-memories-galeria-asombro-cocentaina-2017\/IMG_3577.jpg\"\n\t\t\t\tdata-thumbnail=\"https:\/\/www.percevalgraells.com\/wp-content\/gallery\/tracant-memories-galeria-asombro-cocentaina-2017\/thumbs\/thumbs_IMG_3577.jpg\"\n\t\t\t\tdata-image-id=\"456\"\n\t\t\t\tdata-title=\"Presentaci\u00f3\"\n\t\t\t\tdata-description=\"\"\n\t\t\t\tdata-image-slug=\"img_3577\"\n\t\t\t\tclass=\"ngg-fancybox\" rel=\"84aafa45ad39bbc16893f234f9d45e1b\">\n\t\t\t\t<img\n\t\t\t\t\ttitle=\"Presentaci\u00f3\"\n\t\t\t\t\talt=\"Presentaci\u00f3\"\n\t\t\t\t\tsrc=\"https:\/\/www.percevalgraells.com\/wp-content\/gallery\/tracant-memories-galeria-asombro-cocentaina-2017\/thumbs\/thumbs_IMG_3577.jpg\"\n\t\t\t\t\twidth=\"240\"\n\t\t\t\t\theight=\"160\"\n\t\t\t\t\tstyle=\"max-width:100%;\"\n\t\t\t\t\/>\n\t\t\t<\/a>\n\t\t<\/div>\n\t\t\t\t\t\t\t<\/div>\n\t\t\t\n\t\t\t\t<div id=\"ngg-image-7\" class=\"ngg-gallery-thumbnail-box\n\t\t\t\t\t\t\t\tngg-3-columns\t\t\t\"\n\t\t\t>\n\t\t\t\t\t\t<div class=\"ngg-gallery-thumbnail\">\n\t\t\t<a href=\"https:\/\/www.percevalgraells.com\/wp-content\/gallery\/tracant-memories-galeria-asombro-cocentaina-2017\/IMG_3585.jpg\"\n\t\t\t\ttitle=\"\"\n\t\t\t\tdata-src=\"https:\/\/www.percevalgraells.com\/wp-content\/gallery\/tracant-memories-galeria-asombro-cocentaina-2017\/IMG_3585.jpg\"\n\t\t\t\tdata-thumbnail=\"https:\/\/www.percevalgraells.com\/wp-content\/gallery\/tracant-memories-galeria-asombro-cocentaina-2017\/thumbs\/thumbs_IMG_3585.jpg\"\n\t\t\t\tdata-image-id=\"457\"\n\t\t\t\tdata-title=\"Presentaci\u00f3\"\n\t\t\t\tdata-description=\"\"\n\t\t\t\tdata-image-slug=\"img_3585\"\n\t\t\t\tclass=\"ngg-fancybox\" rel=\"84aafa45ad39bbc16893f234f9d45e1b\">\n\t\t\t\t<img\n\t\t\t\t\ttitle=\"Presentaci\u00f3\"\n\t\t\t\t\talt=\"Presentaci\u00f3\"\n\t\t\t\t\tsrc=\"https:\/\/www.percevalgraells.com\/wp-content\/gallery\/tracant-memories-galeria-asombro-cocentaina-2017\/thumbs\/thumbs_IMG_3585.jpg\"\n\t\t\t\t\twidth=\"240\"\n\t\t\t\t\theight=\"160\"\n\t\t\t\t\tstyle=\"max-width:100%;\"\n\t\t\t\t\/>\n\t\t\t<\/a>\n\t\t<\/div>\n\t\t\t\t\t\t\t<\/div>\n\t\t\t\n\t\t\t\t<div id=\"ngg-image-8\" class=\"ngg-gallery-thumbnail-box\n\t\t\t\t\t\t\t\tngg-3-columns\t\t\t\"\n\t\t\t>\n\t\t\t\t\t\t<div class=\"ngg-gallery-thumbnail\">\n\t\t\t<a href=\"https:\/\/www.percevalgraells.com\/wp-content\/gallery\/tracant-memories-galeria-asombro-cocentaina-2017\/IMG_2332.jpg\"\n\t\t\t\ttitle=\"\"\n\t\t\t\tdata-src=\"https:\/\/www.percevalgraells.com\/wp-content\/gallery\/tracant-memories-galeria-asombro-cocentaina-2017\/IMG_2332.jpg\"\n\t\t\t\tdata-thumbnail=\"https:\/\/www.percevalgraells.com\/wp-content\/gallery\/tracant-memories-galeria-asombro-cocentaina-2017\/thumbs\/thumbs_IMG_2332.jpg\"\n\t\t\t\tdata-image-id=\"458\"\n\t\t\t\tdata-title=\"Sala\"\n\t\t\t\tdata-description=\"\"\n\t\t\t\tdata-image-slug=\"img_2332\"\n\t\t\t\tclass=\"ngg-fancybox\" rel=\"84aafa45ad39bbc16893f234f9d45e1b\">\n\t\t\t\t<img\n\t\t\t\t\ttitle=\"Sala\"\n\t\t\t\t\talt=\"Sala\"\n\t\t\t\t\tsrc=\"https:\/\/www.percevalgraells.com\/wp-content\/gallery\/tracant-memories-galeria-asombro-cocentaina-2017\/thumbs\/thumbs_IMG_2332.jpg\"\n\t\t\t\t\twidth=\"240\"\n\t\t\t\t\theight=\"160\"\n\t\t\t\t\tstyle=\"max-width:100%;\"\n\t\t\t\t\/>\n\t\t\t<\/a>\n\t\t<\/div>\n\t\t\t\t\t\t\t<\/div>\n\t\t\t\n\t\t\t\t<div id=\"ngg-image-9\" class=\"ngg-gallery-thumbnail-box\n\t\t\t\t\t\t\t\tngg-3-columns\t\t\t\"\n\t\t\t>\n\t\t\t\t\t\t<div class=\"ngg-gallery-thumbnail\">\n\t\t\t<a href=\"https:\/\/www.percevalgraells.com\/wp-content\/gallery\/tracant-memories-galeria-asombro-cocentaina-2017\/Cartel-Perceval-nuevo1.jpg\"\n\t\t\t\ttitle=\"\"\n\t\t\t\tdata-src=\"https:\/\/www.percevalgraells.com\/wp-content\/gallery\/tracant-memories-galeria-asombro-cocentaina-2017\/Cartel-Perceval-nuevo1.jpg\"\n\t\t\t\tdata-thumbnail=\"https:\/\/www.percevalgraells.com\/wp-content\/gallery\/tracant-memories-galeria-asombro-cocentaina-2017\/thumbs\/thumbs_Cartel-Perceval-nuevo1.jpg\"\n\t\t\t\tdata-image-id=\"459\"\n\t\t\t\tdata-title=\"Cartell\"\n\t\t\t\tdata-description=\"\"\n\t\t\t\tdata-image-slug=\"cartel-perceval-nuevo1\"\n\t\t\t\tclass=\"ngg-fancybox\" rel=\"84aafa45ad39bbc16893f234f9d45e1b\">\n\t\t\t\t<img\n\t\t\t\t\ttitle=\"Cartell\"\n\t\t\t\t\talt=\"Cartell\"\n\t\t\t\t\tsrc=\"https:\/\/www.percevalgraells.com\/wp-content\/gallery\/tracant-memories-galeria-asombro-cocentaina-2017\/thumbs\/thumbs_Cartel-Perceval-nuevo1.jpg\"\n\t\t\t\t\twidth=\"240\"\n\t\t\t\t\theight=\"160\"\n\t\t\t\t\tstyle=\"max-width:100%;\"\n\t\t\t\t\/>\n\t\t\t<\/a>\n\t\t<\/div>\n\t\t\t\t\t\t\t<\/div>\n\t\t\t\n\t\n\t<br style=\"clear: both\" \/>\n\n\t\n\t\t<!-- Pagination -->\n\t\t<div class='ngg-clear'><\/div>\t<\/div>\n<\/p>","protected":false},"excerpt":{"rendered":"<p>Exposici\u00f3n Tra\u00e7ant mem\u00f2ries, Galer\u00eda Asombro, Cocentaina &#8211; 2017<\/p>\n","protected":false},"author":2,"featured_media":0,"parent":204,"menu_order":0,"comment_status":"closed","ping_status":"closed","template":"","meta":{"_genesis_hide_title":false,"_genesis_hide_breadcrumbs":false,"_genesis_hide_singular_image":false,"_genesis_hide_footer_widgets":false,"_genesis_custom_body_class":"","_genesis_custom_post_class":"","_genesis_layout":"","ngg_post_thumbnail":0,"footnotes":""},"class_list":{"0":"post-1827","1":"page","2":"type-page","3":"status-publish","5":"entry"},"_links":{"self":[{"href":"https:\/\/www.percevalgraells.com\/fr\/wp-json\/wp\/v2\/pages\/1827","targetHints":{"allow":["GET"]}}],"collection":[{"href":"https:\/\/www.percevalgraells.com\/fr\/wp-json\/wp\/v2\/pages"}],"about":[{"href":"https:\/\/www.percevalgraells.com\/fr\/wp-json\/wp\/v2\/types\/page"}],"author":[{"embeddable":true,"href":"https:\/\/www.percevalgraells.com\/fr\/wp-json\/wp\/v2\/users\/2"}],"replies":[{"embeddable":true,"href":"https:\/\/www.percevalgraells.com\/fr\/wp-json\/wp\/v2\/comments?post=1827"}],"version-history":[{"count":4,"href":"https:\/\/www.percevalgraells.com\/fr\/wp-json\/wp\/v2\/pages\/1827\/revisions"}],"predecessor-version":[{"id":4706,"href":"https:\/\/www.percevalgraells.com\/fr\/wp-json\/wp\/v2\/pages\/1827\/revisions\/4706"}],"up":[{"embeddable":true,"href":"https:\/\/www.percevalgraells.com\/fr\/wp-json\/wp\/v2\/pages\/204"}],"wp:attachment":[{"href":"https:\/\/www.percevalgraells.com\/fr\/wp-json\/wp\/v2\/media?parent=1827"}],"curies":[{"name":"wp","href":"https:\/\/api.w.org\/{rel}","templated":true}]}}