{"id":23,"date":"2016-08-02T08:23:42","date_gmt":"2016-08-02T08:23:42","guid":{"rendered":"http:\/\/www.percevalgraells.com\/?page_id=23"},"modified":"2025-05-07T11:54:43","modified_gmt":"2025-05-07T11:54:43","slug":"noticias","status":"publish","type":"page","link":"https:\/\/www.percevalgraells.com\/fr\/noticias\/","title":{"rendered":"Media"},"content":{"rendered":"<p>[28\/12\/2021] &#8211;&nbsp;<a href=\"http:\/\/www.percevalgraells.com\/wp-content\/uploads\/2023\/10\/2023-10-13-11-53-1.pdf\">La Generalitat adquiere obras de seis artistas alicantinos contempor\u00e1neos<\/a>. R. Fenoll. Cultura y Sociedad<\/p>\n<p>[10\/10\/2021] &#8211;&nbsp;<a href=\"http:\/\/www.percevalgraells.com\/wp-content\/uploads\/2022\/06\/20211010_Arte-y-letras.pdf\" target=\"_blank\"><i>Perceval Graells: Cosiendo heridas, hilando historias.<\/i><\/a>&nbsp;Marisol Salanova.&nbsp;Arte&#038;Letras<\/p>\n<p>[18\/04\/2021] &#8211;&nbsp;<a href=\"https:\/\/www.lavanguardia.com\/local\/valencia\/20210418\/6911071\/maria-perceval.html\" target=\"_blank\"><em>Perceval Graells cose sobre el lienzo las heridas que no pueden olvidarse.<\/em><\/a>&nbsp;Enrique Bolland. La Vanguardia<\/p>\n<p>[13\/11\/2020] &#8211;&nbsp;<a href=\"http:\/\/www.percevalgraells.com\/wp-content\/uploads\/2023\/10\/2023-10-13-11-52-1.pdf\">Doce artistas se encuentran en el MUA<\/a>. Redacci\u00f3n. Cultura y Sociedad<\/p>\n<p>[04\/11\/2020] &#8211;&nbsp;<em><a href=\"https:\/\/www.informacion.es\/arte-letras\/2020\/11\/04\/percival-graells-trae-timing-22236084.html\" target=\"_blank\">Perceval Graells trae Timing.<\/a><\/em>&nbsp;Eduardo Lastres.&nbsp;Diario Informaci\u00f3n<\/p>\n<p>[07\/10\/2020] &#8211;&nbsp;<em><a href=\"http:\/\/www.percevalgraells.com\/wp-content\/uploads\/2022\/06\/Asi\u0301-son-fueron-365-di\u0301as-en-la-vida-Perceval-Graells_-un-debate-entre-tiempo-e-identidad-Alicanteplaza.pdf\" target=\"_blank\">As\u00ed son (fueron) 365 d\u00edas en la vida de Perceval Graells.<\/a><\/em>&nbsp;Miquel Gonz\u00e1lez.&nbsp;Alicante Plaza<\/p>\n<p>[06\/10\/2020] &#8211;&nbsp;<em><a href=\"https:\/\/www.informacion.es\/cultura\/2020\/10\/06\/perceval-graells-partida-doble-15750271.html\" target=\"_blank\">Perceval Graells por partida doble.<\/a><\/em>&nbsp;\u00c1frica Prado. Diario Informaci\u00f3n<\/p>\n<p>[06\/03\/2020.&nbsp;A partir del 97 min] &#8211;&nbsp;<em><a href=\"https:\/\/apuntmedia.es\/va\/a-la-carta\/programes\/vist-en-tv\/la-questio\/06032020-mil-voltes-rebels\" target=\"_blank\">Mil voltes rebels.<\/a><\/em>&nbsp;La Q\u00fcesti\u00f3. \u00c0 punt<\/p>\n<p>[17\/01\/2020] &#8211; \u00ab\u00a0<em><a href=\"https:\/\/ost.torrejuana.es\/perceval-graells-sala-arcos-torre-juana\/\" target=\"_blank\">Vida entre silenci II\u00a0\u00bb de Perceval Graells en la Sala de Arcos de TJ.<\/a><\/em>&nbsp;Redacci\u00f3n.&nbsp;Torre Juana Ost<\/p>\n<p>[25\/12\/2019] &#8211;&nbsp;<em><a href=\"https:\/\/loblanc.info\/clausura-de-la-exposicion-twometwo-de-hans-some-y-perceval-graells\/\" target=\"_blank\">Clausura de la exposici\u00f3n Two|me|two.<\/a><\/em>&nbsp;Redacci\u00f3n. LoBlanc<\/p>\n<p>[24\/09\/2019] &#8211;&nbsp;<em><a href=\"https:\/\/ost.torrejuana.es\/perceval-graells-torre-juana-ost\/\" target=\"_blank\">El rumor de les ones<\/a>.&nbsp;<\/em>Redacci\u00f3n.&nbsp;Torre Juana Ost<\/p>\n<p>[17\/09\/2019] &#8211;&nbsp;<em><a href=\"https:\/\/esdudel.wordpress.com\/2019\/09\/17\/solo-quien-suena-aprende-a-volar-con-perceval-graells\/\" target=\"_blank\">S\u00f3lo quien sue\u00f1a aprende a volar con&#8230;Perceval Graells.<\/a><\/em>&nbsp;Esperanza Dur\u00e1n. Esdudel<\/p>\n<p>[13\/03\/2019] &#8211;&nbsp;&nbsp;<em><a href=\"https:\/\/apuntmedia.es\/va\/a-la-carta\/programes\/escoltat-en-la-radio\/al-ras\/13-03-2019-segona-hora\" target=\"_blank\">Entrevista de radio.<\/a><\/em>&nbsp;Al ras. \u00c0 punt<\/p>\n<p>[07\/12\/2018] &#8211;&nbsp;<em><a href=\"https:\/\/www.diarioinformacion.com\/cultura\/2018\/12\/08\/taller-vistas-perceval-graells\/2095152.html\" target=\"_blank\">El taller con vistas de Perceval Graells.<\/a><\/em>&nbsp;\u00c1frica Prado. Diario Informaci\u00f3n<\/p>\n<p>[02\/07\/2018. A partir del 26:39 min] &#8211;&nbsp;<em><a href=\"https:\/\/apuntmedia.es\/va\/a-la-carta\/programes\/vist-en-tv\/valentes\/valentes-juana-frances\" target=\"_blank\">Juana Franc\u00e9s.<\/a><\/em>&nbsp;Valentes. \u00c0 punt<\/p>\n<p>[08\/10\/2017] &#8211;&nbsp;<a href=\"http:\/\/www.diarioinformacion.com\/cultura\/2017\/10\/07\/perceval-graells-indaga-recuerdos\/1943932.html\" target=\"_blank\"><em>Perceval Graells indaga en sus recuerdos.<\/em><\/a>&nbsp;Diario Informaci\u00f3n<\/p>\n<p>[16\/07\/2016] &#8211;&nbsp;<em><a href=\"http:\/\/www.percevalgraells.com\/wp-content\/uploads\/2020\/05\/2016-07-16.pdf\" target=\"_blank\">Perceval Graells, Colors de l&rsquo;\u00e0nima.<\/a><\/em>&nbsp;Luc\u00eda Romero Segura.&nbsp;El Nostre<\/p>\n<p>[08\/07\/2016] &#8211;&nbsp;<a href=\"http:\/\/www.diarioinformacion.com\/cultura\/2016\/07\/07\/artistas-vistas-mar\/1782448.html\" target=\"_blank\"><em>Artistas con vistas al mar.<\/em><\/a>&nbsp;Redacci\u00f3n. Diario Informaci\u00f3n<\/p>\n<p>[10\/06\/2016] &#8211;&nbsp;<em><a href=\"http:\/\/www.percevalgraells.com\/wp-content\/uploads\/2022\/06\/Labstraccio\u0301-de-Perceval-Graells-ompli-les-parets-del-Centre-Cultural-_-Pagina-66-Noticias-de-Alcoy-y-de-El-Comtat.pdf\" target=\"_blank\">L&rsquo;abstracci\u00f3 de Perceval Graells ompli les parets del centre cultural.<\/a>&nbsp;<\/em>Redacci\u00f3n<\/p>\n<p>[03\/06\/2016] &#8211;&nbsp;<em><a href=\"http:\/\/www.diarioinformacion.com\/cultura\/2016\/06\/01\/perceval-graells-pinta-infancia\/1768218.html\" target=\"_blank\">Perceval Graells recorre su infancia a trav\u00e9s del arte en La Llotgeta de Valencia.<\/a><\/em>&nbsp;\u00c1frica Prado. Diario Informaci\u00f3n<\/p>\n<p>[02\/06\/2016] &#8211;&nbsp;<em><a href=\"http:\/\/www.percevalgraells.com\/wp-content\/uploads\/2020\/05\/01-LEVANTE-02.06.2016.pdf\" target=\"_blank\">Perceval Graells muestra el trazo de su memoria en La Llotgeta.<\/a><\/em>&nbsp;J.C. Mart\u00ed. Levante<\/p>\n<p>[01\/06\/2016] &#8211;&nbsp;<a href=\"http:\/\/www.percevalgraells.com\/wp-content\/uploads\/2020\/05\/02-INFORMACION-01.06.2016-1.pdf\" target=\"_blank\"><em>Perceval Graells pinta su infancia.<\/em><\/a>&nbsp;\u00c1frica Prado. Diario Informaci\u00f3n.<\/p>\n<p>[31\/05\/2016] &#8211;&nbsp;<a href=\"https:\/\/www.makma.net\/perceval-graells-traza-su-memoria\/\" target=\"_blank\"><em>Perceval Graells traza su memoria.<\/em><\/a>&nbsp;MAKMA<\/p>\n<p>[30\/05\/2016] &#8211;&nbsp;<em><a href=\"https:\/\/cadenaser.com\/emisora\/2016\/05\/30\/radio_valencia\/1464602964_129104.html\" target=\"_blank\">El viaje a la infancia de Perceval Graells.<\/a><\/em>&nbsp;Nerea Castro. Ser<\/p>\n<p>[29\/05\/2016] &#8211;&nbsp;<em><a href=\"http:\/\/www.percevalgraells.com\/wp-content\/uploads\/2022\/06\/03-CULTUR-PLAZA-29.05.2016.pdf\" target=\"_blank\">Perceval Graells recupera la luz del Mediterr\u00e1neo en \u00ab\u00a0Tra\u00e7ant mem\u00f2ries\u00a0\u00bb<\/a>.<\/em>&nbsp;C.G. Valencia Plaza<\/p>\n<p>[08\/04\/2016] &#8211;&nbsp;<em><a href=\"https:\/\/www.javea.com\/exposicion-secret-garden-de-perceval-graells-hans-some-en-la-casa-del-cable\/\">Exposici\u00f3n Secret garden.<\/a><\/em>&nbsp;Cultura. X\u00e0bia.com<\/p>\n<p>[08\/04\/2016] &#8211;&nbsp;<em><a href=\"http:\/\/www.percevalgraells.com\/wp-content\/uploads\/2020\/05\/04-INFORMACION-07.04.2016.jpg\">Un di\u00e1logo entre la pintura y la escultura.<\/a><\/em>&nbsp;\u00c1frica Prado. Diario Informaci\u00f3n<\/p>\n<p>[07\/03\/2016] &#8211;&nbsp;<a href=\"http:\/\/www.pandora-magazine.com\/arte\/entrevista-perceval-graells\/\" target=\"_blank\"><em>Entrevista a Perceval Graells.<\/em><\/a>&nbsp;Ver\u00f3nica L\u00f3pez L\u00f3pez. Pandora Magazine<\/p>\n<p>[01\/03\/2016] &#8211;&nbsp;<a href=\"http:\/\/www.percevalgraells.com\/wp-content\/uploads\/2020\/05\/05-INFORMACION-28.02.2016.png\"><em>Tinta, car\u00e1cter y libertad de interpretaci\u00f3n.<\/em><\/a>&nbsp;A. V. Diario Informaci\u00f3n<\/p>\n<p>[21\/02\/2015] &#8211;&nbsp;<a href=\"http:\/\/alicantinos.wordpress.com\/tag\/maria-perceval-graells\/\">Diccionario de pintores alicantinos.<\/a>&nbsp;<\/p>\n<p>[25\/11\/2015] &#8211;&nbsp;<em><a href=\"http:\/\/www.percevalgraells.com\/wp-content\/uploads\/2016\/08\/D-DIARIO-INFORMACION-22-NOV-ALICANTE-Alicante-pag-71.pdf\" target=\"_blank\">Como pez en la luz<\/a>.&nbsp;<\/em>Jos\u00e9 Luis Ferris.<em>&nbsp;<\/em>Diario Informaci\u00f3n<\/p>\n<p>[14\/10\/2015] &#8211;&nbsp;<a href=\"http:\/\/www.percevalgraells.com\/wp-content\/uploads\/2016\/08\/INFORMACION-14.10.2015.pdf\" target=\"_blank\"><em>Arte \u00faltimo se despide con un homenaje a sus artistas.<\/em><\/a>&nbsp;\u00c1frica Prado. Diario Informaci\u00f3n<\/p>\n<p>[16\/09\/2015] &#8211;&nbsp;<a href=\"http:\/\/www.percevalgraells.com\/wp-content\/uploads\/2022\/06\/07-LEVANTE-16.09.2015.pdf\" target=\"_blank\"><em>L&rsquo;abstracci\u00f3 de Perceval Graells arriba a NY.<\/em><\/a>&nbsp;\u00c1frica Prado. Levante<\/p>\n<p>[16\/09\/2015] &#8211;&nbsp;<em><a href=\"http:\/\/www.percevalgraells.com\/wp-content\/uploads\/2017\/10\/image1.jpg\" target=\"_blank\">La abstracci\u00f3n de Perceval Graells llega a Nueva York.<\/a><\/em>&nbsp;\u00c1frica Prado.&nbsp;Diario Informaci\u00f3n<\/p>\n<p>[30\/04\/2015] &#8211;&nbsp;<em><a href=\"http:\/\/www.diarioinformacion.com\/suscriptor\/arte-letras\/2015\/04\/30\/hay-ver-pintura-abstraer-mirada\/1626954.html\" target=\"_blank\">Hay que ver mucha pintura para abstraer la mirada.<\/a><\/em>&nbsp;Jos\u00e9 Luis Mart\u00ednez Meseguer. Diario Informaci\u00f3n<\/p>\n<p>[21\/04\/2015] &#8211;&nbsp;<a href=\"http:\/\/www.percevalgraells.com\/wp-content\/uploads\/2022\/06\/09-PAC-21.04.2015.pdf\" target=\"_blank\"><em>Entrevista a Perceval Graells.<\/em><\/a>&nbsp;Jos\u00e9 Luis Mart\u00ednez Meseguer. PAC<\/p>\n<p>[08\/04\/2015] &#8211;&nbsp;<a href=\"http:\/\/www.percevalgraells.com\/wp-content\/uploads\/2022\/06\/La-Casa-Municipal-de-Cultura-inaugura-este-jueves-una-exposicio\u0301n-de-pintura-de-Mari\u0301a-Perceval-Graells.pdf\" target=\"_blank\"><em>La Casa Municipal de Cultura inaugura este jueves una exposici\u00f3n de pintura de Perceval Graells.<\/em><\/a>&nbsp;El Periodic<\/p>\n<p>[02\/07\/2013] &#8211;&nbsp;<a href=\"https:\/\/culturasuicida.com\/2013\/07\/02\/aperitive-arte-entrevista-a-la-artista-percevalgraells\/\"><em>Aperitive-Arte\/ Entrevista a la artista Perceval Graells.<\/em><\/a>&nbsp;Cultura Suicida<\/p>\n<p>[24\/05\/2013] &#8211;&nbsp;<a href=\"http:\/\/www.percevalgraells.com\/wp-content\/uploads\/2022\/06\/Informacion20130524_p63.pdf\" target=\"_blank\"><em>Una obra de arte por implante dental.<\/em><\/a>&nbsp;\u00c1frica Prado. Diario Informaci\u00f3n<\/p>\n<p>[08\/05\/2013] &#8211;&nbsp;<a href=\"http:\/\/www.percevalgraells.com\/wp-content\/uploads\/2022\/06\/Parking-Gallery-selecciona-25-obras-para-el-intercambio-de-arte-_Changeart_-Informacio\u0301n.pdf\" target=\"_blank\"><em>Parking Gallery selecciona 25 obras para el intercambio de arte \u00ab\u00a0Changeart\u00a0\u00bb.<\/em><\/a>&nbsp;A. P. Diario Informaci\u00f3n<\/p>\n<p>[07\/05\/2013] &#8211;&nbsp;<a href=\"https:\/\/changeartalicante.wordpress.com\/multimedia\/\" target=\"_blank\"><em>Changeart.<\/em><\/a>&nbsp;El primer evento de intercambio de arte en Alicante<\/p>\n<p>[01\/03\/2013] &#8211;&nbsp;<em><a href=\"https:\/\/www.macvac.es\/artista\/perceval-graells-maria\/\" target=\"_blank\">MACVAC.<\/a><\/em>&nbsp;Museu d&rsquo;Art Contemporani Vicente Aguilera Cerni. Vilafam\u00e9s. Castell\u00f3<\/p>\n<p>[22\/02\/2013] &#8211;&nbsp;<em><a href=\"http:\/\/www.youtube.com\/watch?v=QwC6cdrR_4k\" target=\"_blank\">V\u00eddeo.<\/a><\/em>&nbsp;Eduardo Lastres y Guillermina Perales<\/p>\n<p>[24\/09\/2012] &#8211;&nbsp;<em><a href=\"http:\/\/www.percevalgraells.com\/wp-content\/uploads\/2017\/10\/perceval-graells.pdf\" target=\"_blank\">Perceval Graells: potencia expresiva.<\/a><\/em>&nbsp;Joan-Vicent Hern\u00e1ndez. El Mundo<\/p>\n<p>[11\/09\/2012] &#8211;&nbsp;<em><a href=\"http:\/\/www.percevalgraells.com\/wp-content\/uploads\/2022\/06\/Mesa-redonda-sobre-la-artista-Perceval-Graells-Informacio\u0301n.pdf\" target=\"_blank\">Mesa redonda sobre la artista Perceval Graells.<\/a><\/em>&nbsp;Cultura. Diario Informaci\u00f3n<\/p>\n<p>[26\/08\/2012] &#8211;&nbsp;<em><a href=\"http:\/\/www.percevalgraells.com\/wp-content\/uploads\/2022\/06\/13-LA-VERDAD-24.08.2012.jpg\" target=\"_blank\">La fuerza abstracta de la juventud.<\/a><\/em>&nbsp;P. P. La Verdad<\/p>\n<p>[24\/08\/2012] &#8211;&nbsp;<a href=\"http:\/\/www.percevalgraells.com\/wp-content\/uploads\/2022\/06\/Trazos-armo\u0301nicos-para-expresarse-_-Comunidad-Valenciana-_-EL-PAI\u0301S.pdf\" target=\"_blank\"><em>Trazos arm\u00f3nicos para expresarse<\/em>.<\/a>&nbsp;Ezequiel Molt\u00f3. El Pa\u00eds<\/p>\n<p>[24\/08\/2012] &#8211;&nbsp;<em><a href=\"http:\/\/www.percevalgraells.com\/wp-content\/uploads\/2022\/06\/12-INFORMACION-24.08.2012.pdf\" target=\"_blank\">Perceval Graells muestra en La Lonja su pintura abstracta.<\/a><\/em>&nbsp;\u00c1frica Prado. Diario Informaci\u00f3n<\/p>\n<p>[24\/08\/2012] &#8211;&nbsp;&nbsp;<em><a href=\"http:\/\/www.percevalgraells.com\/wp-content\/uploads\/2022\/06\/El-proyecto-divulgativo-_Arte-u\u0301ltimo.-21-di\u0301as_-llega-a-su-ecuador-con-la-exposicio\u0301n-de-Perceval-Graells-en-la-Lonja.pdf\" target=\"_blank\">El proyecto divulgativo \u00ab\u00a0Arte \u00daltimo. 21 d\u00edas\u00a0\u00bb llega a su ecuador.<\/a><\/em>&nbsp;Cultura. El Peri\u00f2dic<\/p>\n<p>[24\/08\/2012] &#8211;&nbsp;<em><a href=\"http:\/\/www.noticiascv.com\/arte-ultimo-21-dias-llega-a-su-ecuador-con-la-exposicion-de-perceval-graells-en-la-lonja\/\" target=\"_blank\">\u00ab\u00a0Arte \u00faltimo. 21 d\u00edas\u00a0\u00bb llega a su ecuador.<\/a>&nbsp;<\/em>Noticias CV<\/p>\n<p>[25\/08\/2012] &#8211;&nbsp;<em><a href=\"http:\/\/www.diarioinformacion.com\/cultura\/2012\/08\/25\/abstraccion-perceval-graells-alicante\/1287694.html\" target=\"_blank\">La abstracci\u00f3n de Perceval Graells, en Alicante.<\/a><\/em>&nbsp;Cultura. Diario Informaci\u00f3n<\/p>\n<p>[11\/09\/2012] &#8211;&nbsp;<em><a href=\"http:\/\/www.percevalgraells.com\/wp-content\/uploads\/2022\/06\/Entrevista-coloquio-con-la-pintora-Perceval-Graells-que-expone-en-la-Lonja-dentro-de-_Arte-u\u0301ltimo.-21-di\u0301as__.pdf\" target=\"_blank\">Entrevista coloquio con la pintora Perceval Graells.<\/a>&nbsp;<\/em>Cultura. El Peri\u00f2dic<\/p>\n<p>[05\/04\/2012] &#8211;&nbsp;<a href=\"http:\/\/www.percevalgraells.com\/wp-content\/uploads\/2022\/06\/Art21.pdf\" target=\"_blank\"><em>Arte \u00faltimo. 21 d\u00edas.<\/em><\/a>&nbsp;Redacci\u00f3n. Diario Informaci\u00f3n<\/p>\n<p>[17\/05\/2009] &#8211;&nbsp;<a href=\"http:\/\/foto-cache.laverdad.es\/jpg\/9\/7\/1242587641879.jpg\" target=\"_blank\">Zapatero y el Primer Ministro Noruego en L&rsquo;Alf\u00e0s del Pi.<\/a>&nbsp;Multimedia. La Verdad<\/p>\n<p>[17\/05\/2009] &#8211;&nbsp;<a href=\"https:\/\/www.laverdad.es\/albacete\/multimedia\/fotos\/36003.html\" target=\"_blank\">Zapatero y el Primer Ministro Noruego en L&rsquo;Alf\u00e0s del Pi.<\/a>&nbsp;Multimedia. La Verdad<\/p>\n<p>[16\/05\/2008] &#8211;&nbsp;<em><a href=\"http:\/\/www.percevalgraells.com\/wp-content\/uploads\/2017\/10\/La-Verdad.jpg\" target=\"_blank\">Un gesto en el silencio.<\/a>&nbsp;<\/em>Redacci\u00f3n. La Verdad<\/p>\n<p>[25\/04\/2008] &#8211;&nbsp;<em><a href=\"http:\/\/www.percevalgraells.com\/wp-content\/uploads\/2016\/08\/Informacio\u0301n-fin-de-semana.pdf\" target=\"_blank\">Firmes trazos para el silencio.<\/a><\/em>&nbsp;Redacci\u00f3n. Diario Informaci\u00f3n<\/p>\n<p>[06\/07\/2006] &#8211;&nbsp;<em><a href=\"http:\/\/www.euroresidentes.com\/cultura\/mira-perceval-graells.htm\" target=\"_blank\">Agenda.<\/a><\/em>&nbsp;Euroresidentes<\/p>\n<p>&nbsp;<\/p>\n","protected":false},"excerpt":{"rendered":"<p>[28\/12\/2021] &#8211;&nbsp;La Generalitat adquiere obras de seis artistas alicantinos contempor\u00e1neos. R. Fenoll. Cultura y Sociedad [10\/10\/2021] &#8211;&nbsp;Perceval Graells: Cosiendo heridas, hilando historias.&nbsp;Marisol Salanova.&nbsp;Arte&#038;Letras [18\/04\/2021] &#8211;&nbsp;Perceval Graells cose sobre el lienzo las heridas que no pueden olvidarse.&nbsp;Enrique Bolland. La Vanguardia [13\/11\/2020] &#8211;&nbsp;Doce artistas se encuentran en el MUA. Redacci\u00f3n. Cultura y Sociedad [04\/11\/2020] &#8211;&nbsp;Perceval Graells trae Timing.&nbsp;Eduardo Lastres.&nbsp;Diario Informaci\u00f3n [07\/10\/2020] &#8211;&nbsp;As\u00ed&#8230; <a class=\"more-link\" href=\"https:\/\/www.percevalgraells.com\/fr\/noticias\/\">Read More<\/a><\/p>\n","protected":false},"author":1,"featured_media":24,"parent":0,"menu_order":0,"comment_status":"closed","ping_status":"closed","template":"","meta":{"_genesis_hide_title":false,"_genesis_hide_breadcrumbs":false,"_genesis_hide_singular_image":false,"_genesis_hide_footer_widgets":false,"_genesis_custom_body_class":"","_genesis_custom_post_class":"","_genesis_layout":"","ngg_post_thumbnail":0,"footnotes":""},"class_list":{"0":"post-23","1":"page","2":"type-page","3":"status-publish","4":"has-post-thumbnail","6":"entry"},"_links":{"self":[{"href":"https:\/\/www.percevalgraells.com\/fr\/wp-json\/wp\/v2\/pages\/23","targetHints":{"allow":["GET"]}}],"collection":[{"href":"https:\/\/www.percevalgraells.com\/fr\/wp-json\/wp\/v2\/pages"}],"about":[{"href":"https:\/\/www.percevalgraells.com\/fr\/wp-json\/wp\/v2\/types\/page"}],"author":[{"embeddable":true,"href":"https:\/\/www.percevalgraells.com\/fr\/wp-json\/wp\/v2\/users\/1"}],"replies":[{"embeddable":true,"href":"https:\/\/www.percevalgraells.com\/fr\/wp-json\/wp\/v2\/comments?post=23"}],"version-history":[{"count":149,"href":"https:\/\/www.percevalgraells.com\/fr\/wp-json\/wp\/v2\/pages\/23\/revisions"}],"predecessor-version":[{"id":4671,"href":"https:\/\/www.percevalgraells.com\/fr\/wp-json\/wp\/v2\/pages\/23\/revisions\/4671"}],"wp:featuredmedia":[{"embeddable":true,"href":"https:\/\/www.percevalgraells.com\/fr\/wp-json\/wp\/v2\/media\/24"}],"wp:attachment":[{"href":"https:\/\/www.percevalgraells.com\/fr\/wp-json\/wp\/v2\/media?parent=23"}],"curies":[{"name":"wp","href":"https:\/\/api.w.org\/{rel}","templated":true}]}}