{"id":109,"date":"2016-08-02T18:13:43","date_gmt":"2016-08-02T18:13:43","guid":{"rendered":"http:\/\/www.percevalgraells.com\/?page_id=109"},"modified":"2025-11-17T13:30:00","modified_gmt":"2025-11-17T13:30:00","slug":"obra","status":"publish","type":"page","link":"https:\/\/www.percevalgraells.com\/it\/obra\/","title":{"rendered":"Opera"},"content":{"rendered":"<p style=\"text-align: justify;\"><div class=\"row \"><\/p>\n<div class=\"col-lg-4 col-md-12 col-xs-12 col-sm-12\"><\/p>\n<p><a href=\"http:\/\/www.percevalgraells.com\/camins-per-cosir\/\">Camins per cosir<\/a><br \/>\n2022<\/p>\n<p><a href=\"http:\/\/www.percevalgraells.com\/ferides-de-lanima\/\">Ferides de l&#8217;\u00e0nima<\/a><br \/>\n2021-2023<\/p>\n<p><a href=\"http:\/\/www.percevalgraells.com\/filant-prim\/\">Filant prim<\/a><br \/>\n2020<\/p>\n<p><a href=\"http:\/\/www.percevalgraells.com\/silencis\/\">Silencis<\/a><br \/>\n2019<\/p>\n<p><a href=\"http:\/\/www.percevalgraells.com\/365-2\/\">365 Degrees<\/a><br \/>\n2018<\/p>\n<p><a href=\"http:\/\/www.percevalgraells.com\/notas-y-vivencias\/\">Notas y vivencias<\/a><br \/>\n2018<\/p>\n<p><a href=\"http:\/\/www.percevalgraells.com\/glopets-de-mar\/\">Glopets de mar<\/a><br \/>\n2017 &#8211; 2019<\/p>\n<p><a href=\"http:\/\/www.percevalgraells.com\/untol-tales\/\">Untold tales<\/a><br \/>\n2016<\/p>\n<p><a href=\"http:\/\/www.percevalgraells.com\/index.php\/obra\/tracant-memories\/\">Tra\u00e7ant mem\u00f2ries<\/a><br \/>\n2016<\/p>\n<p><a href=\"http:\/\/www.percevalgraells.com\/index.php\/obra\/rayuela\/\">Rayuela<\/a><br \/>\n2015<\/p>\n<p><a href=\"http:\/\/www.percevalgraells.com\/index.php\/moments\/\">Moments<\/a><br \/>\n2015<\/p>\n<p><a href=\"http:\/\/www.percevalgraells.com\/index.php\/obra\/lutetia\/\">Lutetia<\/a><br \/>\n2014<\/p>\n<p><a href=\"http:\/\/www.percevalgraells.com\/index.php\/obra\/deconstruccion\/\">Deconstrucci\u00f3n<\/a><br \/>\n2013<\/p>\n<p><a href=\"http:\/\/www.percevalgraells.com\/index.php\/obra\/un-momento-un-lugar\/\">Un momento. Un lugar<\/a><br \/>\n2012<\/p>\n<p><a href=\"http:\/\/www.percevalgraells.com\/index.php\/obra\/kilometros-de-color\/\">Kil\u00f3metros de color<\/a><br \/>\n2011 &#8211; 2012<\/p>\n<p><a href=\"http:\/\/www.percevalgraells.com\/index.php\/obra\/instantes-en-un-espacio\/\">Instantes en un espacio<\/a><br \/>\n2009 &#8211; 2011<\/p>\n<p><a href=\"http:\/\/www.percevalgraells.com\/index.php\/obra\/huellas-en-el-tiempo\/\">Huellas en el tiempo<\/a><br \/>\n2008<\/p>\n<p><a href=\"http:\/\/www.percevalgraells.com\/index.php\/obra\/un-gesto-en-el-silencio\/\">Un gesto en el silencio<\/a><br \/>\n2007<\/p>\n<p><a href=\"http:\/\/www.percevalgraells.com\/index.php\/obra\/mirando-al-cielo\/\">Mirando al cielo<\/a><br \/>\n2006<\/p>\n<p>Figurativos<\/p>\n<p><\/div>\n<div class=\"col-lg-8 col-md-12 col-xs-12 col-sm-12\"><\/p>\n<p style=\"text-align: justify;\">Istanti di sogni, dolore, allegria\u2026 tutti sempre nello stesso spazio: un supporto e il mio studio. Come in un diario emergono attraverso il colore e le forme tutti quei sentimenti interiori per poter essere osservati attraverso lo sguardo.<\/p>\n<p style=\"text-align: justify;\">Dipingere \u00e8 una necessit\u00e0, \u00e8 strettamente legata alla vita di ogni artista ed \u00e8 un continuo dialogo tra l\u2019opera e il pittore. La tela \u00e8 il diario dell\u2019artista, dove racconta o esprime le sue emozioni e il suoi sentimenti, dove pu\u00f2 arrivare a trasporre qualsiasi idea, anche la pi\u00f9 astratta, come un suono o un poema, senza dover aver bisogno di un\u2019immagine reale come punto di riferimento. Il linguaggio della pittura astratta non vuole essere n\u00e9 bello n\u00e9 decorativo, vuole andare oltre la descrizione ovvia, vuole arrivare fino all\u2019interno delle cose, vuole essere il lessico di un linguaggio nuovo. Deve essere in grado di trasmettere sensazioni e di emozionare, di essere un tutto che unisce la vita e l\u2019arte.<\/p>\n<p style=\"text-align: justify;\">L\u2019uso del gesto che mi interessa \u00e8 quello vincolato all\u2019astrazione, all\u2019automatismo e, in particolare, all\u2019espressionismo astratto. Cerco di trasmettere emozioni allo spettatore attraverso l\u2019espressione del gesto e del colore. Non provo a descrivere ci\u00f2 che vedo ma cerco di esprimere quello che vedo e come mi sento attraverso tali osservazioni. In questo modo assumo le chiavi di un linguaggio non descrittivo nel quale entrano in gioco le nostre percezioni e le nostre emozioni e mediante il quale cerco di trovare equivalenti visivi per cose immateriali e personali, emozioni, sensazioni e pensieri. \u00c8 attraverso questa pittura gestuale che la mia vita interiore esce allo scoperto e, come risultato, esprimo la mia personale visione del mondo.<\/p>\n<p style=\"text-align: justify;\"><\/div>\n<p style=\"text-align: justify;\"><\/div><\/p>\n","protected":false},"excerpt":{"rendered":"","protected":false},"author":1,"featured_media":0,"parent":0,"menu_order":0,"comment_status":"closed","ping_status":"closed","template":"","meta":{"_genesis_hide_title":false,"_genesis_hide_breadcrumbs":false,"_genesis_hide_singular_image":false,"_genesis_hide_footer_widgets":false,"_genesis_custom_body_class":"","_genesis_custom_post_class":"","_genesis_layout":"","ngg_post_thumbnail":0,"footnotes":""},"class_list":{"0":"post-109","1":"page","2":"type-page","3":"status-publish","5":"entry"},"_links":{"self":[{"href":"https:\/\/www.percevalgraells.com\/it\/wp-json\/wp\/v2\/pages\/109","targetHints":{"allow":["GET"]}}],"collection":[{"href":"https:\/\/www.percevalgraells.com\/it\/wp-json\/wp\/v2\/pages"}],"about":[{"href":"https:\/\/www.percevalgraells.com\/it\/wp-json\/wp\/v2\/types\/page"}],"author":[{"embeddable":true,"href":"https:\/\/www.percevalgraells.com\/it\/wp-json\/wp\/v2\/users\/1"}],"replies":[{"embeddable":true,"href":"https:\/\/www.percevalgraells.com\/it\/wp-json\/wp\/v2\/comments?post=109"}],"version-history":[{"count":60,"href":"https:\/\/www.percevalgraells.com\/it\/wp-json\/wp\/v2\/pages\/109\/revisions"}],"predecessor-version":[{"id":4768,"href":"https:\/\/www.percevalgraells.com\/it\/wp-json\/wp\/v2\/pages\/109\/revisions\/4768"}],"wp:attachment":[{"href":"https:\/\/www.percevalgraells.com\/it\/wp-json\/wp\/v2\/media?parent=109"}],"curies":[{"name":"wp","href":"https:\/\/api.w.org\/{rel}","templated":true}]}}